
{"id":1042,"date":"2015-10-08T10:38:10","date_gmt":"2015-10-08T10:38:10","guid":{"rendered":"http:\/\/silo.dk\/?page_id=1042"},"modified":"2018-05-09T12:43:47","modified_gmt":"2018-05-09T12:43:47","slug":"kontakt-os","status":"publish","type":"page","link":"https:\/\/silo.dk\/de\/kontakt-os\/","title":{"rendered":"Kontakt"},"content":{"rendered":"<p><\/p>\n<div class=\"enigma_heading_title\">\n<h3>Nehmen Sie Kontakt mit uns<\/h3>\n<p class=\"sub-title\">Wir k\u00fcmmern uns um unsere Kunden, so dass Sie willkommen, uns f\u00fcr Dienstleistungen, Beratung, Bestellungen, Fragen, etc. in Verbindung zu treten.<\/p>\n<\/div>\n<ul title=\"\" data-original-title=\"\">\n<h3><i class=\"fa fa-home\">  Mosegaard Silo A\/S<br \/>\n<\/i> <\/h3>\n<\/ul>\n<ul title=\"\" data-original-title=\"\">\n<h3><i class=\"fa fa-phone\">  Telefon:<br \/>\n+45 9713 1547<\/i> <\/h3>\n<\/ul>\n<ul title=\"\" data-original-title=\"\">\n<h3><i class=\"fa fa-envelope-square\">   Allgemeine Information:<br \/>\n<a href=\"mailto:mosegaard@silo.dk\">mosegaard@silo.dk<\/a><\/i><\/h3>\n<\/ul>\n<ul title=\"\" data-original-title=\"\">\n<h3><i class=\"fa fa-clock-o\">   Arbeitsstunden:<br \/>\nMontag &#8211; Donnerstag 08.00 &#8211; 16.00 Freitag 08.00 &#8211; 13.00 <\/i> <\/h3>\n<\/ul>\n<ul title=\"\" data-original-title=\"\">\n<h3><i class=\"fa fa-map-marker\">    Wo sind wir<br \/>\nJupitervej 16A, 7620 Lemvig D\u00e4nemark <\/i> <\/h3>\n<\/ul>\n<p><iframe loading=\"lazy\" src=\"https:\/\/maps.google.com\/maps?t=m&amp;hl=da&amp;gl=US&amp;mapclient=embed&amp;q=Jupitervej+16A+7620+Lemvig+Danmark&amp;ie=UTF8&amp;hq=&amp;hnear=Jupitervej+16A,+7620+Lemvig,+Danmark&amp;ll=56.613206,8.56756&amp;spn=0.658968,1.766052&amp;z=9&amp;output=embed\" width=\"1140\" height=\"400\" frameborder=\"0\" marginwidth=\"0\" marginheight=\"0\" scrolling=\"no\"><\/iframe><br \/>\n\n<div class=\"wpcf7 no-js\" id=\"wpcf7-f1176-o3\" lang=\"de-DE\" dir=\"ltr\" data-wpcf7-id=\"1176\">\n<div class=\"screen-reader-response\"><p role=\"status\" aria-live=\"polite\" aria-atomic=\"true\"><\/p> <ul><\/ul><\/div>\n<form action=\"\/de\/wp-json\/wp\/v2\/pages\/1042#wpcf7-f1176-o3\" method=\"post\" class=\"wpcf7-form init\" aria-label=\"Kontaktformular\" novalidate=\"novalidate\" data-status=\"init\">\n<fieldset class=\"hidden-fields-container\"><input type=\"hidden\" name=\"_wpcf7\" value=\"1176\" \/><input type=\"hidden\" name=\"_wpcf7_version\" value=\"6.1.5\" \/><input type=\"hidden\" name=\"_wpcf7_locale\" value=\"de_DE\" \/><input type=\"hidden\" name=\"_wpcf7_unit_tag\" value=\"wpcf7-f1176-o3\" \/><input type=\"hidden\" name=\"_wpcf7_container_post\" value=\"0\" \/><input type=\"hidden\" name=\"_wpcf7_posted_data_hash\" value=\"\" \/>\n<\/fieldset>\n<p>Ihr Name *\n<\/p>\n<p><span class=\"wpcf7-form-control-wrap\" data-name=\"your-name\"><input size=\"40\" maxlength=\"400\" class=\"wpcf7-form-control wpcf7-text wpcf7-validates-as-required\" aria-required=\"true\" aria-invalid=\"false\" value=\"\" type=\"text\" name=\"your-name\" \/><\/span>\n<\/p>\n<p>Ihre E-Mail-Adresse *\n<\/p>\n<p><span class=\"wpcf7-form-control-wrap\" data-name=\"your-email\"><input size=\"40\" maxlength=\"400\" class=\"wpcf7-form-control wpcf7-email wpcf7-validates-as-required wpcf7-text wpcf7-validates-as-email\" aria-required=\"true\" aria-invalid=\"false\" value=\"\" type=\"email\" name=\"your-email\" \/><\/span>\n<\/p>\n<p>Tel.\n<\/p>\n<p><span class=\"wpcf7-form-control-wrap\" data-name=\"tel-424\"><input size=\"40\" maxlength=\"400\" class=\"wpcf7-form-control wpcf7-tel wpcf7-text wpcf7-validates-as-tel\" aria-invalid=\"false\" value=\"\" type=\"tel\" name=\"tel-424\" \/><\/span>\n<\/p>\n<p>Firmenname\n<\/p>\n<p><span class=\"wpcf7-form-control-wrap\" data-name=\"text-685\"><input size=\"40\" maxlength=\"400\" class=\"wpcf7-form-control wpcf7-text\" aria-invalid=\"false\" value=\"\" type=\"text\" name=\"text-685\" \/><\/span>\n<\/p>\n<p>Betreff\n<\/p>\n<p><span class=\"wpcf7-form-control-wrap\" data-name=\"your-subject\"><input size=\"40\" maxlength=\"400\" class=\"wpcf7-form-control wpcf7-text\" aria-invalid=\"false\" value=\"\" type=\"text\" name=\"your-subject\" \/><\/span>\n<\/p>\n<p>Ihre Nachricht\n<\/p>\n<p><span class=\"wpcf7-form-control-wrap\" data-name=\"your-message\"><textarea cols=\"40\" rows=\"10\" maxlength=\"2000\" class=\"wpcf7-form-control wpcf7-textarea\" aria-invalid=\"false\" name=\"your-message\"><\/textarea><\/span>\n<\/p>\n<p><button id=\"query_submit\" class=\"enigma_send_button\" name=\"query_submit\" type=\"submit\">Senden<\/button>\n<\/p><p style=\"display: none !important;\" class=\"akismet-fields-container\" data-prefix=\"_wpcf7_ak_\"><label>&#916;<textarea name=\"_wpcf7_ak_hp_textarea\" cols=\"45\" rows=\"8\" maxlength=\"100\"><\/textarea><\/label><input type=\"hidden\" id=\"ak_js_3\" name=\"_wpcf7_ak_js\" value=\"49\"\/><script type=\"text\/javascript\">\n\/* <![CDATA[ *\/\ndocument.getElementById( \"ak_js_3\" ).setAttribute( \"value\", ( new Date() ).getTime() );\n\/* ]]> *\/\n<\/script>\n<\/p><div class=\"wpcf7-response-output\" aria-hidden=\"true\"><\/div>\n<\/form>\n<\/div>\n<\/p>\n<p><\/p>","protected":false},"excerpt":{"rendered":"<p>Nehmen Sie Kontakt mit uns Wir k\u00fcmmern uns um unsere Kunden, so dass Sie willkommen, uns f\u00fcr Dienstleistungen, Beratung, Bestellungen, Fragen, etc. in Verbindung zu treten. Mosegaard Silo A\/S Telefon: +45 9713 1547 Allgemeine Information: mosegaard@silo.dk Arbeitsstunden: Montag &#8211; Donnerstag 08.00 &#8211; 16.00 Freitag 08.00 &#8211; 13.00 Wo sind wir Jupitervej 16A, 7620 Lemvig D\u00e4nemark<\/p>\n","protected":false},"author":1,"featured_media":0,"parent":0,"menu_order":0,"comment_status":"closed","ping_status":"closed","template":"fullwidth.php","meta":{"_monsterinsights_skip_tracking":false,"_monsterinsights_sitenote_active":false,"_monsterinsights_sitenote_note":"","_monsterinsights_sitenote_category":0,"footnotes":""},"class_list":["post-1042","page","type-page","status-publish","hentry"],"yoast_head":"<!-- This site is optimized with the Yoast SEO plugin v27.5 - https:\/\/yoast.com\/product\/yoast-seo-wordpress\/ -->\n<title>Kontakt - Moseg\u00e5rd Silo A\/S<\/title>\n<meta name=\"description\" content=\"Kom i kontakt med os i dag! Vi interesserer os for vores kunder, s\u00e5 du er velkommen til at kontakte os om serviceydelser, r\u00e5dgivning, ordrer, sp\u00f8rgsm\u00e5l osv.\" \/>\n<meta name=\"robots\" content=\"index, follow, max-snippet:-1, max-image-preview:large, max-video-preview:-1\" \/>\n<link rel=\"canonical\" href=\"https:\/\/silo.dk\/de\/kontakt-os\/\" \/>\n<meta property=\"og:locale\" content=\"de_DE\" \/>\n<meta property=\"og:type\" content=\"article\" \/>\n<meta property=\"og:title\" content=\"[:DA]Kontakt os[:en]Contact us[:de]Kontakt[:sv]Kontakta oss[:pl]Kontakt[:] - Moseg\u00e5rd Silo A\/S\" \/>\n<meta property=\"og:description\" content=\"Kom i kontakt med os i dag! Vi interesserer os for vores kunder, s\u00e5 du er velkommen til at kontakte os om serviceydelser, r\u00e5dgivning, ordrer, sp\u00f8rgsm\u00e5l osv.\" \/>\n<meta property=\"og:url\" content=\"https:\/\/silo.dk\/de\/kontakt-os\/\" \/>\n<meta property=\"og:site_name\" content=\"Moseg\u00e5rd Silo A\/S\" \/>\n<meta property=\"article:publisher\" content=\"https:\/\/www.facebook.com\/Oegendahls.Maskinfabrik\" \/>\n<meta property=\"article:modified_time\" content=\"2018-05-09T12:43:47+00:00\" \/>\n<meta name=\"twitter:card\" content=\"summary_large_image\" \/>\n<meta name=\"twitter:label1\" content=\"Gesch\u00e4tzte Lesezeit\" \/>\n\t<meta name=\"twitter:data1\" content=\"2\u00a0Minuten\" \/>\n<script type=\"application\/ld+json\" class=\"yoast-schema-graph\">{\"@context\":\"https:\\\/\\\/schema.org\",\"@graph\":[{\"@type\":\"WebPage\",\"@id\":\"https:\\\/\\\/silo.dk\\\/de\\\/kontakt-os\\\/\",\"url\":\"https:\\\/\\\/silo.dk\\\/de\\\/kontakt-os\\\/\",\"name\":\"[:DA]Kontakt os[:en]Contact us[:de]Kontakt[:sv]Kontakta oss[:pl]Kontakt[:] - Moseg\u00e5rd Silo A\\\/S\",\"isPartOf\":{\"@id\":\"https:\\\/\\\/silo.dk\\\/#website\"},\"datePublished\":\"2015-10-08T10:38:10+00:00\",\"dateModified\":\"2018-05-09T12:43:47+00:00\",\"description\":\"Kom i kontakt med os i dag! Vi interesserer os for vores kunder, s\u00e5 du er velkommen til at kontakte os om serviceydelser, r\u00e5dgivning, ordrer, sp\u00f8rgsm\u00e5l osv.\",\"breadcrumb\":{\"@id\":\"https:\\\/\\\/silo.dk\\\/de\\\/kontakt-os\\\/#breadcrumb\"},\"inLanguage\":\"de\",\"potentialAction\":[{\"@type\":\"ReadAction\",\"target\":[\"https:\\\/\\\/silo.dk\\\/de\\\/kontakt-os\\\/\"]}]},{\"@type\":\"BreadcrumbList\",\"@id\":\"https:\\\/\\\/silo.dk\\\/de\\\/kontakt-os\\\/#breadcrumb\",\"itemListElement\":[{\"@type\":\"ListItem\",\"position\":1,\"name\":\"Home\",\"item\":\"https:\\\/\\\/silo.dk\\\/\"},{\"@type\":\"ListItem\",\"position\":2,\"name\":\"Kontakt\"}]},{\"@type\":\"WebSite\",\"@id\":\"https:\\\/\\\/silo.dk\\\/#website\",\"url\":\"https:\\\/\\\/silo.dk\\\/\",\"name\":\"Moseg\u00e5rd Silo A\\\/S\",\"description\":\"Salg af siloer til det danske landbrug\",\"potentialAction\":[{\"@type\":\"SearchAction\",\"target\":{\"@type\":\"EntryPoint\",\"urlTemplate\":\"https:\\\/\\\/silo.dk\\\/?s={search_term_string}\"},\"query-input\":{\"@type\":\"PropertyValueSpecification\",\"valueRequired\":true,\"valueName\":\"search_term_string\"}}],\"inLanguage\":\"de\"}]}<\/script>\n<!-- \/ Yoast SEO plugin. -->","yoast_head_json":{"title":"[:DA]Kontakt os[:en]Contact us[:de]Kontakt[:sv]Kontakta oss[:pl]Kontakt[:] - Moseg\u00e5rd Silo A\/S","description":"Kom i kontakt med os i dag! Vi interesserer os for vores kunder, s\u00e5 du er velkommen til at kontakte os om serviceydelser, r\u00e5dgivning, ordrer, sp\u00f8rgsm\u00e5l osv.","robots":{"index":"index","follow":"follow","max-snippet":"max-snippet:-1","max-image-preview":"max-image-preview:large","max-video-preview":"max-video-preview:-1"},"canonical":"https:\/\/silo.dk\/de\/kontakt-os\/","og_locale":"de_DE","og_type":"article","og_title":"[:DA]Kontakt os[:en]Contact us[:de]Kontakt[:sv]Kontakta oss[:pl]Kontakt[:] - Moseg\u00e5rd Silo A\/S","og_description":"Kom i kontakt med os i dag! Vi interesserer os for vores kunder, s\u00e5 du er velkommen til at kontakte os om serviceydelser, r\u00e5dgivning, ordrer, sp\u00f8rgsm\u00e5l osv.","og_url":"https:\/\/silo.dk\/de\/kontakt-os\/","og_site_name":"Moseg\u00e5rd Silo A\/S","article_publisher":"https:\/\/www.facebook.com\/Oegendahls.Maskinfabrik","article_modified_time":"2018-05-09T12:43:47+00:00","twitter_card":"summary_large_image","twitter_misc":{"Gesch\u00e4tzte Lesezeit":"2\u00a0Minuten"},"schema":{"@context":"https:\/\/schema.org","@graph":[{"@type":"WebPage","@id":"https:\/\/silo.dk\/de\/kontakt-os\/","url":"https:\/\/silo.dk\/de\/kontakt-os\/","name":"[:DA]Kontakt os[:en]Contact us[:de]Kontakt[:sv]Kontakta oss[:pl]Kontakt[:] - Moseg\u00e5rd Silo A\/S","isPartOf":{"@id":"https:\/\/silo.dk\/#website"},"datePublished":"2015-10-08T10:38:10+00:00","dateModified":"2018-05-09T12:43:47+00:00","description":"Kom i kontakt med os i dag! Vi interesserer os for vores kunder, s\u00e5 du er velkommen til at kontakte os om serviceydelser, r\u00e5dgivning, ordrer, sp\u00f8rgsm\u00e5l osv.","breadcrumb":{"@id":"https:\/\/silo.dk\/de\/kontakt-os\/#breadcrumb"},"inLanguage":"de","potentialAction":[{"@type":"ReadAction","target":["https:\/\/silo.dk\/de\/kontakt-os\/"]}]},{"@type":"BreadcrumbList","@id":"https:\/\/silo.dk\/de\/kontakt-os\/#breadcrumb","itemListElement":[{"@type":"ListItem","position":1,"name":"Home","item":"https:\/\/silo.dk\/"},{"@type":"ListItem","position":2,"name":"Kontakt"}]},{"@type":"WebSite","@id":"https:\/\/silo.dk\/#website","url":"https:\/\/silo.dk\/","name":"Moseg\u00e5rd Silo A\/S","description":"Salg af siloer til det danske landbrug","potentialAction":[{"@type":"SearchAction","target":{"@type":"EntryPoint","urlTemplate":"https:\/\/silo.dk\/?s={search_term_string}"},"query-input":{"@type":"PropertyValueSpecification","valueRequired":true,"valueName":"search_term_string"}}],"inLanguage":"de"}]}},"_links":{"self":[{"href":"https:\/\/silo.dk\/de\/wp-json\/wp\/v2\/pages\/1042","targetHints":{"allow":["GET"]}}],"collection":[{"href":"https:\/\/silo.dk\/de\/wp-json\/wp\/v2\/pages"}],"about":[{"href":"https:\/\/silo.dk\/de\/wp-json\/wp\/v2\/types\/page"}],"author":[{"embeddable":true,"href":"https:\/\/silo.dk\/de\/wp-json\/wp\/v2\/users\/1"}],"replies":[{"embeddable":true,"href":"https:\/\/silo.dk\/de\/wp-json\/wp\/v2\/comments?post=1042"}],"version-history":[{"count":85,"href":"https:\/\/silo.dk\/de\/wp-json\/wp\/v2\/pages\/1042\/revisions"}],"predecessor-version":[{"id":2779,"href":"https:\/\/silo.dk\/de\/wp-json\/wp\/v2\/pages\/1042\/revisions\/2779"}],"wp:attachment":[{"href":"https:\/\/silo.dk\/de\/wp-json\/wp\/v2\/media?parent=1042"}],"curies":[{"name":"wp","href":"https:\/\/api.w.org\/{rel}","templated":true}]}}