
{"id":1055,"date":"2015-10-11T18:00:54","date_gmt":"2015-10-11T18:00:54","guid":{"rendered":"http:\/\/silo.dk\/?page_id=1055"},"modified":"2016-08-24T09:27:26","modified_gmt":"2016-08-24T09:27:26","slug":"om-os","status":"publish","type":"page","link":"https:\/\/silo.dk\/de\/om-os\/","title":{"rendered":"\u00dcber uns"},"content":{"rendered":"<p><\/p>\n<div class=\"container\">\n<div class=\"row\">\n<div class=\"col-md-12 \">\n<div class=\"about_us_img\">\n\t\t\t\t<img loading=\"lazy\" decoding=\"async\" width=\"1140\" height=\"380\" src=\"http:\/\/silo.dk\/wp-content\/uploads\/2015\/10\/mosegaard-silo-oendahls-mas.jpg\" class=\"img-responsive wp-post-image\" alt=\"people\">\t\t\t<\/div>\n<\/p><\/div>\n<\/div>\n<\/div>\n<h2>Silos Produzent mit Schwerpunkt auf Qualit\u00e4t und Dienstleistungen<\/h2>\n<h4>Mosegaard Silo wurde 1977 von Ingrid und Kaj Pedersen gefunden.<\/h4>\n<p><a href=\"http:\/\/oegendahl.dk\/\" target=\"_blank\">\u00d8gendahls Maskinfabrik A\/S<\/a> \u00a0\u00fcbernahm die Firma seit dem 2. Dezember 2006.<br \/>\nWir haben sehr spezialisierte Maschinen und \u00e4u\u00dferst qualifizierte Mitarbeiter, die \u00fcber langj\u00e4hrige Erfahrung in der Branche verf\u00fcgt. Unsere gro\u00dfe St\u00e4rke ist, dass wir sehr flexibel und wir h\u00f6ren immer unseren Kunden, also k\u00f6nnen wir die Bed\u00fcrfnisse unserer Kunden und Geb\u00e4ude anpassen. Wir wissen, was m\u00f6glich ist und wie, also wir immer mit guten robuste L\u00f6sungen zu kommen. Wir haben die h\u00f6chste Kompetenz und qualifizierte Techniker, die Probleme mit bereits installierten Systemen l\u00f6sen kann, zu beschaffen und gro\u00dfe Projekte, Service verwalten, zu renovieren und f\u00fcr Ihre Bed\u00fcrfnisse zu optimieren. Wir haben die nachhaltige und ressourcenschonende L\u00f6sungen speziell f\u00fcr Landwirte Arbeit einfacher, leichter und zuverl\u00e4ssiger zu machen. Wir haben sehr spezialisierte Maschinen Ger\u00e4te und \u00e4u\u00dferst qualifizierte Mitarbeiter, die \u00fcber langj\u00e4hrige Erfahrung in der Branche verf\u00fcgt.<br \/>\n&nbsp;<\/p>\n<div class=\"enigma_blog_post_content\">\n<div class=\"enigma_tabs_section\" id=\"enigma_tabs_section\">\n<ul class=\"nav nav-tabs\" id=\"myTab-WordPress\">\n<li class=\"active\" data-original-title=\"\" title=\"\"><a data-toggle=\"tab\" href=\"#WordPress\">Warum uns w\u00e4hlen?<\/a><\/li>\n<li class=\"\" data-original-title=\"\" title=\"\"><a data-toggle=\"tab\" href=\"#Plugin\">Die Mission<\/a><\/li>\n<li class=\"\" data-original-title=\"\" title=\"\"><a data-toggle=\"tab\" href=\"#Theme\">Die Vision<\/a><\/li>\n<\/ul>\n<div id=\"myTabContent\" class=\"tab-content\">\n<div id=\"WordPress\" class=\"tab-pane fade active in\">\n<p class=\"enigma_short_tabs_content\">\n&nbsp;<br \/>\n&nbsp;<i class=\"fa fa-check fa-lg\"><\/i> &nbsp;&nbsp;Wir versetzen uns in der Bauern Bed\u00fcrfnisse, Anforderungen und Ziele, und wir wissen das, weil wir mehr als 100 Jahre Erfahrung in der &nbsp;&nbsp;&nbsp; &nbsp;&nbsp;&nbsp;&nbsp;&nbsp; &nbsp;&nbsp;&nbsp;&nbsp;&nbsp;&nbsp;&nbsp;&nbsp;&nbsp; &nbsp;&nbsp; &nbsp;&nbsp; &nbsp;&nbsp;Landwirtschaft<br \/>\n&nbsp;<i class=\"fa fa-check fa-lg\"><\/i> &nbsp;Wir haben konkurrenzf\u00e4hige Preise, qualifizierte Techniker, h\u00f6chste Qualit\u00e4t, beste Silos und besten Kundendienst auf dem Markt gerade jetzt<br \/>\n&nbsp;<i class=\"fa fa-check fa-lg\"><\/i> &nbsp;Wir k\u00f6nnen die Landwirte die Arbeit einfacher und leichter zu machen<br \/>\n&nbsp;<i class=\"fa fa-check fa-lg\"><\/i> &nbsp;Schneiden Sie Arbeitszeiten mit Hilfe unserer Silos und komplette Systeme<br \/>\n&nbsp;<i class=\"fa fa-check fa-lg\"><\/i> &nbsp;Wir helfen Landwirten, ihre Arbeit mit automatisierten Steuerung und innovative L\u00f6sungen, die ihren Bed\u00fcrfnissen besser entsprechen zu  &nbsp;&nbsp;&nbsp; &nbsp;&nbsp;&nbsp;&nbsp;&nbsp; &nbsp;&nbsp;&nbsp;&nbsp;&nbsp;&nbsp;&nbsp; &nbsp;&nbsp; &nbsp;&nbsp; &nbsp; verbessern<br \/>\n&nbsp;<i class=\"fa fa-check fa-lg\"><\/i> &nbsp;Wir k\u00f6nnen Ihnen helfen organischen angebaut Futter f\u00fcr Ihre Tiere zu produzieren<br \/>\n&nbsp;<i class=\"fa fa-check fa-lg\"><\/i> &nbsp;Wir l\u00f6sen Probleme mit bereits installierten Systeme<br \/>\n&nbsp;<i class=\"fa fa-check fa-lg\"><\/i> &nbsp;Wir k\u00f6nnen einzigartige Dienstleistungen Renovierung und Optimierung in Bezug auf Ihre besonderen Bed\u00fcrfnisse und Anforderungen anbieten <\/p>\n<\/div>\n<div id=\"Plugin\" class=\"tab-pane fade\">\n<p class=\"enigma_short_tabs_content\">\n&nbsp;<br \/>\n&nbsp;<i>Unsere Mission ist, zu entwickeln und unsere Silos zu verbessern, um ein f\u00fchrendes Unternehmen in der landwirtschaftlichen und h\u00e4uslichen Bereich und f\u00fcr die Landwirte und Einzelh\u00e4ndler einen zuverl\u00e4ssigen und stabilen Produkt anzubieten. Wir bieten den besten Service, Renovierungen, Optimierungen von Silos und Zubeh\u00f6r, zu jeder Zeit, um unsere Kundenbed\u00fcrfnisse zu erf\u00fcllen.<\/i> <\/p>\n<\/div>\n<div id=\"Theme\" class=\"tab-pane fade\">\n<p class=\"enigma_short_tabs_content\">\n&nbsp;<br \/>\n&nbsp;<i>Unsere Vision ist es, der weltweit f\u00fchrende Anbieter f\u00fcr die Landwirtschaft und private Segment angepasst innovative L\u00f6sungen, wenn es um Innensilos und Zubeh\u00f6r geht. Wir bieten unseren Kunden eine qualifizierte Beratung bei der Nutzung unserer Silos und Dienstleistungen, um die Bauern zu befriedigen und Einzelh\u00e4ndler weltweit ben\u00f6tigt.<\/i> <\/p>\n<\/div>\n<\/div>\n<\/div>\n<\/div>\n<p><\/p>","protected":false},"excerpt":{"rendered":"<p>Silos Produzent mit Schwerpunkt auf Qualit\u00e4t und Dienstleistungen Mosegaard Silo wurde 1977 von Ingrid und Kaj Pedersen gefunden. \u00d8gendahls Maskinfabrik A\/S \u00a0\u00fcbernahm die Firma seit dem 2. Dezember 2006. Wir haben sehr spezialisierte Maschinen und \u00e4u\u00dferst qualifizierte Mitarbeiter, die \u00fcber langj\u00e4hrige Erfahrung in der Branche verf\u00fcgt. Unsere gro\u00dfe St\u00e4rke ist, dass wir sehr flexibel und<\/p>\n","protected":false},"author":1,"featured_media":0,"parent":0,"menu_order":0,"comment_status":"closed","ping_status":"closed","template":"fullwidth.php","meta":{"_monsterinsights_skip_tracking":false,"_monsterinsights_sitenote_active":false,"_monsterinsights_sitenote_note":"","_monsterinsights_sitenote_category":0,"footnotes":""},"class_list":["post-1055","page","type-page","status-publish","hentry"],"yoast_head":"<!-- This site is optimized with the Yoast SEO plugin v27.5 - https:\/\/yoast.com\/product\/yoast-seo-wordpress\/ -->\n<title>\u00dcber uns - Moseg\u00e5rd Silo A\/S<\/title>\n<meta name=\"description\" content=\"Ordreproducerer med v\u00e6gt p\u00e5 kvalitet og service! Vi har den h\u00f8jeste ekspertise og dygtigste mont\u00f8rer! Tjekke Moseg\u00e5rd Silo hjemmeside og l\u00e6se mere om os!\" \/>\n<meta name=\"robots\" content=\"index, follow, max-snippet:-1, max-image-preview:large, max-video-preview:-1\" \/>\n<link rel=\"canonical\" href=\"https:\/\/silo.dk\/om-os\/\" \/>\n<meta property=\"og:locale\" content=\"de_DE\" \/>\n<meta property=\"og:type\" content=\"article\" \/>\n<meta property=\"og:title\" content=\"[:DA]Om os[:en]About us[:de]\u00dcber uns[:sv]Om oss[:pl]O nas[:] - Moseg\u00e5rd Silo A\/S\" \/>\n<meta property=\"og:description\" content=\"Ordreproducerer med v\u00e6gt p\u00e5 kvalitet og service! Vi har den h\u00f8jeste ekspertise og dygtigste mont\u00f8rer! Tjekke Moseg\u00e5rd Silo hjemmeside og l\u00e6se mere om os!\" \/>\n<meta property=\"og:url\" content=\"https:\/\/silo.dk\/om-os\/\" \/>\n<meta property=\"og:site_name\" content=\"Moseg\u00e5rd Silo A\/S\" \/>\n<meta property=\"article:publisher\" content=\"https:\/\/www.facebook.com\/Oegendahls.Maskinfabrik\" \/>\n<meta property=\"article:modified_time\" content=\"2016-08-24T09:27:26+00:00\" \/>\n<meta property=\"og:image\" content=\"http:\/\/silo.dk\/wp-content\/uploads\/2015\/10\/mosegaard-silo-oendahls-mas.jpg\" \/>\n<meta name=\"twitter:card\" content=\"summary_large_image\" \/>\n<meta name=\"twitter:label1\" content=\"Gesch\u00e4tzte Lesezeit\" \/>\n\t<meta name=\"twitter:data1\" content=\"11\u00a0Minuten\" \/>\n<script type=\"application\/ld+json\" class=\"yoast-schema-graph\">{\"@context\":\"https:\\\/\\\/schema.org\",\"@graph\":[{\"@type\":\"WebPage\",\"@id\":\"https:\\\/\\\/silo.dk\\\/om-os\\\/\",\"url\":\"https:\\\/\\\/silo.dk\\\/om-os\\\/\",\"name\":\"[:DA]Om os[:en]About us[:de]\u00dcber uns[:sv]Om oss[:pl]O nas[:] - Moseg\u00e5rd Silo A\\\/S\",\"isPartOf\":{\"@id\":\"https:\\\/\\\/silo.dk\\\/#website\"},\"primaryImageOfPage\":{\"@id\":\"https:\\\/\\\/silo.dk\\\/om-os\\\/#primaryimage\"},\"image\":{\"@id\":\"https:\\\/\\\/silo.dk\\\/om-os\\\/#primaryimage\"},\"thumbnailUrl\":\"http:\\\/\\\/silo.dk\\\/wp-content\\\/uploads\\\/2015\\\/10\\\/mosegaard-silo-oendahls-mas.jpg\",\"datePublished\":\"2015-10-11T18:00:54+00:00\",\"dateModified\":\"2016-08-24T09:27:26+00:00\",\"description\":\"Ordreproducerer med v\u00e6gt p\u00e5 kvalitet og service! Vi har den h\u00f8jeste ekspertise og dygtigste mont\u00f8rer! Tjekke Moseg\u00e5rd Silo hjemmeside og l\u00e6se mere om os!\",\"breadcrumb\":{\"@id\":\"https:\\\/\\\/silo.dk\\\/om-os\\\/#breadcrumb\"},\"inLanguage\":\"de\",\"potentialAction\":[{\"@type\":\"ReadAction\",\"target\":[\"https:\\\/\\\/silo.dk\\\/om-os\\\/\"]}]},{\"@type\":\"ImageObject\",\"inLanguage\":\"de\",\"@id\":\"https:\\\/\\\/silo.dk\\\/om-os\\\/#primaryimage\",\"url\":\"http:\\\/\\\/silo.dk\\\/wp-content\\\/uploads\\\/2015\\\/10\\\/mosegaard-silo-oendahls-mas.jpg\",\"contentUrl\":\"http:\\\/\\\/silo.dk\\\/wp-content\\\/uploads\\\/2015\\\/10\\\/mosegaard-silo-oendahls-mas.jpg\"},{\"@type\":\"BreadcrumbList\",\"@id\":\"https:\\\/\\\/silo.dk\\\/om-os\\\/#breadcrumb\",\"itemListElement\":[{\"@type\":\"ListItem\",\"position\":1,\"name\":\"Home\",\"item\":\"https:\\\/\\\/silo.dk\\\/\"},{\"@type\":\"ListItem\",\"position\":2,\"name\":\"Om os\"}]},{\"@type\":\"WebSite\",\"@id\":\"https:\\\/\\\/silo.dk\\\/#website\",\"url\":\"https:\\\/\\\/silo.dk\\\/\",\"name\":\"Moseg\u00e5rd Silo A\\\/S\",\"description\":\"Salg af siloer til det danske landbrug\",\"potentialAction\":[{\"@type\":\"SearchAction\",\"target\":{\"@type\":\"EntryPoint\",\"urlTemplate\":\"https:\\\/\\\/silo.dk\\\/?s={search_term_string}\"},\"query-input\":{\"@type\":\"PropertyValueSpecification\",\"valueRequired\":true,\"valueName\":\"search_term_string\"}}],\"inLanguage\":\"de\"}]}<\/script>\n<!-- \/ Yoast SEO plugin. -->","yoast_head_json":{"title":"[:DA]Om os[:en]About us[:de]\u00dcber uns[:sv]Om oss[:pl]O nas[:] - Moseg\u00e5rd Silo A\/S","description":"Ordreproducerer med v\u00e6gt p\u00e5 kvalitet og service! Vi har den h\u00f8jeste ekspertise og dygtigste mont\u00f8rer! Tjekke Moseg\u00e5rd Silo hjemmeside og l\u00e6se mere om os!","robots":{"index":"index","follow":"follow","max-snippet":"max-snippet:-1","max-image-preview":"max-image-preview:large","max-video-preview":"max-video-preview:-1"},"canonical":"https:\/\/silo.dk\/om-os\/","og_locale":"de_DE","og_type":"article","og_title":"[:DA]Om os[:en]About us[:de]\u00dcber uns[:sv]Om oss[:pl]O nas[:] - Moseg\u00e5rd Silo A\/S","og_description":"Ordreproducerer med v\u00e6gt p\u00e5 kvalitet og service! Vi har den h\u00f8jeste ekspertise og dygtigste mont\u00f8rer! Tjekke Moseg\u00e5rd Silo hjemmeside og l\u00e6se mere om os!","og_url":"https:\/\/silo.dk\/om-os\/","og_site_name":"Moseg\u00e5rd Silo A\/S","article_publisher":"https:\/\/www.facebook.com\/Oegendahls.Maskinfabrik","article_modified_time":"2016-08-24T09:27:26+00:00","og_image":[{"url":"http:\/\/silo.dk\/wp-content\/uploads\/2015\/10\/mosegaard-silo-oendahls-mas.jpg","type":"","width":"","height":""}],"twitter_card":"summary_large_image","twitter_misc":{"Gesch\u00e4tzte Lesezeit":"11\u00a0Minuten"},"schema":{"@context":"https:\/\/schema.org","@graph":[{"@type":"WebPage","@id":"https:\/\/silo.dk\/om-os\/","url":"https:\/\/silo.dk\/om-os\/","name":"[:DA]Om os[:en]About us[:de]\u00dcber uns[:sv]Om oss[:pl]O nas[:] - Moseg\u00e5rd Silo A\/S","isPartOf":{"@id":"https:\/\/silo.dk\/#website"},"primaryImageOfPage":{"@id":"https:\/\/silo.dk\/om-os\/#primaryimage"},"image":{"@id":"https:\/\/silo.dk\/om-os\/#primaryimage"},"thumbnailUrl":"http:\/\/silo.dk\/wp-content\/uploads\/2015\/10\/mosegaard-silo-oendahls-mas.jpg","datePublished":"2015-10-11T18:00:54+00:00","dateModified":"2016-08-24T09:27:26+00:00","description":"Ordreproducerer med v\u00e6gt p\u00e5 kvalitet og service! Vi har den h\u00f8jeste ekspertise og dygtigste mont\u00f8rer! Tjekke Moseg\u00e5rd Silo hjemmeside og l\u00e6se mere om os!","breadcrumb":{"@id":"https:\/\/silo.dk\/om-os\/#breadcrumb"},"inLanguage":"de","potentialAction":[{"@type":"ReadAction","target":["https:\/\/silo.dk\/om-os\/"]}]},{"@type":"ImageObject","inLanguage":"de","@id":"https:\/\/silo.dk\/om-os\/#primaryimage","url":"http:\/\/silo.dk\/wp-content\/uploads\/2015\/10\/mosegaard-silo-oendahls-mas.jpg","contentUrl":"http:\/\/silo.dk\/wp-content\/uploads\/2015\/10\/mosegaard-silo-oendahls-mas.jpg"},{"@type":"BreadcrumbList","@id":"https:\/\/silo.dk\/om-os\/#breadcrumb","itemListElement":[{"@type":"ListItem","position":1,"name":"Home","item":"https:\/\/silo.dk\/"},{"@type":"ListItem","position":2,"name":"Om os"}]},{"@type":"WebSite","@id":"https:\/\/silo.dk\/#website","url":"https:\/\/silo.dk\/","name":"Moseg\u00e5rd Silo A\/S","description":"Salg af siloer til det danske landbrug","potentialAction":[{"@type":"SearchAction","target":{"@type":"EntryPoint","urlTemplate":"https:\/\/silo.dk\/?s={search_term_string}"},"query-input":{"@type":"PropertyValueSpecification","valueRequired":true,"valueName":"search_term_string"}}],"inLanguage":"de"}]}},"_links":{"self":[{"href":"https:\/\/silo.dk\/de\/wp-json\/wp\/v2\/pages\/1055","targetHints":{"allow":["GET"]}}],"collection":[{"href":"https:\/\/silo.dk\/de\/wp-json\/wp\/v2\/pages"}],"about":[{"href":"https:\/\/silo.dk\/de\/wp-json\/wp\/v2\/types\/page"}],"author":[{"embeddable":true,"href":"https:\/\/silo.dk\/de\/wp-json\/wp\/v2\/users\/1"}],"replies":[{"embeddable":true,"href":"https:\/\/silo.dk\/de\/wp-json\/wp\/v2\/comments?post=1055"}],"version-history":[{"count":116,"href":"https:\/\/silo.dk\/de\/wp-json\/wp\/v2\/pages\/1055\/revisions"}],"predecessor-version":[{"id":2390,"href":"https:\/\/silo.dk\/de\/wp-json\/wp\/v2\/pages\/1055\/revisions\/2390"}],"wp:attachment":[{"href":"https:\/\/silo.dk\/de\/wp-json\/wp\/v2\/media?parent=1055"}],"curies":[{"name":"wp","href":"https:\/\/api.w.org\/{rel}","templated":true}]}}