
{"id":1893,"date":"2015-11-04T11:44:35","date_gmt":"2015-11-04T11:44:35","guid":{"rendered":"http:\/\/silo.dk\/?page_id=1893"},"modified":"2016-08-24T10:25:32","modified_gmt":"2016-08-24T10:25:32","slug":"overgange-fra-siloudloeb-30x115-cm","status":"publish","type":"page","link":"https:\/\/silo.dk\/de\/tilbehoer\/overgange-fra-siloudloeb-30x115-cm\/","title":{"rendered":"\u00dcbergang f\u00fcr Silo Auslauf 30x115cm"},"content":{"rendered":"<p><\/p>\n<div class=\"enigma_blog_post_content\">\n<div class=\"enigma_heading_section\">\n<h3 style=\"text-align: center;\">\u00dcbergangsst\u00fccke f\u00fcr Silo Auslauf 30x115cm<\/h3>\n<\/div>\n<div class=\"row\">\n<div class=\"col-md-6\">\n<div class=\"panel enigma_panel-blue\">\n<div class=\"panel-heading\">Artikel-Nr.: 193<\/div>\n<div class=\"panel-body\">Auslauf 30x115cm zu 102mm F\u00f6rderschnecke und Endlager, H\u00f6he 24 cm<br \/>\n<img loading=\"lazy\" decoding=\"async\" class=\"alignleft img-responsive size-medium wp-image-600\" src=\"http:\/\/silo.dk\/wp-content\/uploads\/2015\/11\/varenr-193.jpg\" alt=\"Overgangestykker fra Silo Type 12V-varenr 193\" width=\"205\" height=\"300\" \/><img loading=\"lazy\" decoding=\"async\" class=\"alignright size-medium img-responsive wp-image-601\" src=\"http:\/\/silo.dk\/wp-content\/uploads\/2015\/11\/Overgangstykke-Silo-Type-12V.jpg\" alt=\"Overgangestykker fra Silo Type 12V-Overgangstykke Silo Type 12V\" width=\"205\" height=\"300\" \/><\/div>\n<\/div>\n<div class=\"panel enigma_panel-blue\">\n<div class=\"panel-heading\">Artikel-Nr.: 196<\/div>\n<div class=\"panel-body\">Auslauf 30x115cm zu 75mm, F\u00f6rderschnecke und Endlager, H\u00f6he 22 cm <img loading=\"lazy\" decoding=\"async\" class=\"alignleft img-responsive size-medium wp-image-600\" src=\"http:\/\/silo.dk\/wp-content\/uploads\/2015\/11\/varenr-196.jpg\" alt=\"Overgangestykker fra Silo Type 12V-varenr 196\" width=\"205\" height=\"300\" \/><img loading=\"lazy\" decoding=\"async\" class=\"alignright size-medium img-responsive wp-image-601\" src=\"http:\/\/silo.dk\/wp-content\/uploads\/2015\/11\/Overgangstykke-Silo-Type-12V.jpg\" alt=\"Overgangestykker fra Silo Type 12V-Overgangstykke Silo Type 12V\" width=\"205\" height=\"300\" \/><\/div>\n<\/div>\n<\/div>\n<div class=\"col-md-6\">\n<div class=\"panel enigma_panel-blue\">\n<div class=\"panel-heading\">Artikel-Nr.: 194<\/div>\n<div class=\"panel-body\">Auslauf 30x115cm xu 127mm, F\u00f6rderschnecke und Endlager, H\u00f6he 20 cm <img loading=\"lazy\" decoding=\"async\" class=\"alignleft img-responsive size-medium wp-image-600\" src=\"http:\/\/silo.dk\/wp-content\/uploads\/2015\/11\/varernr-194.jpg\" alt=\"Overgangestykker fra Silo Type 12V-varernr 194\" width=\"205\" height=\"300\" \/><img loading=\"lazy\" decoding=\"async\" class=\"alignright size-medium img-responsive wp-image-601\" src=\"http:\/\/silo.dk\/wp-content\/uploads\/2015\/11\/Overgangstykke-Silo-Type-12V.jpg\" alt=\"Overgangestykker fra Silo Type 12V-Overgangstykke Silo Type 12V\" width=\"205\" height=\"300\" \/><\/div>\n<\/div>\n<div class=\"panel enigma_panel-blue\">\n<div class=\"panel-heading\">Artikel-Nr.: 197<\/div>\n<div class=\"panel-body\">Auslauf 30x115cm zu 90mm  F\u00f6rderschnecke und Endlager, H\u00f6he 21 cm <img loading=\"lazy\" decoding=\"async\" class=\"alignleft img-responsive size-medium wp-image-600\" src=\"http:\/\/silo.dk\/wp-content\/uploads\/2015\/11\/varenr-197.jpg\" alt=\"Overgangestykker fra Silo Type 12V-varenr 197\" width=\"205\" height=\"300\" \/><img loading=\"lazy\" decoding=\"async\" class=\"alignright size-medium img-responsive wp-image-601\" src=\"http:\/\/silo.dk\/wp-content\/uploads\/2015\/11\/Overgangstykke-Silo-Type-12V.jpg\" alt=\"Overgangestykker fra Silo Type 12V-Overgangstykke Silo Type 12V\" width=\"205\" height=\"300\" \/><\/div>\n<\/div>\n<\/div>\n<\/div>\n<\/div>\n<\/div>\n<p><\/p>","protected":false},"excerpt":{"rendered":"<p>\u00dcbergangsst\u00fccke f\u00fcr Silo Auslauf 30x115cm Artikel-Nr.: 193 Auslauf 30x115cm zu 102mm F\u00f6rderschnecke und Endlager, H\u00f6he 24 cm Artikel-Nr.: 196 Auslauf 30x115cm zu 75mm, F\u00f6rderschnecke und Endlager, H\u00f6he 22 cm Artikel-Nr.: 194 Auslauf 30x115cm xu 127mm, F\u00f6rderschnecke und Endlager, H\u00f6he 20 cm Artikel-Nr.: 197 Auslauf 30x115cm zu 90mm F\u00f6rderschnecke und Endlager, H\u00f6he 21 cm<\/p>\n","protected":false},"author":1,"featured_media":0,"parent":563,"menu_order":0,"comment_status":"closed","ping_status":"closed","template":"fullwidth.php","meta":{"_monsterinsights_skip_tracking":false,"_monsterinsights_sitenote_active":false,"_monsterinsights_sitenote_note":"","_monsterinsights_sitenote_category":0,"footnotes":""},"class_list":["post-1893","page","type-page","status-publish","hentry"],"yoast_head":"<!-- This site is optimized with the Yoast SEO plugin v27.5 - https:\/\/yoast.com\/product\/yoast-seo-wordpress\/ -->\n<title>\u00dcbergang f\u00fcr Silo Auslauf 30x115cm - Moseg\u00e5rd Silo A\/S<\/title>\n<meta name=\"description\" content=\"Moseg\u00e5rd Silo tilbyder overgange fra siloudl\u00f8b 30x115cm. Tjekke vores hjemmeside for yderlige oplysninger eller kontakt os!\" \/>\n<meta name=\"robots\" content=\"index, follow, max-snippet:-1, max-image-preview:large, max-video-preview:-1\" \/>\n<link rel=\"canonical\" href=\"https:\/\/silo.dk\/tilbehoer\/overgange-fra-siloudloeb-30x115-cm\/\" \/>\n<meta property=\"og:locale\" content=\"de_DE\" \/>\n<meta property=\"og:type\" content=\"article\" \/>\n<meta property=\"og:title\" content=\"[:DA]Overgange fra siloudl\u00f8b 30x115 cm[:en]Transitions from silooutlet 30\u00d7115 cm[:de]\u00dcbergang f\u00fcr Silo Auslauf 30x115cm[:sv]\u00d6vergangar fr\u00e4n silo utlopp 30\u00d7115 cm[:] - Moseg\u00e5rd Silo A\/S\" \/>\n<meta property=\"og:description\" content=\"Moseg\u00e5rd Silo tilbyder overgange fra siloudl\u00f8b 30x115cm. Tjekke vores hjemmeside for yderlige oplysninger eller kontakt os!\" \/>\n<meta property=\"og:url\" content=\"https:\/\/silo.dk\/tilbehoer\/overgange-fra-siloudloeb-30x115-cm\/\" \/>\n<meta property=\"og:site_name\" content=\"Moseg\u00e5rd Silo A\/S\" \/>\n<meta property=\"article:publisher\" content=\"https:\/\/www.facebook.com\/Oegendahls.Maskinfabrik\" \/>\n<meta property=\"article:modified_time\" content=\"2016-08-24T10:25:32+00:00\" \/>\n<meta property=\"og:image\" content=\"https:\/\/silo.dk\/wp-content\/uploads\/2015\/03\/side5-1-200V.jpg\" \/>\n\t<meta property=\"og:image:width\" content=\"245\" \/>\n\t<meta property=\"og:image:height\" content=\"317\" \/>\n\t<meta property=\"og:image:type\" content=\"image\/jpeg\" \/>\n<meta name=\"twitter:card\" content=\"summary_large_image\" \/>\n<meta name=\"twitter:label1\" content=\"Gesch\u00e4tzte Lesezeit\" \/>\n\t<meta name=\"twitter:data1\" content=\"1\u00a0Minute\" \/>\n<script type=\"application\/ld+json\" class=\"yoast-schema-graph\">{\"@context\":\"https:\\\/\\\/schema.org\",\"@graph\":[{\"@type\":\"WebPage\",\"@id\":\"https:\\\/\\\/silo.dk\\\/tilbehoer\\\/overgange-fra-siloudloeb-30x115-cm\\\/\",\"url\":\"https:\\\/\\\/silo.dk\\\/tilbehoer\\\/overgange-fra-siloudloeb-30x115-cm\\\/\",\"name\":\"[:DA]Overgange fra siloudl\u00f8b 30x115 cm[:en]Transitions from silooutlet 30\u00d7115 cm[:de]\u00dcbergang f\u00fcr Silo Auslauf 30x115cm[:sv]\u00d6vergangar fr\u00e4n silo utlopp 30\u00d7115 cm[:] - Moseg\u00e5rd Silo A\\\/S\",\"isPartOf\":{\"@id\":\"https:\\\/\\\/silo.dk\\\/#website\"},\"primaryImageOfPage\":{\"@id\":\"https:\\\/\\\/silo.dk\\\/tilbehoer\\\/overgange-fra-siloudloeb-30x115-cm\\\/#primaryimage\"},\"image\":{\"@id\":\"https:\\\/\\\/silo.dk\\\/tilbehoer\\\/overgange-fra-siloudloeb-30x115-cm\\\/#primaryimage\"},\"thumbnailUrl\":\"http:\\\/\\\/silo.dk\\\/wp-content\\\/uploads\\\/2015\\\/11\\\/varenr-193.jpg\",\"datePublished\":\"2015-11-04T11:44:35+00:00\",\"dateModified\":\"2016-08-24T10:25:32+00:00\",\"description\":\"Moseg\u00e5rd Silo tilbyder overgange fra siloudl\u00f8b 30x115cm. Tjekke vores hjemmeside for yderlige oplysninger eller kontakt os!\",\"breadcrumb\":{\"@id\":\"https:\\\/\\\/silo.dk\\\/tilbehoer\\\/overgange-fra-siloudloeb-30x115-cm\\\/#breadcrumb\"},\"inLanguage\":\"de\",\"potentialAction\":[{\"@type\":\"ReadAction\",\"target\":[\"https:\\\/\\\/silo.dk\\\/tilbehoer\\\/overgange-fra-siloudloeb-30x115-cm\\\/\"]}]},{\"@type\":\"ImageObject\",\"inLanguage\":\"de\",\"@id\":\"https:\\\/\\\/silo.dk\\\/tilbehoer\\\/overgange-fra-siloudloeb-30x115-cm\\\/#primaryimage\",\"url\":\"http:\\\/\\\/silo.dk\\\/wp-content\\\/uploads\\\/2015\\\/11\\\/varenr-193.jpg\",\"contentUrl\":\"http:\\\/\\\/silo.dk\\\/wp-content\\\/uploads\\\/2015\\\/11\\\/varenr-193.jpg\"},{\"@type\":\"BreadcrumbList\",\"@id\":\"https:\\\/\\\/silo.dk\\\/tilbehoer\\\/overgange-fra-siloudloeb-30x115-cm\\\/#breadcrumb\",\"itemListElement\":[{\"@type\":\"ListItem\",\"position\":1,\"name\":\"Home\",\"item\":\"https:\\\/\\\/silo.dk\\\/\"},{\"@type\":\"ListItem\",\"position\":2,\"name\":\"Accessories\",\"item\":\"https:\\\/\\\/silo.dk\\\/en\\\/tilbehoer\\\/\"},{\"@type\":\"ListItem\",\"position\":3,\"name\":\"Overgange fra siloudl\u00f8b 30&#215;115 cm\"}]},{\"@type\":\"WebSite\",\"@id\":\"https:\\\/\\\/silo.dk\\\/#website\",\"url\":\"https:\\\/\\\/silo.dk\\\/\",\"name\":\"Moseg\u00e5rd Silo A\\\/S\",\"description\":\"Salg af siloer til det danske landbrug\",\"potentialAction\":[{\"@type\":\"SearchAction\",\"target\":{\"@type\":\"EntryPoint\",\"urlTemplate\":\"https:\\\/\\\/silo.dk\\\/?s={search_term_string}\"},\"query-input\":{\"@type\":\"PropertyValueSpecification\",\"valueRequired\":true,\"valueName\":\"search_term_string\"}}],\"inLanguage\":\"de\"}]}<\/script>\n<!-- \/ Yoast SEO plugin. -->","yoast_head_json":{"title":"[:DA]Overgange fra siloudl\u00f8b 30x115 cm[:en]Transitions from silooutlet 30\u00d7115 cm[:de]\u00dcbergang f\u00fcr Silo Auslauf 30x115cm[:sv]\u00d6vergangar fr\u00e4n silo utlopp 30\u00d7115 cm[:] - Moseg\u00e5rd Silo A\/S","description":"Moseg\u00e5rd Silo tilbyder overgange fra siloudl\u00f8b 30x115cm. Tjekke vores hjemmeside for yderlige oplysninger eller kontakt os!","robots":{"index":"index","follow":"follow","max-snippet":"max-snippet:-1","max-image-preview":"max-image-preview:large","max-video-preview":"max-video-preview:-1"},"canonical":"https:\/\/silo.dk\/tilbehoer\/overgange-fra-siloudloeb-30x115-cm\/","og_locale":"de_DE","og_type":"article","og_title":"[:DA]Overgange fra siloudl\u00f8b 30x115 cm[:en]Transitions from silooutlet 30\u00d7115 cm[:de]\u00dcbergang f\u00fcr Silo Auslauf 30x115cm[:sv]\u00d6vergangar fr\u00e4n silo utlopp 30\u00d7115 cm[:] - Moseg\u00e5rd Silo A\/S","og_description":"Moseg\u00e5rd Silo tilbyder overgange fra siloudl\u00f8b 30x115cm. Tjekke vores hjemmeside for yderlige oplysninger eller kontakt os!","og_url":"https:\/\/silo.dk\/tilbehoer\/overgange-fra-siloudloeb-30x115-cm\/","og_site_name":"Moseg\u00e5rd Silo A\/S","article_publisher":"https:\/\/www.facebook.com\/Oegendahls.Maskinfabrik","article_modified_time":"2016-08-24T10:25:32+00:00","og_image":[{"width":245,"height":317,"url":"https:\/\/silo.dk\/wp-content\/uploads\/2015\/03\/side5-1-200V.jpg","type":"image\/jpeg"}],"twitter_card":"summary_large_image","twitter_misc":{"Gesch\u00e4tzte Lesezeit":"1\u00a0Minute"},"schema":{"@context":"https:\/\/schema.org","@graph":[{"@type":"WebPage","@id":"https:\/\/silo.dk\/tilbehoer\/overgange-fra-siloudloeb-30x115-cm\/","url":"https:\/\/silo.dk\/tilbehoer\/overgange-fra-siloudloeb-30x115-cm\/","name":"[:DA]Overgange fra siloudl\u00f8b 30x115 cm[:en]Transitions from silooutlet 30\u00d7115 cm[:de]\u00dcbergang f\u00fcr Silo Auslauf 30x115cm[:sv]\u00d6vergangar fr\u00e4n silo utlopp 30\u00d7115 cm[:] - Moseg\u00e5rd Silo A\/S","isPartOf":{"@id":"https:\/\/silo.dk\/#website"},"primaryImageOfPage":{"@id":"https:\/\/silo.dk\/tilbehoer\/overgange-fra-siloudloeb-30x115-cm\/#primaryimage"},"image":{"@id":"https:\/\/silo.dk\/tilbehoer\/overgange-fra-siloudloeb-30x115-cm\/#primaryimage"},"thumbnailUrl":"http:\/\/silo.dk\/wp-content\/uploads\/2015\/11\/varenr-193.jpg","datePublished":"2015-11-04T11:44:35+00:00","dateModified":"2016-08-24T10:25:32+00:00","description":"Moseg\u00e5rd Silo tilbyder overgange fra siloudl\u00f8b 30x115cm. Tjekke vores hjemmeside for yderlige oplysninger eller kontakt os!","breadcrumb":{"@id":"https:\/\/silo.dk\/tilbehoer\/overgange-fra-siloudloeb-30x115-cm\/#breadcrumb"},"inLanguage":"de","potentialAction":[{"@type":"ReadAction","target":["https:\/\/silo.dk\/tilbehoer\/overgange-fra-siloudloeb-30x115-cm\/"]}]},{"@type":"ImageObject","inLanguage":"de","@id":"https:\/\/silo.dk\/tilbehoer\/overgange-fra-siloudloeb-30x115-cm\/#primaryimage","url":"http:\/\/silo.dk\/wp-content\/uploads\/2015\/11\/varenr-193.jpg","contentUrl":"http:\/\/silo.dk\/wp-content\/uploads\/2015\/11\/varenr-193.jpg"},{"@type":"BreadcrumbList","@id":"https:\/\/silo.dk\/tilbehoer\/overgange-fra-siloudloeb-30x115-cm\/#breadcrumb","itemListElement":[{"@type":"ListItem","position":1,"name":"Home","item":"https:\/\/silo.dk\/"},{"@type":"ListItem","position":2,"name":"Accessories","item":"https:\/\/silo.dk\/en\/tilbehoer\/"},{"@type":"ListItem","position":3,"name":"Overgange fra siloudl\u00f8b 30&#215;115 cm"}]},{"@type":"WebSite","@id":"https:\/\/silo.dk\/#website","url":"https:\/\/silo.dk\/","name":"Moseg\u00e5rd Silo A\/S","description":"Salg af siloer til det danske landbrug","potentialAction":[{"@type":"SearchAction","target":{"@type":"EntryPoint","urlTemplate":"https:\/\/silo.dk\/?s={search_term_string}"},"query-input":{"@type":"PropertyValueSpecification","valueRequired":true,"valueName":"search_term_string"}}],"inLanguage":"de"}]}},"_links":{"self":[{"href":"https:\/\/silo.dk\/de\/wp-json\/wp\/v2\/pages\/1893","targetHints":{"allow":["GET"]}}],"collection":[{"href":"https:\/\/silo.dk\/de\/wp-json\/wp\/v2\/pages"}],"about":[{"href":"https:\/\/silo.dk\/de\/wp-json\/wp\/v2\/types\/page"}],"author":[{"embeddable":true,"href":"https:\/\/silo.dk\/de\/wp-json\/wp\/v2\/users\/1"}],"replies":[{"embeddable":true,"href":"https:\/\/silo.dk\/de\/wp-json\/wp\/v2\/comments?post=1893"}],"version-history":[{"count":14,"href":"https:\/\/silo.dk\/de\/wp-json\/wp\/v2\/pages\/1893\/revisions"}],"predecessor-version":[{"id":2728,"href":"https:\/\/silo.dk\/de\/wp-json\/wp\/v2\/pages\/1893\/revisions\/2728"}],"up":[{"embeddable":true,"href":"https:\/\/silo.dk\/de\/wp-json\/wp\/v2\/pages\/563"}],"wp:attachment":[{"href":"https:\/\/silo.dk\/de\/wp-json\/wp\/v2\/media?parent=1893"}],"curies":[{"name":"wp","href":"https:\/\/api.w.org\/{rel}","templated":true}]}}