
{"id":2733,"date":"2016-08-24T11:40:53","date_gmt":"2016-08-24T11:40:53","guid":{"rendered":"http:\/\/silo.dk\/?page_id=2733"},"modified":"2016-08-31T11:41:34","modified_gmt":"2016-08-31T11:41:34","slug":"salgsbetingelser","status":"publish","type":"page","link":"https:\/\/silo.dk\/de\/salgsbetingelser\/","title":{"rendered":"Allgemeinen Verkaufsbedingungen"},"content":{"rendered":"<p>Bitte lesen Sie diese Allgemeinen Verkaufsbedingungen vor jeder Bestellung bei uns sorgf\u00e4ltig durch. Durch die Bestellung erkl\u00e4ren Sie sich mit der Anwendung dieser Allgemeinen Verkaufsbedingungen auf Ihre Bestellung einverstanden.<\/p>\n<p><strong>Folgendes gilt bei der Lieferung von Produkten von \u00d8gendahls Maskinfabrik A\/S und Moseg\u00e5rd Silo A\/S:<\/strong><\/p>\n<p>Am Ort der Montage muss ein f\u00fcr LKW bis 20 m L\u00e4nge fahrbarer Weg vorhanden sein, dort wo das Produkt aufgestellt wird. Es muss auch Platz zur Loskoppelung des Anh\u00e4ngers vorhanden sein, sodass der LKW daneben halten kann. Der Kunde muss Sorge tragen f\u00fcr einen angemessenen Zugang zur Baustelle, einen festen Bodenbelag, ausreichend Platz zum Abladen und vern\u00fcnftige Arbeitsbedingungen f\u00fcr die Montage. Der Kunde muss f\u00fcr Strom und Beleuchtung sorgen und sicherstellen, dass die Testfahrt der Anlage ohne Hindernis abl\u00e4uft.<\/p>\n<p><strong>Lieferbedingungen:\u00a0<\/strong>\u00a0Lieferung ab Werk. \u00d8gendahls Maskinfabrik und Moseg\u00e5rd Silo sind nicht haftbar, wenn die Lieferfrist wegen Arbeitsniederlegung oder sonstigen Vorkommnissen ge\u00e4ndert wird oder die Lieferung versp\u00e4tet stattfindet, in F\u00e4llen in denen \u00d8gendahls Maskinfabrik und Moseg\u00e5rd Silo keinen Einfluss haben, wie zum Beispiel Brand, Krieg, W\u00e4hrungsbeschr\u00e4nkungen, fehlende Transportmittel, allgemeine Warenknappheit usw.<\/p>\n<p><strong>Lieferzeit:\u00a0<\/strong> Am veinbarten Liefertag.<\/p>\n<p><strong>G\u00fcltigkeit des Angebots:\u00a0<\/strong> Das Angebot ist 30 Tage g\u00fcltig. \u00d8gendahls Maskinfabrik und Moseg\u00e5rd Silo behalten sich das Recht vor, bestehende Angebote fristlos zu \u00e4ndern oder zur\u00fcckzuziehen.<\/p>\n<p><strong>Preis:\u00a0<\/strong>Alle Preise sind Tagespreise in der angegebenen W\u00e4hrung und ohne Mehrwertsteuer. \u00d8gendahls Maskinfabrik und Moseg\u00e5rd Silo behalten sich das Recht vor, die Preise aufgrund von \u00c4nderungen des Materialzugangs, der Rohstoffpreise, der L\u00f6hne, der Wechselkurse, des Zolltarifs, der Frachtpreise, der Versicherungspr\u00e4mien oder anderer Vorkommnisse au\u00dferhalb der Einflussm\u00f6glichkeit von \u00d8gendahls Maskinfabrik und Moseg\u00e5rd Silorol anzupassen.<\/p>\n<p><strong>Zahlung:\u00a0<\/strong>Die Zahlung f\u00fcr Lieferungen erfolgt laut den Angaben des Vertragsabschlusses oder, falls keiner vorliegt, laut den auf der Rechnung angegebenen Zahlungsbedingungen. Der K\u00e4ufer ist nicht berechtigt, die Zahlung wegen etwaigen Gegenforderungen einzuhalten. Bei versp\u00e4tetem Zahlungseingang werden Verzugszinsen ab dem F\u00e4lligkeitsdatum bis zur vollst\u00e4ndigen Begleichung des Rechnungsbetrags zum Satz des jeweils g\u00fcltigen Diskontsatzes der d\u00e4nischen Nationalbank in Rechnung gestellt. Im Fall des Versendens eines Mahnschreibens wird dem Rechnungsbetrag eine Geb\u00fchr von 95\u00a0DKK hinzugef\u00fcgt. Anschlie\u00dfend werden Verzugszinsen in H\u00f6he von 2\u00a0% f\u00fcr jeden angefangenen Monat verrechnet.<\/p>\n<p>Moseg\u00e5rd Silo und \u00d8gendahls Maskinfabrik sind nur zur Ausf\u00fchrung der Bestellung verpflichtet, wenn der Kunde die vereinbarte Anzahlung geleistet hat und alle seine andern Verpflichtungen erf\u00fcllt hat.<br \/>\n&#8211; Bei Bestellungen und Betr\u00e4gen von \u00fcber 100.000 DKK<br \/>\n&#8211; Betr\u00e4gt die Anzahlung 30\u00a0% des Betrags und ist zahlbar ohne Abzug in 7\u00a0Tagen.<br \/>\n&#8211; Die restlichen 70\u00a0% sind nach einer Frist von 14\u00a0Tagen nach Lieferung zu zahlen.<br \/>\n&#8211; Die Preise sind ohne Mehrwertsteuer angegeben.<\/p>\n<p>Falls Sie noch Fragen haben, k\u00f6nnen Sie sich gerne an uns wenden.<\/p>\n<p><strong><em>Mit freundlichen Gr\u00fc\u00dfen,<br \/>\n<\/em><\/strong>Jacob \u00d8gendahl<br \/>\n<em>Direktor<\/em><\/p>\n<p><strong>\u00d8gendahls Maskinfabrik A\/S &amp; Moseg\u00e5rd Silo A\/S<br \/>\n<\/strong>Jupitervej 16A, DK- 7620 Lemvig<br \/>\n+45 9782 0582 I +45 9713 1547<br \/>\n<a href=\"mailto:info@oegendahl.dk\">info@oegendahl.dk<\/a> I <a href=\"mailto:mosegaard@silo.dk\">mosegaard@silo.dk<br \/>\n<\/a>USt. Id.-Nr.: DK76787018<\/p>","protected":false},"excerpt":{"rendered":"<p>Bitte lesen Sie diese Allgemeinen Verkaufsbedingungen vor jeder Bestellung bei uns sorgf\u00e4ltig durch. Durch die Bestellung erkl\u00e4ren Sie sich mit der Anwendung dieser Allgemeinen Verkaufsbedingungen auf Ihre Bestellung einverstanden. Folgendes gilt bei der Lieferung von Produkten von \u00d8gendahls Maskinfabrik A\/S und Moseg\u00e5rd Silo A\/S: Am Ort der Montage muss ein f\u00fcr LKW bis 20 m<\/p>\n","protected":false},"author":1,"featured_media":0,"parent":0,"menu_order":0,"comment_status":"closed","ping_status":"closed","template":"fullwidth.php","meta":{"_monsterinsights_skip_tracking":false,"_monsterinsights_sitenote_active":false,"_monsterinsights_sitenote_note":"","_monsterinsights_sitenote_category":0,"footnotes":""},"class_list":["post-2733","page","type-page","status-publish","hentry"],"yoast_head":"<!-- This site is optimized with the Yoast SEO plugin v27.5 - https:\/\/yoast.com\/product\/yoast-seo-wordpress\/ -->\n<title>Allgemeinen Verkaufsbedingungen - Moseg\u00e5rd Silo A\/S<\/title>\n<meta name=\"description\" content=\"L\u00e6se venligst Moseg\u00e5rd Silo&#039;s vilk\u00e5r &amp; salgsbetingelser omhyggeligt igennem.\u00a0N\u00e5r I bestiller produkter hos os... Se mere om vores salgsbetingelser her!\" \/>\n<meta name=\"robots\" content=\"index, follow, max-snippet:-1, max-image-preview:large, max-video-preview:-1\" \/>\n<link rel=\"canonical\" href=\"https:\/\/silo.dk\/salgsbetingelser\/\" \/>\n<meta property=\"og:locale\" content=\"de_DE\" \/>\n<meta property=\"og:type\" content=\"article\" \/>\n<meta property=\"og:title\" content=\"[:DA]Salgsbetingelser[:en]Terms and conditions of sale[:de]Allgemeinen Verkaufsbedingungen[:sv]Vilk\u00e5r og salgsbetingelser[:] - Moseg\u00e5rd Silo A\/S\" \/>\n<meta property=\"og:description\" content=\"L\u00e6se venligst Moseg\u00e5rd Silo&#039;s vilk\u00e5r &amp; salgsbetingelser omhyggeligt igennem.\u00a0N\u00e5r I bestiller produkter hos os... Se mere om vores salgsbetingelser her!\" \/>\n<meta property=\"og:url\" content=\"https:\/\/silo.dk\/salgsbetingelser\/\" \/>\n<meta property=\"og:site_name\" content=\"Moseg\u00e5rd Silo A\/S\" \/>\n<meta property=\"article:publisher\" content=\"https:\/\/www.facebook.com\/Oegendahls.Maskinfabrik\" \/>\n<meta property=\"article:modified_time\" content=\"2016-08-31T11:41:34+00:00\" \/>\n<meta name=\"twitter:card\" content=\"summary_large_image\" \/>\n<meta name=\"twitter:label1\" content=\"Gesch\u00e4tzte Lesezeit\" \/>\n\t<meta name=\"twitter:data1\" content=\"10\u00a0Minuten\" \/>\n<script type=\"application\/ld+json\" class=\"yoast-schema-graph\">{\"@context\":\"https:\\\/\\\/schema.org\",\"@graph\":[{\"@type\":\"WebPage\",\"@id\":\"https:\\\/\\\/silo.dk\\\/salgsbetingelser\\\/\",\"url\":\"https:\\\/\\\/silo.dk\\\/salgsbetingelser\\\/\",\"name\":\"[:DA]Salgsbetingelser[:en]Terms and conditions of sale[:de]Allgemeinen Verkaufsbedingungen[:sv]Vilk\u00e5r og salgsbetingelser[:] - Moseg\u00e5rd Silo A\\\/S\",\"isPartOf\":{\"@id\":\"https:\\\/\\\/silo.dk\\\/#website\"},\"datePublished\":\"2016-08-24T11:40:53+00:00\",\"dateModified\":\"2016-08-31T11:41:34+00:00\",\"description\":\"L\u00e6se venligst Moseg\u00e5rd Silo's vilk\u00e5r & salgsbetingelser omhyggeligt igennem.\u00a0N\u00e5r I bestiller produkter hos os... Se mere om vores salgsbetingelser her!\",\"breadcrumb\":{\"@id\":\"https:\\\/\\\/silo.dk\\\/salgsbetingelser\\\/#breadcrumb\"},\"inLanguage\":\"de\",\"potentialAction\":[{\"@type\":\"ReadAction\",\"target\":[\"https:\\\/\\\/silo.dk\\\/salgsbetingelser\\\/\"]}]},{\"@type\":\"BreadcrumbList\",\"@id\":\"https:\\\/\\\/silo.dk\\\/salgsbetingelser\\\/#breadcrumb\",\"itemListElement\":[{\"@type\":\"ListItem\",\"position\":1,\"name\":\"Home\",\"item\":\"https:\\\/\\\/silo.dk\\\/\"},{\"@type\":\"ListItem\",\"position\":2,\"name\":\"Salgsbetingelser\"}]},{\"@type\":\"WebSite\",\"@id\":\"https:\\\/\\\/silo.dk\\\/#website\",\"url\":\"https:\\\/\\\/silo.dk\\\/\",\"name\":\"Moseg\u00e5rd Silo A\\\/S\",\"description\":\"Salg af siloer til det danske landbrug\",\"potentialAction\":[{\"@type\":\"SearchAction\",\"target\":{\"@type\":\"EntryPoint\",\"urlTemplate\":\"https:\\\/\\\/silo.dk\\\/?s={search_term_string}\"},\"query-input\":{\"@type\":\"PropertyValueSpecification\",\"valueRequired\":true,\"valueName\":\"search_term_string\"}}],\"inLanguage\":\"de\"}]}<\/script>\n<!-- \/ Yoast SEO plugin. -->","yoast_head_json":{"title":"[:DA]Salgsbetingelser[:en]Terms and conditions of sale[:de]Allgemeinen Verkaufsbedingungen[:sv]Vilk\u00e5r og salgsbetingelser[:] - Moseg\u00e5rd Silo A\/S","description":"L\u00e6se venligst Moseg\u00e5rd Silo's vilk\u00e5r & salgsbetingelser omhyggeligt igennem.\u00a0N\u00e5r I bestiller produkter hos os... Se mere om vores salgsbetingelser her!","robots":{"index":"index","follow":"follow","max-snippet":"max-snippet:-1","max-image-preview":"max-image-preview:large","max-video-preview":"max-video-preview:-1"},"canonical":"https:\/\/silo.dk\/salgsbetingelser\/","og_locale":"de_DE","og_type":"article","og_title":"[:DA]Salgsbetingelser[:en]Terms and conditions of sale[:de]Allgemeinen Verkaufsbedingungen[:sv]Vilk\u00e5r og salgsbetingelser[:] - Moseg\u00e5rd Silo A\/S","og_description":"L\u00e6se venligst Moseg\u00e5rd Silo's vilk\u00e5r & salgsbetingelser omhyggeligt igennem.\u00a0N\u00e5r I bestiller produkter hos os... Se mere om vores salgsbetingelser her!","og_url":"https:\/\/silo.dk\/salgsbetingelser\/","og_site_name":"Moseg\u00e5rd Silo A\/S","article_publisher":"https:\/\/www.facebook.com\/Oegendahls.Maskinfabrik","article_modified_time":"2016-08-31T11:41:34+00:00","twitter_card":"summary_large_image","twitter_misc":{"Gesch\u00e4tzte Lesezeit":"10\u00a0Minuten"},"schema":{"@context":"https:\/\/schema.org","@graph":[{"@type":"WebPage","@id":"https:\/\/silo.dk\/salgsbetingelser\/","url":"https:\/\/silo.dk\/salgsbetingelser\/","name":"[:DA]Salgsbetingelser[:en]Terms and conditions of sale[:de]Allgemeinen Verkaufsbedingungen[:sv]Vilk\u00e5r og salgsbetingelser[:] - Moseg\u00e5rd Silo A\/S","isPartOf":{"@id":"https:\/\/silo.dk\/#website"},"datePublished":"2016-08-24T11:40:53+00:00","dateModified":"2016-08-31T11:41:34+00:00","description":"L\u00e6se venligst Moseg\u00e5rd Silo's vilk\u00e5r & salgsbetingelser omhyggeligt igennem.\u00a0N\u00e5r I bestiller produkter hos os... Se mere om vores salgsbetingelser her!","breadcrumb":{"@id":"https:\/\/silo.dk\/salgsbetingelser\/#breadcrumb"},"inLanguage":"de","potentialAction":[{"@type":"ReadAction","target":["https:\/\/silo.dk\/salgsbetingelser\/"]}]},{"@type":"BreadcrumbList","@id":"https:\/\/silo.dk\/salgsbetingelser\/#breadcrumb","itemListElement":[{"@type":"ListItem","position":1,"name":"Home","item":"https:\/\/silo.dk\/"},{"@type":"ListItem","position":2,"name":"Salgsbetingelser"}]},{"@type":"WebSite","@id":"https:\/\/silo.dk\/#website","url":"https:\/\/silo.dk\/","name":"Moseg\u00e5rd Silo A\/S","description":"Salg af siloer til det danske landbrug","potentialAction":[{"@type":"SearchAction","target":{"@type":"EntryPoint","urlTemplate":"https:\/\/silo.dk\/?s={search_term_string}"},"query-input":{"@type":"PropertyValueSpecification","valueRequired":true,"valueName":"search_term_string"}}],"inLanguage":"de"}]}},"_links":{"self":[{"href":"https:\/\/silo.dk\/de\/wp-json\/wp\/v2\/pages\/2733","targetHints":{"allow":["GET"]}}],"collection":[{"href":"https:\/\/silo.dk\/de\/wp-json\/wp\/v2\/pages"}],"about":[{"href":"https:\/\/silo.dk\/de\/wp-json\/wp\/v2\/types\/page"}],"author":[{"embeddable":true,"href":"https:\/\/silo.dk\/de\/wp-json\/wp\/v2\/users\/1"}],"replies":[{"embeddable":true,"href":"https:\/\/silo.dk\/de\/wp-json\/wp\/v2\/comments?post=2733"}],"version-history":[{"count":7,"href":"https:\/\/silo.dk\/de\/wp-json\/wp\/v2\/pages\/2733\/revisions"}],"predecessor-version":[{"id":2740,"href":"https:\/\/silo.dk\/de\/wp-json\/wp\/v2\/pages\/2733\/revisions\/2740"}],"wp:attachment":[{"href":"https:\/\/silo.dk\/de\/wp-json\/wp\/v2\/media?parent=2733"}],"curies":[{"name":"wp","href":"https:\/\/api.w.org\/{rel}","templated":true}]}}