
{"id":39,"date":"2015-03-11T20:06:46","date_gmt":"2015-03-11T20:06:46","guid":{"rendered":"http:\/\/dionne.pundirwebsolutions.com\/?page_id=39"},"modified":"2017-08-03T10:59:04","modified_gmt":"2017-08-03T10:59:04","slug":"home","status":"publish","type":"page","link":"https:\/\/silo.dk\/de\/","title":{"rendered":"Moseg\u00e5rd Silo &#8211; professionelle Lagerung im Silos. Kommt Standard in 1.Ton-24,6 Tonnen."},"content":{"rendered":"<p><\/p>\n<ul>\n<li>Silo Kegel von starken Vierkantrohr, Winkel- und U-Profilen gefertigt. Der Kegel wird komplett geschwei\u00dft, grundiert und blau gemalt.<\/li>\n<\/ul>\n<ul>\n<li>Der Kegel ist mit zwei \u00f4fnungen und unten mit Trennw\u00e4nde ausgestattet. Etwa 300 bis 400 kg ist \u00fcbrig im Silo wenn eine Seite ler wird.<\/li>\n<\/ul>\n<ul>\n<li>Die Seiten sind aus 22 mm Spanplatte oder wei\u00df melaminbeschichtete Spanplatte in besonderen Qualit\u00e4t.<\/li>\n<\/ul>\n<ul>\n<li>Alle Silos k\u00f6nnen mit 100 mm Stahlrohre f\u00fcr die Lieferung von\u00a0LKW\u00a0ausgestattet werden.<\/li>\n<\/ul>\n<ul>\n<li>Das Silo kann mit Moseg\u00e5rds gro\u00dfe Auswahl von \u00fbberg\u00e4nge an Hammerm\u00fchlen, Mischere, Snecken u.a. verbunden werden.<\/li>\n<\/ul>\n<ul>\n<li>Umfangreiches Zubeh\u00f6r f\u00fcr Silos.<\/li>\n<\/ul>\n<ul>\n<li>Sonderausf\u00fchrungen k\u00f6nte gefertigt werden., wir haben grosse Flexibilitet, nutzen Sie das.<\/li>\n<\/ul>\n<p><\/p>","protected":false},"excerpt":{"rendered":"<p>Silo Kegel von starken Vierkantrohr, Winkel- und U-Profilen gefertigt. Der Kegel wird komplett geschwei\u00dft, grundiert und blau gemalt. Der Kegel ist mit zwei \u00f4fnungen und unten mit Trennw\u00e4nde ausgestattet. Etwa 300 bis 400 kg ist \u00fcbrig im Silo wenn eine Seite ler wird. Die Seiten sind aus 22 mm Spanplatte oder wei\u00df melaminbeschichtete Spanplatte in<\/p>\n","protected":false},"author":1,"featured_media":0,"parent":0,"menu_order":0,"comment_status":"closed","ping_status":"closed","template":"","meta":{"_monsterinsights_skip_tracking":false,"_monsterinsights_sitenote_active":false,"_monsterinsights_sitenote_note":"","_monsterinsights_sitenote_category":0,"footnotes":""},"class_list":["post-39","page","type-page","status-publish","hentry"],"yoast_head":"<!-- This site is optimized with the Yoast SEO plugin v27.5 - https:\/\/yoast.com\/product\/yoast-seo-wordpress\/ -->\n<title>Mosegaard Silo A\/S - Professionel Opbevaring af Foder!<\/title>\n<meta name=\"description\" content=\"Moseg\u00e5rd Silo -store udvalg af siloer, overgangsstykker, blanderier, fodermaskiner, snegleudtag! Specielle udf\u00f8relser af silo tilpasset vores kunders behov!\" \/>\n<meta name=\"robots\" content=\"index, follow, max-snippet:-1, max-image-preview:large, max-video-preview:-1\" \/>\n<link rel=\"canonical\" href=\"https:\/\/silo.dk\/\" \/>\n<meta property=\"og:locale\" content=\"de_DE\" \/>\n<meta property=\"og:type\" content=\"article\" \/>\n<meta property=\"og:title\" content=\"Mosegaard Silo A\/S - Professionel Opbevaring af Foder!\" \/>\n<meta property=\"og:description\" content=\"Moseg\u00e5rd Silo -store udvalg af siloer, overgangsstykker, blanderier, fodermaskiner, snegleudtag! Specielle udf\u00f8relser af silo tilpasset vores kunders behov!\" \/>\n<meta property=\"og:url\" content=\"https:\/\/silo.dk\/\" \/>\n<meta property=\"og:site_name\" content=\"Moseg\u00e5rd Silo A\/S\" \/>\n<meta property=\"article:publisher\" content=\"https:\/\/www.facebook.com\/Oegendahls.Maskinfabrik\" \/>\n<meta property=\"article:modified_time\" content=\"2017-08-03T10:59:04+00:00\" \/>\n<meta name=\"twitter:card\" content=\"summary_large_image\" \/>\n<meta name=\"twitter:label1\" content=\"Gesch\u00e4tzte Lesezeit\" \/>\n\t<meta name=\"twitter:data1\" content=\"3\u00a0Minuten\" \/>\n<script type=\"application\/ld+json\" class=\"yoast-schema-graph\">{\"@context\":\"https:\\\/\\\/schema.org\",\"@graph\":[{\"@type\":\"WebPage\",\"@id\":\"https:\\\/\\\/silo.dk\\\/\",\"url\":\"https:\\\/\\\/silo.dk\\\/\",\"name\":\"Mosegaard Silo A\\\/S - Professionel Opbevaring af Foder!\",\"isPartOf\":{\"@id\":\"https:\\\/\\\/silo.dk\\\/#website\"},\"datePublished\":\"2015-03-11T20:06:46+00:00\",\"dateModified\":\"2017-08-03T10:59:04+00:00\",\"description\":\"Moseg\u00e5rd Silo -store udvalg af siloer, overgangsstykker, blanderier, fodermaskiner, snegleudtag! Specielle udf\u00f8relser af silo tilpasset vores kunders behov!\",\"breadcrumb\":{\"@id\":\"https:\\\/\\\/silo.dk\\\/#breadcrumb\"},\"inLanguage\":\"de\",\"potentialAction\":[{\"@type\":\"ReadAction\",\"target\":[\"https:\\\/\\\/silo.dk\\\/\"]}]},{\"@type\":\"BreadcrumbList\",\"@id\":\"https:\\\/\\\/silo.dk\\\/#breadcrumb\",\"itemListElement\":[{\"@type\":\"ListItem\",\"position\":1,\"name\":\"Home\",\"item\":\"https:\\\/\\\/silo.dk\\\/\"},{\"@type\":\"ListItem\",\"position\":2,\"name\":\"Moseg\u00e5rd Silo -professionel opbevaring af foder.\"}]},{\"@type\":\"WebSite\",\"@id\":\"https:\\\/\\\/silo.dk\\\/#website\",\"url\":\"https:\\\/\\\/silo.dk\\\/\",\"name\":\"Moseg\u00e5rd Silo A\\\/S\",\"description\":\"Salg af siloer til det danske landbrug\",\"potentialAction\":[{\"@type\":\"SearchAction\",\"target\":{\"@type\":\"EntryPoint\",\"urlTemplate\":\"https:\\\/\\\/silo.dk\\\/?s={search_term_string}\"},\"query-input\":{\"@type\":\"PropertyValueSpecification\",\"valueRequired\":true,\"valueName\":\"search_term_string\"}}],\"inLanguage\":\"de\"}]}<\/script>\n<!-- \/ Yoast SEO plugin. -->","yoast_head_json":{"title":"Mosegaard Silo A\/S - Professionel Opbevaring af Foder!","description":"Moseg\u00e5rd Silo -store udvalg af siloer, overgangsstykker, blanderier, fodermaskiner, snegleudtag! Specielle udf\u00f8relser af silo tilpasset vores kunders behov!","robots":{"index":"index","follow":"follow","max-snippet":"max-snippet:-1","max-image-preview":"max-image-preview:large","max-video-preview":"max-video-preview:-1"},"canonical":"https:\/\/silo.dk\/","og_locale":"de_DE","og_type":"article","og_title":"Mosegaard Silo A\/S - Professionel Opbevaring af Foder!","og_description":"Moseg\u00e5rd Silo -store udvalg af siloer, overgangsstykker, blanderier, fodermaskiner, snegleudtag! Specielle udf\u00f8relser af silo tilpasset vores kunders behov!","og_url":"https:\/\/silo.dk\/","og_site_name":"Moseg\u00e5rd Silo A\/S","article_publisher":"https:\/\/www.facebook.com\/Oegendahls.Maskinfabrik","article_modified_time":"2017-08-03T10:59:04+00:00","twitter_card":"summary_large_image","twitter_misc":{"Gesch\u00e4tzte Lesezeit":"3\u00a0Minuten"},"schema":{"@context":"https:\/\/schema.org","@graph":[{"@type":"WebPage","@id":"https:\/\/silo.dk\/","url":"https:\/\/silo.dk\/","name":"Mosegaard Silo A\/S - Professionel Opbevaring af Foder!","isPartOf":{"@id":"https:\/\/silo.dk\/#website"},"datePublished":"2015-03-11T20:06:46+00:00","dateModified":"2017-08-03T10:59:04+00:00","description":"Moseg\u00e5rd Silo -store udvalg af siloer, overgangsstykker, blanderier, fodermaskiner, snegleudtag! Specielle udf\u00f8relser af silo tilpasset vores kunders behov!","breadcrumb":{"@id":"https:\/\/silo.dk\/#breadcrumb"},"inLanguage":"de","potentialAction":[{"@type":"ReadAction","target":["https:\/\/silo.dk\/"]}]},{"@type":"BreadcrumbList","@id":"https:\/\/silo.dk\/#breadcrumb","itemListElement":[{"@type":"ListItem","position":1,"name":"Home","item":"https:\/\/silo.dk\/"},{"@type":"ListItem","position":2,"name":"Moseg\u00e5rd Silo -professionel opbevaring af foder."}]},{"@type":"WebSite","@id":"https:\/\/silo.dk\/#website","url":"https:\/\/silo.dk\/","name":"Moseg\u00e5rd Silo A\/S","description":"Salg af siloer til det danske landbrug","potentialAction":[{"@type":"SearchAction","target":{"@type":"EntryPoint","urlTemplate":"https:\/\/silo.dk\/?s={search_term_string}"},"query-input":{"@type":"PropertyValueSpecification","valueRequired":true,"valueName":"search_term_string"}}],"inLanguage":"de"}]}},"_links":{"self":[{"href":"https:\/\/silo.dk\/de\/wp-json\/wp\/v2\/pages\/39","targetHints":{"allow":["GET"]}}],"collection":[{"href":"https:\/\/silo.dk\/de\/wp-json\/wp\/v2\/pages"}],"about":[{"href":"https:\/\/silo.dk\/de\/wp-json\/wp\/v2\/types\/page"}],"author":[{"embeddable":true,"href":"https:\/\/silo.dk\/de\/wp-json\/wp\/v2\/users\/1"}],"replies":[{"embeddable":true,"href":"https:\/\/silo.dk\/de\/wp-json\/wp\/v2\/comments?post=39"}],"version-history":[{"count":36,"href":"https:\/\/silo.dk\/de\/wp-json\/wp\/v2\/pages\/39\/revisions"}],"predecessor-version":[{"id":2756,"href":"https:\/\/silo.dk\/de\/wp-json\/wp\/v2\/pages\/39\/revisions\/2756"}],"wp:attachment":[{"href":"https:\/\/silo.dk\/de\/wp-json\/wp\/v2\/media?parent=39"}],"curies":[{"name":"wp","href":"https:\/\/api.w.org\/{rel}","templated":true}]}}