
{"id":457,"date":"2015-03-21T15:44:15","date_gmt":"2015-03-21T15:44:15","guid":{"rendered":"http:\/\/silo.dk\/?page_id=457"},"modified":"2019-08-05T07:16:33","modified_gmt":"2019-08-05T07:16:33","slug":"siloer","status":"publish","type":"page","link":"https:\/\/silo.dk\/de\/siloer\/","title":{"rendered":"Silos"},"content":{"rendered":"<p><\/p>\n<div class=\"list-group\"><a class=\"list-group-item\"><i class=\"fa fa-cubes fa-lg\"><\/i>\u00a0 Silo Kegel werden aus starken Vierkantrohren, Winkeln und U-Profilen hergestellt. Der Kegel wird komplett verschwei\u00dft, grundiert und mit blauem Hammerschlag lackiert. Der Silo Kegel ist mit zwei Fensterl\u00e4den und niedrigen Trennw\u00e4nden ausgestattet. So bleiben etwa 300-400 kg Futter im Silo zur\u00fcck, nachdem eine Seite geleert wurde <\/a><br \/>\n<a class=\"list-group-item\"><i class=\"fa fa-check-square-o fa-lg\"><\/i>\u00a0 Die Silo Zargen werden aus 22 mm Spanplatten mit wei\u00dfer Melaminbeschichtung und in Sonderqualit\u00e4t hergestellt.<\/a><br \/>\n<a class=\"list-group-item\"><i class=\"fa fa-thumbs-o-up fa-lg\"><\/i>\u00a0 F\u00fcr das Einblasen aus einem Futtermitteltransporter lassen sich alle Silos mit 100 mm Stahlrohren ausger\u00fcstet.<\/a><br \/>\n<a class=\"list-group-item\"><i class=\"fa fa-star-o fa-lg\"><\/i>\u00a0 Anhand der gro\u00dfen Auswahl an Moseg\u00e5rd Adaptern lassen sich die Silos mit Mischm\u00fchlen, Futtermaschinen, F\u00f6rderschneckenabzweigungen u.a.m. verbinden.<\/a><br \/>\n<a class=\"list-group-item\"><i class=\"fa fa-wrench fa-lg\"><\/i>\u00a0 Umfangreiches Zubeh\u00f6r f\u00fcr Silos.<\/a><br \/>\n<a class=\"list-group-item\"><i class=\"fa fa-smile-o fa-lg\"><\/i>\u00a0 Silo-Sonderausf\u00fchrungen k\u00f6nnen nach Wunsch hergestellt werden, damit der Silo sich Ihren W\u00fcnschen und Ihren Geb\u00e4uden anpasst.<\/a><\/div>\n<p>&nbsp;<\/p>\n<h3><strong>Alle Silos k\u00f6nnen mit V-Boden \/ Schnecken Silo geliefert werden<\/strong><\/h3>\n<div class=\"col-md-4 \">\n<ul class=\"portfolio-filter nav nav-stacked\">\n<li title=\"\" data-original-title=\"\"><a href=\"http:\/\/silo.dk\/siloer\/type-11060\/\" data-filter=\"*\"><strong>Silo Typ 110\/60\u00b0<\/strong> <\/a><\/li>\n<li title=\"\" data-original-title=\"\"><a href=\"http:\/\/silo.dk\/siloer\/type-110210-med-2-rum-udlob-45x45-cm\/\" data-filter=\".Arts\"><strong>Silo Typ 110\/210 \u2013 mit 2 F\u00e4chern<\/strong><\/a><\/li>\n<li title=\"\" data-original-title=\"\"><a href=\"http:\/\/silo.dk\/siloer\/type-110310-med-3-rum-udlob-45x45-cm\/\" data-filter=\".Buildings\"><strong>Silo Typ 110\/310 \u2013 mit 3 F\u00e4chern<\/strong><\/a><\/li>\n<li title=\"\" data-original-title=\"\"><a href=\"http:\/\/silo.dk\/siloer\/type-13060\/\" data-filter=\"*\"><strong>Silo Typ 130\/60\u00b0<\/strong> <\/a><\/li>\n<li title=\"\" data-original-title=\"\"><a href=\"http:\/\/silo.dk\/siloer\/type-15060\/\" data-filter=\".Arts\"><strong>Silo Typ 150\/60\u00b0<\/strong><\/a><\/li>\n<li title=\"\" data-original-title=\"\"><a href=\"http:\/\/silo.dk\/siloer\/type-150200\/\" data-filter=\".Buildings\"><strong>Silo Typ 150\/200<\/strong><\/a><\/li>\n<li title=\"\" data-original-title=\"\"><a href=\"http:\/\/silo.dk\/siloer\/type-20049\/\" data-filter=\"*\"><strong>Silo Typ 200\/49\u00b0<\/strong> <\/a><\/li>\n<li title=\"\" data-original-title=\"\"><a href=\"http:\/\/silo.dk\/siloer\/type-20060\/\" data-filter=\".Arts\"><strong>Silo Typ 200\/60\u00b0 <\/strong><\/a><\/li>\n<li title=\"\" data-original-title=\"\"><a href=\"http:\/\/silo.dk\/siloer\/type-150300\/\" data-filter=\".Buildings\"><strong>Silo Typ 150\/300<\/strong><\/a><\/li>\n<\/ul>\n<\/div>\n<div class=\"col-md-4 \">\n<ul class=\"portfolio-filter nav nav-stacked\">\n<li title=\"\" data-original-title=\"\"><a href=\"http:\/\/silo.dk\/siloer\/type-210310\/\" data-filter=\"*\"><strong>Silo Typ 210\/310<\/strong> <\/a><\/li>\n<li title=\"\" data-original-title=\"\"><a href=\"http:\/\/silo.dk\/siloer\/type-25049\/\" data-filter=\".Arts\"><strong>Silo Typ 250\/49\u00b0<\/strong><\/a><\/li>\n<li title=\"\" data-original-title=\"\"><a href=\"http:\/\/silo.dk\/siloer\/type-25060\/\" data-filter=\".Buildings\"><strong>Silo Typ 250\/60\u00b0<\/strong><\/a><\/li>\n<li title=\"\" data-original-title=\"\"><a href=\"http:\/\/silo.dk\/siloer\/type-300485\/\" data-filter=\"*\"><strong>Silo Typ 300\/48,5\u00b0\u00a0<\/strong> <\/a><\/li>\n<li title=\"\" data-original-title=\"\"><a href=\"http:\/\/silo.dk\/siloer\/type-30060\/\" data-filter=\".Arts\"><strong>Silo Typ 300\/60\u00b0<\/strong><\/a><\/li>\n<li title=\"\" data-original-title=\"\"><a href=\"http:\/\/silo.dk\/siloer\/type-300300-for-horisontal-snegl\/\" data-filter=\".Buildings\"><strong>Silo Typ 300\/300 f\u00fcr horizontale F\u00f6rderschnecke<\/strong><\/a><\/li>\n<li title=\"\" data-original-title=\"\"><a href=\"http:\/\/silo.dk\/siloer\/silo-til-vanskelig-produkter\/\" data-filter=\"*\"><strong>Silo f\u00fcr schwierige Produkte<\/strong> <\/a><\/li>\n<li title=\"\" data-original-title=\"\"><a href=\"http:\/\/silo.dk\/siloer\/m3f-type-16063-mineralsilo\/\" data-filter=\".Arts\"><strong>Mineral Silo M3F 160\/63\u00b0<\/strong><\/a><\/li>\n<li title=\"\" data-original-title=\"\"><a href=\"http:\/\/silo.dk\/siloer\/silobund-med-ben\/\" data-filter=\".Buildings\"><strong>Silo Boden mit Beinen<\/strong><\/a><\/li>\n<\/ul>\n<\/div>\n<div class=\"col-md-4 \"><img loading=\"lazy\" decoding=\"async\" class=\"so-widget-image alignright\" style=\"max-width: 100%; height: auto; display: block;\" src=\"http:\/\/silo.dk\/wp-content\/uploads\/2015\/03\/billeder-2-042.jpg\" alt=\"\" width=\"447\" height=\"355\" \/><\/div>\n<p><\/p>","protected":false},"excerpt":{"rendered":"<p>\u00a0 Silo Kegel werden aus starken Vierkantrohren, Winkeln und U-Profilen hergestellt. Der Kegel wird komplett verschwei\u00dft, grundiert und mit blauem Hammerschlag lackiert. Der Silo Kegel ist mit zwei Fensterl\u00e4den und niedrigen Trennw\u00e4nden ausgestattet. So bleiben etwa 300-400 kg Futter im Silo zur\u00fcck, nachdem eine Seite geleert wurde \u00a0 Die Silo Zargen werden aus 22 mm<\/p>\n","protected":false},"author":1,"featured_media":0,"parent":0,"menu_order":0,"comment_status":"closed","ping_status":"closed","template":"fullwidth.php","meta":{"_monsterinsights_skip_tracking":false,"_monsterinsights_sitenote_active":false,"_monsterinsights_sitenote_note":"","_monsterinsights_sitenote_category":0,"footnotes":""},"class_list":["post-457","page","type-page","status-publish","hentry"],"yoast_head":"<!-- This site is optimized with the Yoast SEO plugin v27.5 - https:\/\/yoast.com\/product\/yoast-seo-wordpress\/ -->\n<title>Flotteste Siloer - Moseg\u00e5rd Silo A\/S<\/title>\n<meta name=\"description\" content=\"Moseg\u00e5rd Silo kan fremstilles specielle udf\u00f8relser efter opgave, s\u00e5 siloer passer til dine \u00f8nsker &amp; bygninger. Stort udvalg af siloer og tilbeh\u00f8r til siloer\" \/>\n<meta name=\"robots\" content=\"index, follow, max-snippet:-1, max-image-preview:large, max-video-preview:-1\" \/>\n<link rel=\"canonical\" href=\"https:\/\/silo.dk\/en\/siloer\/\" \/>\n<meta property=\"og:locale\" content=\"de_DE\" \/>\n<meta property=\"og:type\" content=\"article\" \/>\n<meta property=\"og:title\" content=\"Flotteste Siloer - Moseg\u00e5rd Silo A\/S\" \/>\n<meta property=\"og:description\" content=\"Moseg\u00e5rd Silo kan fremstilles specielle udf\u00f8relser efter opgave, s\u00e5 siloer passer til dine \u00f8nsker &amp; bygninger. Stort udvalg af siloer og tilbeh\u00f8r til siloer\" \/>\n<meta property=\"og:url\" content=\"https:\/\/silo.dk\/en\/siloer\/\" \/>\n<meta property=\"og:site_name\" content=\"Moseg\u00e5rd Silo A\/S\" \/>\n<meta property=\"article:publisher\" content=\"https:\/\/www.facebook.com\/Oegendahls.Maskinfabrik\" \/>\n<meta property=\"article:modified_time\" content=\"2019-08-05T07:16:33+00:00\" \/>\n<meta property=\"og:image\" content=\"http:\/\/silo.dk\/wp-content\/uploads\/2015\/03\/billeder-2-042.jpg\" \/>\n<meta name=\"twitter:card\" content=\"summary_large_image\" \/>\n<meta name=\"twitter:label1\" content=\"Gesch\u00e4tzte Lesezeit\" \/>\n\t<meta name=\"twitter:data1\" content=\"5\u00a0Minuten\" \/>\n<script type=\"application\/ld+json\" class=\"yoast-schema-graph\">{\"@context\":\"https:\\\/\\\/schema.org\",\"@graph\":[{\"@type\":\"WebPage\",\"@id\":\"https:\\\/\\\/silo.dk\\\/en\\\/siloer\\\/\",\"url\":\"https:\\\/\\\/silo.dk\\\/en\\\/siloer\\\/\",\"name\":\"Flotteste Siloer - Moseg\u00e5rd Silo A\\\/S\",\"isPartOf\":{\"@id\":\"https:\\\/\\\/silo.dk\\\/#website\"},\"primaryImageOfPage\":{\"@id\":\"https:\\\/\\\/silo.dk\\\/en\\\/siloer\\\/#primaryimage\"},\"image\":{\"@id\":\"https:\\\/\\\/silo.dk\\\/en\\\/siloer\\\/#primaryimage\"},\"thumbnailUrl\":\"http:\\\/\\\/silo.dk\\\/wp-content\\\/uploads\\\/2015\\\/03\\\/billeder-2-042.jpg\",\"datePublished\":\"2015-03-21T15:44:15+00:00\",\"dateModified\":\"2019-08-05T07:16:33+00:00\",\"description\":\"Moseg\u00e5rd Silo kan fremstilles specielle udf\u00f8relser efter opgave, s\u00e5 siloer passer til dine \u00f8nsker & bygninger. Stort udvalg af siloer og tilbeh\u00f8r til siloer\",\"breadcrumb\":{\"@id\":\"https:\\\/\\\/silo.dk\\\/en\\\/siloer\\\/#breadcrumb\"},\"inLanguage\":\"de\",\"potentialAction\":[{\"@type\":\"ReadAction\",\"target\":[\"https:\\\/\\\/silo.dk\\\/en\\\/siloer\\\/\"]}]},{\"@type\":\"ImageObject\",\"inLanguage\":\"de\",\"@id\":\"https:\\\/\\\/silo.dk\\\/en\\\/siloer\\\/#primaryimage\",\"url\":\"http:\\\/\\\/silo.dk\\\/wp-content\\\/uploads\\\/2015\\\/03\\\/billeder-2-042.jpg\",\"contentUrl\":\"http:\\\/\\\/silo.dk\\\/wp-content\\\/uploads\\\/2015\\\/03\\\/billeder-2-042.jpg\"},{\"@type\":\"BreadcrumbList\",\"@id\":\"https:\\\/\\\/silo.dk\\\/en\\\/siloer\\\/#breadcrumb\",\"itemListElement\":[{\"@type\":\"ListItem\",\"position\":1,\"name\":\"Home\",\"item\":\"https:\\\/\\\/silo.dk\\\/\"},{\"@type\":\"ListItem\",\"position\":2,\"name\":\"Silos\"}]},{\"@type\":\"WebSite\",\"@id\":\"https:\\\/\\\/silo.dk\\\/#website\",\"url\":\"https:\\\/\\\/silo.dk\\\/\",\"name\":\"Moseg\u00e5rd Silo A\\\/S\",\"description\":\"Salg af siloer til det danske landbrug\",\"potentialAction\":[{\"@type\":\"SearchAction\",\"target\":{\"@type\":\"EntryPoint\",\"urlTemplate\":\"https:\\\/\\\/silo.dk\\\/?s={search_term_string}\"},\"query-input\":{\"@type\":\"PropertyValueSpecification\",\"valueRequired\":true,\"valueName\":\"search_term_string\"}}],\"inLanguage\":\"de\"}]}<\/script>\n<!-- \/ Yoast SEO plugin. -->","yoast_head_json":{"title":"Flotteste Siloer - Moseg\u00e5rd Silo A\/S","description":"Moseg\u00e5rd Silo kan fremstilles specielle udf\u00f8relser efter opgave, s\u00e5 siloer passer til dine \u00f8nsker & bygninger. Stort udvalg af siloer og tilbeh\u00f8r til siloer","robots":{"index":"index","follow":"follow","max-snippet":"max-snippet:-1","max-image-preview":"max-image-preview:large","max-video-preview":"max-video-preview:-1"},"canonical":"https:\/\/silo.dk\/en\/siloer\/","og_locale":"de_DE","og_type":"article","og_title":"Flotteste Siloer - Moseg\u00e5rd Silo A\/S","og_description":"Moseg\u00e5rd Silo kan fremstilles specielle udf\u00f8relser efter opgave, s\u00e5 siloer passer til dine \u00f8nsker & bygninger. Stort udvalg af siloer og tilbeh\u00f8r til siloer","og_url":"https:\/\/silo.dk\/en\/siloer\/","og_site_name":"Moseg\u00e5rd Silo A\/S","article_publisher":"https:\/\/www.facebook.com\/Oegendahls.Maskinfabrik","article_modified_time":"2019-08-05T07:16:33+00:00","og_image":[{"url":"http:\/\/silo.dk\/wp-content\/uploads\/2015\/03\/billeder-2-042.jpg","type":"","width":"","height":""}],"twitter_card":"summary_large_image","twitter_misc":{"Gesch\u00e4tzte Lesezeit":"5\u00a0Minuten"},"schema":{"@context":"https:\/\/schema.org","@graph":[{"@type":"WebPage","@id":"https:\/\/silo.dk\/en\/siloer\/","url":"https:\/\/silo.dk\/en\/siloer\/","name":"Flotteste Siloer - Moseg\u00e5rd Silo A\/S","isPartOf":{"@id":"https:\/\/silo.dk\/#website"},"primaryImageOfPage":{"@id":"https:\/\/silo.dk\/en\/siloer\/#primaryimage"},"image":{"@id":"https:\/\/silo.dk\/en\/siloer\/#primaryimage"},"thumbnailUrl":"http:\/\/silo.dk\/wp-content\/uploads\/2015\/03\/billeder-2-042.jpg","datePublished":"2015-03-21T15:44:15+00:00","dateModified":"2019-08-05T07:16:33+00:00","description":"Moseg\u00e5rd Silo kan fremstilles specielle udf\u00f8relser efter opgave, s\u00e5 siloer passer til dine \u00f8nsker & bygninger. Stort udvalg af siloer og tilbeh\u00f8r til siloer","breadcrumb":{"@id":"https:\/\/silo.dk\/en\/siloer\/#breadcrumb"},"inLanguage":"de","potentialAction":[{"@type":"ReadAction","target":["https:\/\/silo.dk\/en\/siloer\/"]}]},{"@type":"ImageObject","inLanguage":"de","@id":"https:\/\/silo.dk\/en\/siloer\/#primaryimage","url":"http:\/\/silo.dk\/wp-content\/uploads\/2015\/03\/billeder-2-042.jpg","contentUrl":"http:\/\/silo.dk\/wp-content\/uploads\/2015\/03\/billeder-2-042.jpg"},{"@type":"BreadcrumbList","@id":"https:\/\/silo.dk\/en\/siloer\/#breadcrumb","itemListElement":[{"@type":"ListItem","position":1,"name":"Home","item":"https:\/\/silo.dk\/"},{"@type":"ListItem","position":2,"name":"Silos"}]},{"@type":"WebSite","@id":"https:\/\/silo.dk\/#website","url":"https:\/\/silo.dk\/","name":"Moseg\u00e5rd Silo A\/S","description":"Salg af siloer til det danske landbrug","potentialAction":[{"@type":"SearchAction","target":{"@type":"EntryPoint","urlTemplate":"https:\/\/silo.dk\/?s={search_term_string}"},"query-input":{"@type":"PropertyValueSpecification","valueRequired":true,"valueName":"search_term_string"}}],"inLanguage":"de"}]}},"_links":{"self":[{"href":"https:\/\/silo.dk\/de\/wp-json\/wp\/v2\/pages\/457","targetHints":{"allow":["GET"]}}],"collection":[{"href":"https:\/\/silo.dk\/de\/wp-json\/wp\/v2\/pages"}],"about":[{"href":"https:\/\/silo.dk\/de\/wp-json\/wp\/v2\/types\/page"}],"author":[{"embeddable":true,"href":"https:\/\/silo.dk\/de\/wp-json\/wp\/v2\/users\/1"}],"replies":[{"embeddable":true,"href":"https:\/\/silo.dk\/de\/wp-json\/wp\/v2\/comments?post=457"}],"version-history":[{"count":153,"href":"https:\/\/silo.dk\/de\/wp-json\/wp\/v2\/pages\/457\/revisions"}],"predecessor-version":[{"id":2797,"href":"https:\/\/silo.dk\/de\/wp-json\/wp\/v2\/pages\/457\/revisions\/2797"}],"wp:attachment":[{"href":"https:\/\/silo.dk\/de\/wp-json\/wp\/v2\/media?parent=457"}],"curies":[{"name":"wp","href":"https:\/\/api.w.org\/{rel}","templated":true}]}}