
{"id":591,"date":"2015-03-22T03:40:17","date_gmt":"2015-03-22T03:40:17","guid":{"rendered":"http:\/\/silo.dk\/?page_id=591"},"modified":"2017-08-03T11:19:52","modified_gmt":"2017-08-03T11:19:52","slug":"overbygninger","status":"publish","type":"page","link":"https:\/\/silo.dk\/de\/tilbehoer\/overbygninger\/","title":{"rendered":"Melamin \u00dcberbauung"},"content":{"rendered":"<p><\/p>\n<h3 style=\"text-align: right;\">\u00dcberbauung 63 cm 1\u00a0Raum<\/h3>\n<p><img loading=\"lazy\" decoding=\"async\" class=\"alignright img-responsive size-medium wp-image-592\" src=\"http:\/\/silo.dk\/wp-content\/uploads\/2015\/03\/side4-1-top-232x300.jpg\" alt=\"T:ASYMBSILOSILO5E5-63U Model (1)\" width=\"205\" height=\"300\" \/><\/p>\n<table width=\"210\">\n<tbody>\n<tr>\n<th scope=\"row\" width=\"64\">\n<div align=\"left\">63 cm<br \/>\nSilo type:<\/div>\n<\/th>\n<td width=\"64\">\n<div align=\"right\"><strong>1 Raum<\/strong><\/div>\n<\/td>\n<td width=\"66\">\n<div align=\"right\"><strong>2 Reume<\/strong><\/div>\n<\/td>\n<\/tr>\n<tr>\n<th scope=\"row\">\n<div align=\"left\">Silo type 110\/60\u00b0<\/div>\n<\/th>\n<td>\n<div align=\"right\">E1-63<\/div>\n<\/td>\n<td><\/td>\n<\/tr>\n<tr>\n<th scope=\"row\">\n<div align=\"left\">Silo Type 130\/60\u00b0<\/div>\n<\/th>\n<td>\n<div align=\"right\">E2-63<\/div>\n<\/td>\n<td><\/td>\n<\/tr>\n<tr>\n<th scope=\"row\">\n<div align=\"left\">Silo Type 150\/60\u00b0<\/div>\n<\/th>\n<td>\n<div align=\"right\">E3-63<\/div>\n<\/td>\n<td>\n<div align=\"right\">E3-63S<\/div>\n<\/td>\n<\/tr>\n<tr>\n<th scope=\"row\">\n<div align=\"left\">Silo Type 150\/200 &#8211; 49\u00b0\/60\u00b0<\/div>\n<\/th>\n<td>\n<div align=\"right\">E4-63<\/div>\n<\/td>\n<td>\n<div align=\"right\">E4-63S<\/div>\n<\/td>\n<\/tr>\n<tr>\n<th scope=\"row\">\n<div align=\"left\">Silo Type 200\/49\u00b0<\/div>\n<\/th>\n<td>\n<div align=\"right\">E5-63<\/div>\n<\/td>\n<td>\n<div align=\"right\">E5-63S<\/div>\n<\/td>\n<\/tr>\n<tr>\n<th scope=\"row\">\n<div align=\"left\">Silo Type 200\/60\u00b0<\/div>\n<\/th>\n<td>\n<div align=\"right\">E6-63<\/div>\n<\/td>\n<td>\n<div align=\"right\">E6-63S<\/div>\n<\/td>\n<\/tr>\n<tr>\n<th scope=\"row\">\n<div align=\"left\">Silo Type 150\/300 &#8211; 47\u00b0\/70\u00b0<\/div>\n<\/th>\n<td>\n<div align=\"right\">E7-63<\/div>\n<\/td>\n<td>\n<div align=\"right\">E7-63S<\/div>\n<\/td>\n<\/tr>\n<tr>\n<th scope=\"row\">\n<div align=\"left\">Silo Type 210\/310 &#8211; 47\u00b0\/60\u00b0<\/div>\n<\/th>\n<td>\n<div align=\"right\">E8-63<\/div>\n<\/td>\n<td>\n<div align=\"right\">E8-63S<\/div>\n<\/td>\n<\/tr>\n<tr>\n<th scope=\"row\">\n<div align=\"left\">Silo Type 250\/49\u00b0<\/div>\n<\/th>\n<td>\n<div align=\"right\">E9-63<\/div>\n<\/td>\n<td>\n<div align=\"right\">E9-63S<\/div>\n<\/td>\n<\/tr>\n<tr>\n<th scope=\"row\">\n<div align=\"left\">Silo Type 250\/60\u00b0<\/div>\n<\/th>\n<td>\n<div align=\"right\">E10-63<\/div>\n<\/td>\n<td>\n<div align=\"right\">E10-63S<\/div>\n<\/td>\n<\/tr>\n<tr>\n<th scope=\"row\">\n<div align=\"left\">Silo Type 300\/48,5\u00b0<\/div>\n<\/th>\n<td>\n<div align=\"right\">E11-63<\/div>\n<\/td>\n<td>\n<div align=\"right\">E11-63S<\/div>\n<\/td>\n<\/tr>\n<tr>\n<th scope=\"row\">\n<div align=\"left\">Silo Type 300\/60\u00b0<\/div>\n<\/th>\n<td>\n<div align=\"right\">E12-63<\/div>\n<\/td>\n<td>\n<div align=\"right\">E12-63S<\/div>\n<\/td>\n<\/tr>\n<\/tbody>\n<\/table>\n<h3 style=\"text-align: right;\">\u00dcberbauung 152cm 1\u00a0Raum<\/h3>\n<p><img loading=\"lazy\" decoding=\"async\" class=\"alignright img-responsive size-medium wp-image-597\" src=\"http:\/\/silo.dk\/wp-content\/uploads\/2015\/03\/side4-1-nede-232x300.jpg\" alt=\"T:ASYMBSILOSILO22-3-1-45 Model (1)\" width=\"205\" height=\"300\" \/><\/p>\n<table width=\"210\">\n<tbody>\n<tr>\n<th scope=\"row\" width=\"72\">\n<div align=\"left\">152 cm<br \/>\nSilo type:<\/div>\n<\/th>\n<td width=\"126\">\n<div align=\"right\"><strong>1 Raum<\/strong><\/div>\n<\/td>\n<\/tr>\n<tr>\n<th scope=\"row\">\n<div align=\"left\">Silo Type 110\/60\u00b0<\/div>\n<\/th>\n<td>\n<div align=\"right\">E1-152<\/div>\n<\/td>\n<\/tr>\n<tr>\n<th scope=\"row\">\n<div align=\"left\">Silo type 110\/210 2 Reume<\/div>\n<\/th>\n<td>\n<div align=\"right\">E1-152-2<\/div>\n<\/td>\n<\/tr>\n<tr>\n<th scope=\"row\">\n<div align=\"left\">Silo type 110\/310 3 Reume<\/div>\n<\/th>\n<td>\n<div align=\"right\">E1-152-3<\/div>\n<\/td>\n<\/tr>\n<tr>\n<th scope=\"row\">\n<div align=\"left\">Silo Type 130\/60\u00b0<\/div>\n<\/th>\n<td>\n<div align=\"right\">E2-152<\/div>\n<\/td>\n<\/tr>\n<\/tbody>\n<\/table>\n<p><\/p>","protected":false},"excerpt":{"rendered":"<p>\u00dcberbauung 63 cm 1\u00a0Raum 63 cm Silo type: 1 Raum 2 Reume Silo type 110\/60\u00b0 E1-63 Silo Type 130\/60\u00b0 E2-63 Silo Type 150\/60\u00b0 E3-63 E3-63S Silo Type 150\/200 &#8211; 49\u00b0\/60\u00b0 E4-63 E4-63S Silo Type 200\/49\u00b0 E5-63 E5-63S Silo Type 200\/60\u00b0 E6-63 E6-63S Silo Type 150\/300 &#8211; 47\u00b0\/70\u00b0 E7-63 E7-63S Silo Type 210\/310 &#8211; 47\u00b0\/60\u00b0 E8-63<\/p>\n","protected":false},"author":1,"featured_media":0,"parent":563,"menu_order":0,"comment_status":"closed","ping_status":"closed","template":"","meta":{"_monsterinsights_skip_tracking":false,"_monsterinsights_sitenote_active":false,"_monsterinsights_sitenote_note":"","_monsterinsights_sitenote_category":0,"footnotes":""},"class_list":["post-591","page","type-page","status-publish","hentry"],"yoast_head":"<!-- This site is optimized with the Yoast SEO plugin v27.5 - https:\/\/yoast.com\/product\/yoast-seo-wordpress\/ -->\n<title>Melamin \u00dcberbauung - Moseg\u00e5rd Silo A\/S<\/title>\n<meta name=\"description\" content=\"Moseg\u00e5rd Silo tilbyder melamin overbygninger som standard 63 cm og 152 cm med 1 rum eller 2 rum. Se vores hjemmeside eller kontakt os for mere oplysninger!\" \/>\n<meta name=\"robots\" content=\"index, follow, max-snippet:-1, max-image-preview:large, max-video-preview:-1\" \/>\n<link rel=\"canonical\" href=\"https:\/\/silo.dk\/tilbehoer\/overbygninger\/\" \/>\n<meta property=\"og:locale\" content=\"de_DE\" \/>\n<meta property=\"og:type\" content=\"article\" \/>\n<meta property=\"og:title\" content=\"[:DA]Melamin Overbygninger [:en]Melamine superstructure [:de]Melamin \u00dcberbauung[:sv]Melamin \u00d6verbyggningar[:pl]Zabudowy[:] - Moseg\u00e5rd Silo A\/S\" \/>\n<meta property=\"og:description\" content=\"Moseg\u00e5rd Silo tilbyder melamin overbygninger som standard 63 cm og 152 cm med 1 rum eller 2 rum. Se vores hjemmeside eller kontakt os for mere oplysninger!\" \/>\n<meta property=\"og:url\" content=\"https:\/\/silo.dk\/tilbehoer\/overbygninger\/\" \/>\n<meta property=\"og:site_name\" content=\"Moseg\u00e5rd Silo A\/S\" \/>\n<meta property=\"article:publisher\" content=\"https:\/\/www.facebook.com\/Oegendahls.Maskinfabrik\" \/>\n<meta property=\"article:modified_time\" content=\"2017-08-03T11:19:52+00:00\" \/>\n<meta property=\"og:image\" content=\"https:\/\/silo.dk\/wp-content\/uploads\/2015\/03\/side4-1-top.jpg\" \/>\n\t<meta property=\"og:image:width\" content=\"245\" \/>\n\t<meta property=\"og:image:height\" content=\"317\" \/>\n\t<meta property=\"og:image:type\" content=\"image\/jpeg\" \/>\n<meta name=\"twitter:card\" content=\"summary_large_image\" \/>\n<meta name=\"twitter:label1\" content=\"Gesch\u00e4tzte Lesezeit\" \/>\n\t<meta name=\"twitter:data1\" content=\"3\u00a0Minuten\" \/>\n<script type=\"application\/ld+json\" class=\"yoast-schema-graph\">{\"@context\":\"https:\\\/\\\/schema.org\",\"@graph\":[{\"@type\":\"WebPage\",\"@id\":\"https:\\\/\\\/silo.dk\\\/tilbehoer\\\/overbygninger\\\/\",\"url\":\"https:\\\/\\\/silo.dk\\\/tilbehoer\\\/overbygninger\\\/\",\"name\":\"[:DA]Melamin Overbygninger [:en]Melamine superstructure [:de]Melamin \u00dcberbauung[:sv]Melamin \u00d6verbyggningar[:pl]Zabudowy[:] - Moseg\u00e5rd Silo A\\\/S\",\"isPartOf\":{\"@id\":\"https:\\\/\\\/silo.dk\\\/#website\"},\"primaryImageOfPage\":{\"@id\":\"https:\\\/\\\/silo.dk\\\/tilbehoer\\\/overbygninger\\\/#primaryimage\"},\"image\":{\"@id\":\"https:\\\/\\\/silo.dk\\\/tilbehoer\\\/overbygninger\\\/#primaryimage\"},\"thumbnailUrl\":\"http:\\\/\\\/silo.dk\\\/wp-content\\\/uploads\\\/2015\\\/03\\\/side4-1-top-232x300.jpg\",\"datePublished\":\"2015-03-22T03:40:17+00:00\",\"dateModified\":\"2017-08-03T11:19:52+00:00\",\"description\":\"Moseg\u00e5rd Silo tilbyder melamin overbygninger som standard 63 cm og 152 cm med 1 rum eller 2 rum. Se vores hjemmeside eller kontakt os for mere oplysninger!\",\"breadcrumb\":{\"@id\":\"https:\\\/\\\/silo.dk\\\/tilbehoer\\\/overbygninger\\\/#breadcrumb\"},\"inLanguage\":\"de\",\"potentialAction\":[{\"@type\":\"ReadAction\",\"target\":[\"https:\\\/\\\/silo.dk\\\/tilbehoer\\\/overbygninger\\\/\"]}]},{\"@type\":\"ImageObject\",\"inLanguage\":\"de\",\"@id\":\"https:\\\/\\\/silo.dk\\\/tilbehoer\\\/overbygninger\\\/#primaryimage\",\"url\":\"http:\\\/\\\/silo.dk\\\/wp-content\\\/uploads\\\/2015\\\/03\\\/side4-1-top-232x300.jpg\",\"contentUrl\":\"http:\\\/\\\/silo.dk\\\/wp-content\\\/uploads\\\/2015\\\/03\\\/side4-1-top-232x300.jpg\"},{\"@type\":\"BreadcrumbList\",\"@id\":\"https:\\\/\\\/silo.dk\\\/tilbehoer\\\/overbygninger\\\/#breadcrumb\",\"itemListElement\":[{\"@type\":\"ListItem\",\"position\":1,\"name\":\"Home\",\"item\":\"https:\\\/\\\/silo.dk\\\/\"},{\"@type\":\"ListItem\",\"position\":2,\"name\":\"Accessories\",\"item\":\"https:\\\/\\\/silo.dk\\\/en\\\/tilbehoer\\\/\"},{\"@type\":\"ListItem\",\"position\":3,\"name\":\"Melamin Overbygninger\"}]},{\"@type\":\"WebSite\",\"@id\":\"https:\\\/\\\/silo.dk\\\/#website\",\"url\":\"https:\\\/\\\/silo.dk\\\/\",\"name\":\"Moseg\u00e5rd Silo A\\\/S\",\"description\":\"Salg af siloer til det danske landbrug\",\"potentialAction\":[{\"@type\":\"SearchAction\",\"target\":{\"@type\":\"EntryPoint\",\"urlTemplate\":\"https:\\\/\\\/silo.dk\\\/?s={search_term_string}\"},\"query-input\":{\"@type\":\"PropertyValueSpecification\",\"valueRequired\":true,\"valueName\":\"search_term_string\"}}],\"inLanguage\":\"de\"}]}<\/script>\n<!-- \/ Yoast SEO plugin. -->","yoast_head_json":{"title":"[:DA]Melamin Overbygninger [:en]Melamine superstructure [:de]Melamin \u00dcberbauung[:sv]Melamin \u00d6verbyggningar[:pl]Zabudowy[:] - Moseg\u00e5rd Silo A\/S","description":"Moseg\u00e5rd Silo tilbyder melamin overbygninger som standard 63 cm og 152 cm med 1 rum eller 2 rum. Se vores hjemmeside eller kontakt os for mere oplysninger!","robots":{"index":"index","follow":"follow","max-snippet":"max-snippet:-1","max-image-preview":"max-image-preview:large","max-video-preview":"max-video-preview:-1"},"canonical":"https:\/\/silo.dk\/tilbehoer\/overbygninger\/","og_locale":"de_DE","og_type":"article","og_title":"[:DA]Melamin Overbygninger [:en]Melamine superstructure [:de]Melamin \u00dcberbauung[:sv]Melamin \u00d6verbyggningar[:pl]Zabudowy[:] - Moseg\u00e5rd Silo A\/S","og_description":"Moseg\u00e5rd Silo tilbyder melamin overbygninger som standard 63 cm og 152 cm med 1 rum eller 2 rum. Se vores hjemmeside eller kontakt os for mere oplysninger!","og_url":"https:\/\/silo.dk\/tilbehoer\/overbygninger\/","og_site_name":"Moseg\u00e5rd Silo A\/S","article_publisher":"https:\/\/www.facebook.com\/Oegendahls.Maskinfabrik","article_modified_time":"2017-08-03T11:19:52+00:00","og_image":[{"width":245,"height":317,"url":"https:\/\/silo.dk\/wp-content\/uploads\/2015\/03\/side4-1-top.jpg","type":"image\/jpeg"}],"twitter_card":"summary_large_image","twitter_misc":{"Gesch\u00e4tzte Lesezeit":"3\u00a0Minuten"},"schema":{"@context":"https:\/\/schema.org","@graph":[{"@type":"WebPage","@id":"https:\/\/silo.dk\/tilbehoer\/overbygninger\/","url":"https:\/\/silo.dk\/tilbehoer\/overbygninger\/","name":"[:DA]Melamin Overbygninger [:en]Melamine superstructure [:de]Melamin \u00dcberbauung[:sv]Melamin \u00d6verbyggningar[:pl]Zabudowy[:] - Moseg\u00e5rd Silo A\/S","isPartOf":{"@id":"https:\/\/silo.dk\/#website"},"primaryImageOfPage":{"@id":"https:\/\/silo.dk\/tilbehoer\/overbygninger\/#primaryimage"},"image":{"@id":"https:\/\/silo.dk\/tilbehoer\/overbygninger\/#primaryimage"},"thumbnailUrl":"http:\/\/silo.dk\/wp-content\/uploads\/2015\/03\/side4-1-top-232x300.jpg","datePublished":"2015-03-22T03:40:17+00:00","dateModified":"2017-08-03T11:19:52+00:00","description":"Moseg\u00e5rd Silo tilbyder melamin overbygninger som standard 63 cm og 152 cm med 1 rum eller 2 rum. Se vores hjemmeside eller kontakt os for mere oplysninger!","breadcrumb":{"@id":"https:\/\/silo.dk\/tilbehoer\/overbygninger\/#breadcrumb"},"inLanguage":"de","potentialAction":[{"@type":"ReadAction","target":["https:\/\/silo.dk\/tilbehoer\/overbygninger\/"]}]},{"@type":"ImageObject","inLanguage":"de","@id":"https:\/\/silo.dk\/tilbehoer\/overbygninger\/#primaryimage","url":"http:\/\/silo.dk\/wp-content\/uploads\/2015\/03\/side4-1-top-232x300.jpg","contentUrl":"http:\/\/silo.dk\/wp-content\/uploads\/2015\/03\/side4-1-top-232x300.jpg"},{"@type":"BreadcrumbList","@id":"https:\/\/silo.dk\/tilbehoer\/overbygninger\/#breadcrumb","itemListElement":[{"@type":"ListItem","position":1,"name":"Home","item":"https:\/\/silo.dk\/"},{"@type":"ListItem","position":2,"name":"Accessories","item":"https:\/\/silo.dk\/en\/tilbehoer\/"},{"@type":"ListItem","position":3,"name":"Melamin Overbygninger"}]},{"@type":"WebSite","@id":"https:\/\/silo.dk\/#website","url":"https:\/\/silo.dk\/","name":"Moseg\u00e5rd Silo A\/S","description":"Salg af siloer til det danske landbrug","potentialAction":[{"@type":"SearchAction","target":{"@type":"EntryPoint","urlTemplate":"https:\/\/silo.dk\/?s={search_term_string}"},"query-input":{"@type":"PropertyValueSpecification","valueRequired":true,"valueName":"search_term_string"}}],"inLanguage":"de"}]}},"_links":{"self":[{"href":"https:\/\/silo.dk\/de\/wp-json\/wp\/v2\/pages\/591","targetHints":{"allow":["GET"]}}],"collection":[{"href":"https:\/\/silo.dk\/de\/wp-json\/wp\/v2\/pages"}],"about":[{"href":"https:\/\/silo.dk\/de\/wp-json\/wp\/v2\/types\/page"}],"author":[{"embeddable":true,"href":"https:\/\/silo.dk\/de\/wp-json\/wp\/v2\/users\/1"}],"replies":[{"embeddable":true,"href":"https:\/\/silo.dk\/de\/wp-json\/wp\/v2\/comments?post=591"}],"version-history":[{"count":44,"href":"https:\/\/silo.dk\/de\/wp-json\/wp\/v2\/pages\/591\/revisions"}],"predecessor-version":[{"id":595,"href":"https:\/\/silo.dk\/de\/wp-json\/wp\/v2\/pages\/591\/revisions\/595"}],"up":[{"embeddable":true,"href":"https:\/\/silo.dk\/de\/wp-json\/wp\/v2\/pages\/563"}],"wp:attachment":[{"href":"https:\/\/silo.dk\/de\/wp-json\/wp\/v2\/media?parent=591"}],"curies":[{"name":"wp","href":"https:\/\/api.w.org\/{rel}","templated":true}]}}