
{"id":1055,"date":"2015-10-11T18:00:54","date_gmt":"2015-10-11T18:00:54","guid":{"rendered":"http:\/\/silo.dk\/?page_id=1055"},"modified":"2016-08-24T09:27:26","modified_gmt":"2016-08-24T09:27:26","slug":"om-os","status":"publish","type":"page","link":"https:\/\/silo.dk\/en\/om-os\/","title":{"rendered":"About us"},"content":{"rendered":"<p><\/p>\n<div class=\"container\">\n<div class=\"row\">\n<div class=\"col-md-12 \">\n<div class=\"about_us_img\">\n\t\t\t\t<img loading=\"lazy\" decoding=\"async\" width=\"1140\" height=\"380\" src=\"http:\/\/silo.dk\/wp-content\/uploads\/2015\/10\/mosegaard-silo-oendahls-mas.jpg\" class=\"img-responsive wp-post-image\" alt=\"people\">\t\t\t<\/div>\n<\/p><\/div>\n<\/div>\n<\/div>\n<h2>Silos producer with emphasis on quality and services<\/h2>\n<h4>Mosegaard Silo\u00a0was founded in 1977 by Ingrid and Kaj Pedersen.<\/h4>\n<p><a href=\"http:\/\/oegendahl.dk\/\">\u00d8gendahls Maskinfabrik A\/S <\/a>took over the company since 2<sup>nd<\/sup> december 2006.<br \/>\nWe know what is possible and how, therefore we always come with good robust solutions. We have the highest expertise and skilled technicians who can solve problems with already installed systems, procure and manage large projects, service, renovate and optimize for your needs. We have the most sustainable and resource-efficient solutions specifically designed to make farmers&#8217; work simpler, easier and more reliable. We have very specialized machinery equipment and extremely skilled employees who has many years of experience in this branch. Our great strength is that we are very flexible and we always listen to our customers, therefore we can adapt to our customers needs and buildings.<br \/>\n&nbsp;<\/p>\n<div class=\"enigma_blog_post_content\">\n<div class=\"enigma_tabs_section\" id=\"enigma_tabs_section\">\n<ul class=\"nav nav-tabs\" id=\"myTab-WordPress\">\n<li class=\"active\" data-original-title=\"\" title=\"\"><a data-toggle=\"tab\" href=\"#WordPress\">Why choosing us?<\/a><\/li>\n<li class=\"\" data-original-title=\"\" title=\"\"><a data-toggle=\"tab\" href=\"#Plugin\">Mission<\/a><\/li>\n<li class=\"\" data-original-title=\"\" title=\"\"><a data-toggle=\"tab\" href=\"#Theme\">Vision<\/a><\/li>\n<\/ul>\n<div id=\"myTabContent\" class=\"tab-content\">\n<div id=\"WordPress\" class=\"tab-pane fade active in\">\n<p class=\"enigma_short_tabs_content\">\n&nbsp;<br \/>\n&nbsp;<i class=\"fa fa-check fa-lg\"><\/i> &nbsp;We put ourselves into the farmer&#8217;s needs, requirements and objectives, and we know this because we have more than 100 years of experience in &nbsp;&nbsp;&nbsp;&nbsp;&nbsp;&nbsp;&nbsp;&nbsp;&nbsp;the agricultural industry<br \/>\n&nbsp;<i class=\"fa fa-check fa-lg\"><\/i> &nbsp;We have competitive prices, skilled technicians, highest quality, finest silos and best customer service on the market right now<br \/>\n&nbsp;<i class=\"fa fa-check fa-lg\"><\/i> &nbsp;We can make farmers&#8217; work simpler and easier<br \/>\n&nbsp;<i class=\"fa fa-check fa-lg\"><\/i> &nbsp;Cut working hours by using our silos and complete systems<br \/>\n&nbsp;<i class=\"fa fa-check fa-lg\"><\/i> &nbsp;We help farmers to improve their work with automated control and innovative solutions that better meet their needs<br \/>\n&nbsp;<i class=\"fa fa-check fa-lg\"><\/i> &nbsp;We can help you produce organic cultivated fodder for your animals<br \/>\n&nbsp;<i class=\"fa fa-check fa-lg\"><\/i> &nbsp;We solve problems with already installed systems<br \/>\n&nbsp;<i class=\"fa fa-check fa-lg\"><\/i> &nbsp;We can offer unique services renovation and optimization in relation to your specific needs and requirements <\/p>\n<\/div>\n<div id=\"Plugin\" class=\"tab-pane fade\">\n<p class=\"enigma_short_tabs_content\">\n&nbsp;<br \/>\n&nbsp;<i>Our mission is to develop and improve our silos in order to be a leader in agricultural and domestic segment and to offer farmers and retailers a reliable and stable product. We will provide the best services, renovations, optimizations of silos and accessories, at any time, to meet our customer needs.<\/i> <\/p>\n<\/div>\n<div id=\"Theme\" class=\"tab-pane fade\">\n<p class=\"enigma_short_tabs_content\">\n&nbsp;<br \/>\n&nbsp;<i>Our vision is to be the global leader in innovative solutions adapted to the agricultural and private segment when it comes to indoor silos and accessories. We will offer our customers qualified advice when using our silos and services in order to satisfy the farmers and retailer needs globally.<\/i> <\/p>\n<\/div>\n<\/div>\n<\/div>\n<\/div>\n<p><\/p>","protected":false},"excerpt":{"rendered":"<p>Silos producer with emphasis on quality and services Mosegaard Silo\u00a0was founded in 1977 by Ingrid and Kaj Pedersen. \u00d8gendahls Maskinfabrik A\/S took over the company since 2nd december 2006. We know what is possible and how, therefore we always come with good robust solutions. We have the highest expertise and skilled technicians who can solve<\/p>\n","protected":false},"author":1,"featured_media":0,"parent":0,"menu_order":0,"comment_status":"closed","ping_status":"closed","template":"fullwidth.php","meta":{"_monsterinsights_skip_tracking":false,"_monsterinsights_sitenote_active":false,"_monsterinsights_sitenote_note":"","_monsterinsights_sitenote_category":0,"footnotes":""},"class_list":["post-1055","page","type-page","status-publish","hentry"],"yoast_head":"<!-- This site is optimized with the Yoast SEO plugin v27.5 - https:\/\/yoast.com\/product\/yoast-seo-wordpress\/ -->\n<title>About us - Moseg\u00e5rd Silo A\/S<\/title>\n<meta name=\"description\" content=\"Ordreproducerer med v\u00e6gt p\u00e5 kvalitet og service! Vi har den h\u00f8jeste ekspertise og dygtigste mont\u00f8rer! Tjekke Moseg\u00e5rd Silo hjemmeside og l\u00e6se mere om os!\" \/>\n<meta name=\"robots\" content=\"index, follow, max-snippet:-1, max-image-preview:large, max-video-preview:-1\" \/>\n<link rel=\"canonical\" href=\"https:\/\/silo.dk\/om-os\/\" \/>\n<meta property=\"og:locale\" content=\"en_US\" \/>\n<meta property=\"og:type\" content=\"article\" \/>\n<meta property=\"og:title\" content=\"[:DA]Om os[:en]About us[:de]\u00dcber uns[:sv]Om oss[:pl]O nas[:] - Moseg\u00e5rd Silo A\/S\" \/>\n<meta property=\"og:description\" content=\"Ordreproducerer med v\u00e6gt p\u00e5 kvalitet og service! Vi har den h\u00f8jeste ekspertise og dygtigste mont\u00f8rer! Tjekke Moseg\u00e5rd Silo hjemmeside og l\u00e6se mere om os!\" \/>\n<meta property=\"og:url\" content=\"https:\/\/silo.dk\/om-os\/\" \/>\n<meta property=\"og:site_name\" content=\"Moseg\u00e5rd Silo A\/S\" \/>\n<meta property=\"article:publisher\" content=\"https:\/\/www.facebook.com\/Oegendahls.Maskinfabrik\" \/>\n<meta property=\"article:modified_time\" content=\"2016-08-24T09:27:26+00:00\" \/>\n<meta property=\"og:image\" content=\"http:\/\/silo.dk\/wp-content\/uploads\/2015\/10\/mosegaard-silo-oendahls-mas.jpg\" \/>\n<meta name=\"twitter:card\" content=\"summary_large_image\" \/>\n<meta name=\"twitter:label1\" content=\"Est. reading time\" \/>\n\t<meta name=\"twitter:data1\" content=\"11 minutes\" \/>\n<script type=\"application\/ld+json\" class=\"yoast-schema-graph\">{\"@context\":\"https:\\\/\\\/schema.org\",\"@graph\":[{\"@type\":\"WebPage\",\"@id\":\"https:\\\/\\\/silo.dk\\\/om-os\\\/\",\"url\":\"https:\\\/\\\/silo.dk\\\/om-os\\\/\",\"name\":\"[:DA]Om os[:en]About us[:de]\u00dcber uns[:sv]Om oss[:pl]O nas[:] - Moseg\u00e5rd Silo A\\\/S\",\"isPartOf\":{\"@id\":\"https:\\\/\\\/silo.dk\\\/#website\"},\"primaryImageOfPage\":{\"@id\":\"https:\\\/\\\/silo.dk\\\/om-os\\\/#primaryimage\"},\"image\":{\"@id\":\"https:\\\/\\\/silo.dk\\\/om-os\\\/#primaryimage\"},\"thumbnailUrl\":\"http:\\\/\\\/silo.dk\\\/wp-content\\\/uploads\\\/2015\\\/10\\\/mosegaard-silo-oendahls-mas.jpg\",\"datePublished\":\"2015-10-11T18:00:54+00:00\",\"dateModified\":\"2016-08-24T09:27:26+00:00\",\"description\":\"Ordreproducerer med v\u00e6gt p\u00e5 kvalitet og service! Vi har den h\u00f8jeste ekspertise og dygtigste mont\u00f8rer! Tjekke Moseg\u00e5rd Silo hjemmeside og l\u00e6se mere om os!\",\"breadcrumb\":{\"@id\":\"https:\\\/\\\/silo.dk\\\/om-os\\\/#breadcrumb\"},\"inLanguage\":\"en-US\",\"potentialAction\":[{\"@type\":\"ReadAction\",\"target\":[\"https:\\\/\\\/silo.dk\\\/om-os\\\/\"]}]},{\"@type\":\"ImageObject\",\"inLanguage\":\"en-US\",\"@id\":\"https:\\\/\\\/silo.dk\\\/om-os\\\/#primaryimage\",\"url\":\"http:\\\/\\\/silo.dk\\\/wp-content\\\/uploads\\\/2015\\\/10\\\/mosegaard-silo-oendahls-mas.jpg\",\"contentUrl\":\"http:\\\/\\\/silo.dk\\\/wp-content\\\/uploads\\\/2015\\\/10\\\/mosegaard-silo-oendahls-mas.jpg\"},{\"@type\":\"BreadcrumbList\",\"@id\":\"https:\\\/\\\/silo.dk\\\/om-os\\\/#breadcrumb\",\"itemListElement\":[{\"@type\":\"ListItem\",\"position\":1,\"name\":\"Home\",\"item\":\"https:\\\/\\\/silo.dk\\\/\"},{\"@type\":\"ListItem\",\"position\":2,\"name\":\"Om os\"}]},{\"@type\":\"WebSite\",\"@id\":\"https:\\\/\\\/silo.dk\\\/#website\",\"url\":\"https:\\\/\\\/silo.dk\\\/\",\"name\":\"Moseg\u00e5rd Silo A\\\/S\",\"description\":\"Salg af siloer til det danske landbrug\",\"potentialAction\":[{\"@type\":\"SearchAction\",\"target\":{\"@type\":\"EntryPoint\",\"urlTemplate\":\"https:\\\/\\\/silo.dk\\\/?s={search_term_string}\"},\"query-input\":{\"@type\":\"PropertyValueSpecification\",\"valueRequired\":true,\"valueName\":\"search_term_string\"}}],\"inLanguage\":\"en-US\"}]}<\/script>\n<!-- \/ Yoast SEO plugin. -->","yoast_head_json":{"title":"[:DA]Om os[:en]About us[:de]\u00dcber uns[:sv]Om oss[:pl]O nas[:] - Moseg\u00e5rd Silo A\/S","description":"Ordreproducerer med v\u00e6gt p\u00e5 kvalitet og service! Vi har den h\u00f8jeste ekspertise og dygtigste mont\u00f8rer! Tjekke Moseg\u00e5rd Silo hjemmeside og l\u00e6se mere om os!","robots":{"index":"index","follow":"follow","max-snippet":"max-snippet:-1","max-image-preview":"max-image-preview:large","max-video-preview":"max-video-preview:-1"},"canonical":"https:\/\/silo.dk\/om-os\/","og_locale":"en_US","og_type":"article","og_title":"[:DA]Om os[:en]About us[:de]\u00dcber uns[:sv]Om oss[:pl]O nas[:] - Moseg\u00e5rd Silo A\/S","og_description":"Ordreproducerer med v\u00e6gt p\u00e5 kvalitet og service! Vi har den h\u00f8jeste ekspertise og dygtigste mont\u00f8rer! Tjekke Moseg\u00e5rd Silo hjemmeside og l\u00e6se mere om os!","og_url":"https:\/\/silo.dk\/om-os\/","og_site_name":"Moseg\u00e5rd Silo A\/S","article_publisher":"https:\/\/www.facebook.com\/Oegendahls.Maskinfabrik","article_modified_time":"2016-08-24T09:27:26+00:00","og_image":[{"url":"http:\/\/silo.dk\/wp-content\/uploads\/2015\/10\/mosegaard-silo-oendahls-mas.jpg","type":"","width":"","height":""}],"twitter_card":"summary_large_image","twitter_misc":{"Est. reading time":"11 minutes"},"schema":{"@context":"https:\/\/schema.org","@graph":[{"@type":"WebPage","@id":"https:\/\/silo.dk\/om-os\/","url":"https:\/\/silo.dk\/om-os\/","name":"[:DA]Om os[:en]About us[:de]\u00dcber uns[:sv]Om oss[:pl]O nas[:] - Moseg\u00e5rd Silo A\/S","isPartOf":{"@id":"https:\/\/silo.dk\/#website"},"primaryImageOfPage":{"@id":"https:\/\/silo.dk\/om-os\/#primaryimage"},"image":{"@id":"https:\/\/silo.dk\/om-os\/#primaryimage"},"thumbnailUrl":"http:\/\/silo.dk\/wp-content\/uploads\/2015\/10\/mosegaard-silo-oendahls-mas.jpg","datePublished":"2015-10-11T18:00:54+00:00","dateModified":"2016-08-24T09:27:26+00:00","description":"Ordreproducerer med v\u00e6gt p\u00e5 kvalitet og service! Vi har den h\u00f8jeste ekspertise og dygtigste mont\u00f8rer! Tjekke Moseg\u00e5rd Silo hjemmeside og l\u00e6se mere om os!","breadcrumb":{"@id":"https:\/\/silo.dk\/om-os\/#breadcrumb"},"inLanguage":"en-US","potentialAction":[{"@type":"ReadAction","target":["https:\/\/silo.dk\/om-os\/"]}]},{"@type":"ImageObject","inLanguage":"en-US","@id":"https:\/\/silo.dk\/om-os\/#primaryimage","url":"http:\/\/silo.dk\/wp-content\/uploads\/2015\/10\/mosegaard-silo-oendahls-mas.jpg","contentUrl":"http:\/\/silo.dk\/wp-content\/uploads\/2015\/10\/mosegaard-silo-oendahls-mas.jpg"},{"@type":"BreadcrumbList","@id":"https:\/\/silo.dk\/om-os\/#breadcrumb","itemListElement":[{"@type":"ListItem","position":1,"name":"Home","item":"https:\/\/silo.dk\/"},{"@type":"ListItem","position":2,"name":"Om os"}]},{"@type":"WebSite","@id":"https:\/\/silo.dk\/#website","url":"https:\/\/silo.dk\/","name":"Moseg\u00e5rd Silo A\/S","description":"Salg af siloer til det danske landbrug","potentialAction":[{"@type":"SearchAction","target":{"@type":"EntryPoint","urlTemplate":"https:\/\/silo.dk\/?s={search_term_string}"},"query-input":{"@type":"PropertyValueSpecification","valueRequired":true,"valueName":"search_term_string"}}],"inLanguage":"en-US"}]}},"_links":{"self":[{"href":"https:\/\/silo.dk\/en\/wp-json\/wp\/v2\/pages\/1055","targetHints":{"allow":["GET"]}}],"collection":[{"href":"https:\/\/silo.dk\/en\/wp-json\/wp\/v2\/pages"}],"about":[{"href":"https:\/\/silo.dk\/en\/wp-json\/wp\/v2\/types\/page"}],"author":[{"embeddable":true,"href":"https:\/\/silo.dk\/en\/wp-json\/wp\/v2\/users\/1"}],"replies":[{"embeddable":true,"href":"https:\/\/silo.dk\/en\/wp-json\/wp\/v2\/comments?post=1055"}],"version-history":[{"count":116,"href":"https:\/\/silo.dk\/en\/wp-json\/wp\/v2\/pages\/1055\/revisions"}],"predecessor-version":[{"id":2390,"href":"https:\/\/silo.dk\/en\/wp-json\/wp\/v2\/pages\/1055\/revisions\/2390"}],"wp:attachment":[{"href":"https:\/\/silo.dk\/en\/wp-json\/wp\/v2\/media?parent=1055"}],"curies":[{"name":"wp","href":"https:\/\/api.w.org\/{rel}","templated":true}]}}