
{"id":2125,"date":"2015-11-09T19:39:38","date_gmt":"2015-11-09T19:39:38","guid":{"rendered":"http:\/\/silo.dk\/?page_id=2125"},"modified":"2016-08-24T10:12:19","modified_gmt":"2016-08-24T10:12:19","slug":"overgange","status":"publish","type":"page","link":"https:\/\/silo.dk\/en\/tilbehoer\/overgange\/","title":{"rendered":"Connections \/ Transitions for Silo"},"content":{"rendered":"<p><\/p>\n<h3 style=\"text-align: left;\">Transitions &#8211; 30&#215;30 can be custom-ordered, available at request. Please feel free to <a href=\"http:\/\/silo.dk\/kontakt-os\/\">contact us <\/a> for additional information, assistance and for placing an order.<\/h3>\n<div class=\"container\">\n<div class=\"col-md-3 \">\n<ul class=\"portfolio-filter nav nav-stacked\">\n<li data-original-title=\"\" title=\"\">\n\t\t\t\t\t\t<a data-filter=\".Arts\" href=\"http:\/\/silo.dk\/tilbehoer\/overgange-fra-siloudloeb-45x45-cm\/\"><strong>Overgange fra siloudl\u00f8b 45\u00d745cm<\/strong><\/a>\n                    <\/li>\n<li data-original-title=\"\" title=\"\">\n\t\t\t\t\t\t<a data-filter=\".Buildings\" href=\"http:\/\/silo.dk\/tilbehoer\/overgange-fra-siloudloeb-30x115-cm\/\"><strong>Overgange fra siloudl\u00f8b 30\u00d7115cm<\/strong><\/a>\n                    <\/li>\n<\/ul><\/div>\n<\/div>\n<p>\t<\/p>","protected":false},"excerpt":{"rendered":"<p>Transitions &#8211; 30&#215;30 can be custom-ordered, available at request. Please feel free to contact us for additional information, assistance and for placing an order. Overgange fra siloudl\u00f8b 45\u00d745cm Overgange fra siloudl\u00f8b 30\u00d7115cm<\/p>\n","protected":false},"author":1,"featured_media":0,"parent":563,"menu_order":0,"comment_status":"closed","ping_status":"closed","template":"fullwidth.php","meta":{"_monsterinsights_skip_tracking":false,"_monsterinsights_sitenote_active":false,"_monsterinsights_sitenote_note":"","_monsterinsights_sitenote_category":0,"footnotes":""},"class_list":["post-2125","page","type-page","status-publish","hentry"],"yoast_head":"<!-- This site is optimized with the Yoast SEO plugin v27.5 - https:\/\/yoast.com\/product\/yoast-seo-wordpress\/ -->\n<title>Connections \/ Transitions for Silo - Moseg\u00e5rd Silo A\/S<\/title>\n<meta name=\"description\" content=\"Moseg\u00e5rd Silo overgange fra siloudl\u00f8b 45\u00d745cm &amp; 30\u00d7115cm. Overgange til 30x30 kan laves p\u00e5 bestilling, efter kundens behov. Kontakt venligst for mere info!\" \/>\n<meta name=\"robots\" content=\"index, follow, max-snippet:-1, max-image-preview:large, max-video-preview:-1\" \/>\n<link rel=\"canonical\" href=\"https:\/\/silo.dk\/tilbehoer\/overgange\/\" \/>\n<meta property=\"og:locale\" content=\"en_US\" \/>\n<meta property=\"og:type\" content=\"article\" \/>\n<meta property=\"og:title\" content=\"[:DA]Overgange[:en]Connections \/ Transitions for Silo[:de]\u00dcbergang[:sv]\u00d6vergangar[:] - Moseg\u00e5rd Silo A\/S\" \/>\n<meta property=\"og:description\" content=\"Moseg\u00e5rd Silo overgange fra siloudl\u00f8b 45\u00d745cm &amp; 30\u00d7115cm. Overgange til 30x30 kan laves p\u00e5 bestilling, efter kundens behov. Kontakt venligst for mere info!\" \/>\n<meta property=\"og:url\" content=\"https:\/\/silo.dk\/tilbehoer\/overgange\/\" \/>\n<meta property=\"og:site_name\" content=\"Moseg\u00e5rd Silo A\/S\" \/>\n<meta property=\"article:publisher\" content=\"https:\/\/www.facebook.com\/Oegendahls.Maskinfabrik\" \/>\n<meta property=\"article:modified_time\" content=\"2016-08-24T10:12:19+00:00\" \/>\n<meta name=\"twitter:card\" content=\"summary_large_image\" \/>\n<meta name=\"twitter:label1\" content=\"Est. reading time\" \/>\n\t<meta name=\"twitter:data1\" content=\"1 minute\" \/>\n<script type=\"application\/ld+json\" class=\"yoast-schema-graph\">{\"@context\":\"https:\\\/\\\/schema.org\",\"@graph\":[{\"@type\":\"WebPage\",\"@id\":\"https:\\\/\\\/silo.dk\\\/tilbehoer\\\/overgange\\\/\",\"url\":\"https:\\\/\\\/silo.dk\\\/tilbehoer\\\/overgange\\\/\",\"name\":\"[:DA]Overgange[:en]Connections \\\/ Transitions for Silo[:de]\u00dcbergang[:sv]\u00d6vergangar[:] - Moseg\u00e5rd Silo A\\\/S\",\"isPartOf\":{\"@id\":\"https:\\\/\\\/silo.dk\\\/#website\"},\"datePublished\":\"2015-11-09T19:39:38+00:00\",\"dateModified\":\"2016-08-24T10:12:19+00:00\",\"description\":\"Moseg\u00e5rd Silo overgange fra siloudl\u00f8b 45\u00d745cm & 30\u00d7115cm. Overgange til 30x30 kan laves p\u00e5 bestilling, efter kundens behov. Kontakt venligst for mere info!\",\"breadcrumb\":{\"@id\":\"https:\\\/\\\/silo.dk\\\/tilbehoer\\\/overgange\\\/#breadcrumb\"},\"inLanguage\":\"en-US\",\"potentialAction\":[{\"@type\":\"ReadAction\",\"target\":[\"https:\\\/\\\/silo.dk\\\/tilbehoer\\\/overgange\\\/\"]}]},{\"@type\":\"BreadcrumbList\",\"@id\":\"https:\\\/\\\/silo.dk\\\/tilbehoer\\\/overgange\\\/#breadcrumb\",\"itemListElement\":[{\"@type\":\"ListItem\",\"position\":1,\"name\":\"Home\",\"item\":\"https:\\\/\\\/silo.dk\\\/\"},{\"@type\":\"ListItem\",\"position\":2,\"name\":\"Accessories\",\"item\":\"https:\\\/\\\/silo.dk\\\/en\\\/tilbehoer\\\/\"},{\"@type\":\"ListItem\",\"position\":3,\"name\":\"Overgange\"}]},{\"@type\":\"WebSite\",\"@id\":\"https:\\\/\\\/silo.dk\\\/#website\",\"url\":\"https:\\\/\\\/silo.dk\\\/\",\"name\":\"Moseg\u00e5rd Silo A\\\/S\",\"description\":\"Salg af siloer til det danske landbrug\",\"potentialAction\":[{\"@type\":\"SearchAction\",\"target\":{\"@type\":\"EntryPoint\",\"urlTemplate\":\"https:\\\/\\\/silo.dk\\\/?s={search_term_string}\"},\"query-input\":{\"@type\":\"PropertyValueSpecification\",\"valueRequired\":true,\"valueName\":\"search_term_string\"}}],\"inLanguage\":\"en-US\"}]}<\/script>\n<!-- \/ Yoast SEO plugin. -->","yoast_head_json":{"title":"[:DA]Overgange[:en]Connections \/ Transitions for Silo[:de]\u00dcbergang[:sv]\u00d6vergangar[:] - Moseg\u00e5rd Silo A\/S","description":"Moseg\u00e5rd Silo overgange fra siloudl\u00f8b 45\u00d745cm & 30\u00d7115cm. Overgange til 30x30 kan laves p\u00e5 bestilling, efter kundens behov. Kontakt venligst for mere info!","robots":{"index":"index","follow":"follow","max-snippet":"max-snippet:-1","max-image-preview":"max-image-preview:large","max-video-preview":"max-video-preview:-1"},"canonical":"https:\/\/silo.dk\/tilbehoer\/overgange\/","og_locale":"en_US","og_type":"article","og_title":"[:DA]Overgange[:en]Connections \/ Transitions for Silo[:de]\u00dcbergang[:sv]\u00d6vergangar[:] - Moseg\u00e5rd Silo A\/S","og_description":"Moseg\u00e5rd Silo overgange fra siloudl\u00f8b 45\u00d745cm & 30\u00d7115cm. Overgange til 30x30 kan laves p\u00e5 bestilling, efter kundens behov. Kontakt venligst for mere info!","og_url":"https:\/\/silo.dk\/tilbehoer\/overgange\/","og_site_name":"Moseg\u00e5rd Silo A\/S","article_publisher":"https:\/\/www.facebook.com\/Oegendahls.Maskinfabrik","article_modified_time":"2016-08-24T10:12:19+00:00","twitter_card":"summary_large_image","twitter_misc":{"Est. reading time":"1 minute"},"schema":{"@context":"https:\/\/schema.org","@graph":[{"@type":"WebPage","@id":"https:\/\/silo.dk\/tilbehoer\/overgange\/","url":"https:\/\/silo.dk\/tilbehoer\/overgange\/","name":"[:DA]Overgange[:en]Connections \/ Transitions for Silo[:de]\u00dcbergang[:sv]\u00d6vergangar[:] - Moseg\u00e5rd Silo A\/S","isPartOf":{"@id":"https:\/\/silo.dk\/#website"},"datePublished":"2015-11-09T19:39:38+00:00","dateModified":"2016-08-24T10:12:19+00:00","description":"Moseg\u00e5rd Silo overgange fra siloudl\u00f8b 45\u00d745cm & 30\u00d7115cm. Overgange til 30x30 kan laves p\u00e5 bestilling, efter kundens behov. Kontakt venligst for mere info!","breadcrumb":{"@id":"https:\/\/silo.dk\/tilbehoer\/overgange\/#breadcrumb"},"inLanguage":"en-US","potentialAction":[{"@type":"ReadAction","target":["https:\/\/silo.dk\/tilbehoer\/overgange\/"]}]},{"@type":"BreadcrumbList","@id":"https:\/\/silo.dk\/tilbehoer\/overgange\/#breadcrumb","itemListElement":[{"@type":"ListItem","position":1,"name":"Home","item":"https:\/\/silo.dk\/"},{"@type":"ListItem","position":2,"name":"Accessories","item":"https:\/\/silo.dk\/en\/tilbehoer\/"},{"@type":"ListItem","position":3,"name":"Overgange"}]},{"@type":"WebSite","@id":"https:\/\/silo.dk\/#website","url":"https:\/\/silo.dk\/","name":"Moseg\u00e5rd Silo A\/S","description":"Salg af siloer til det danske landbrug","potentialAction":[{"@type":"SearchAction","target":{"@type":"EntryPoint","urlTemplate":"https:\/\/silo.dk\/?s={search_term_string}"},"query-input":{"@type":"PropertyValueSpecification","valueRequired":true,"valueName":"search_term_string"}}],"inLanguage":"en-US"}]}},"_links":{"self":[{"href":"https:\/\/silo.dk\/en\/wp-json\/wp\/v2\/pages\/2125","targetHints":{"allow":["GET"]}}],"collection":[{"href":"https:\/\/silo.dk\/en\/wp-json\/wp\/v2\/pages"}],"about":[{"href":"https:\/\/silo.dk\/en\/wp-json\/wp\/v2\/types\/page"}],"author":[{"embeddable":true,"href":"https:\/\/silo.dk\/en\/wp-json\/wp\/v2\/users\/1"}],"replies":[{"embeddable":true,"href":"https:\/\/silo.dk\/en\/wp-json\/wp\/v2\/comments?post=2125"}],"version-history":[{"count":16,"href":"https:\/\/silo.dk\/en\/wp-json\/wp\/v2\/pages\/2125\/revisions"}],"predecessor-version":[{"id":2726,"href":"https:\/\/silo.dk\/en\/wp-json\/wp\/v2\/pages\/2125\/revisions\/2726"}],"up":[{"embeddable":true,"href":"https:\/\/silo.dk\/en\/wp-json\/wp\/v2\/pages\/563"}],"wp:attachment":[{"href":"https:\/\/silo.dk\/en\/wp-json\/wp\/v2\/media?parent=2125"}],"curies":[{"name":"wp","href":"https:\/\/api.w.org\/{rel}","templated":true}]}}