
{"id":2594,"date":"2016-03-23T10:15:04","date_gmt":"2016-03-23T10:15:04","guid":{"rendered":"http:\/\/silo.dk\/?page_id=2594"},"modified":"2017-07-25T11:11:01","modified_gmt":"2017-07-25T11:11:01","slug":"vores-kunder-samarbejdspartnere","status":"publish","type":"page","link":"https:\/\/silo.dk\/en\/vores-kunder-samarbejdspartnere\/","title":{"rendered":"Our Partners"},"content":{"rendered":"<p><\/p>\n<div class=\"enigma_client_area\">\n<div class=\"container\">\n<div class=\"row\">\n<div class=\"col-sm-12\">\n<div class=\"enigma_heading_title2 \">\n<h3 class=\"pull-left\">Vores kunder &amp; samarbejdspartnere<\/h3>\n<\/p><\/div>\n<\/p><\/div>\n<\/p><\/div>\n<\/p><\/div>\n<div class=\"container\">\n<div class=\"col-lg-4 col-sm-4 col-md-4 pull-left scrollimation fade-left d1 in\" style=\"width: 285px;\">\n<div class=\"enigma_client_wrapper\">\n\t\t\t\t<a href=\"http:\/\/agrisys.dk\/DK.aspx\" target=\"_blank\"><br \/>\n\t\t\t\t\t<img loading=\"lazy\" decoding=\"async\" width=\"255\" height=\"140\" src=\"http:\/\/oegendahl.dk\/wp-content\/uploads\/2016\/03\/AGRISYS-LOGO-255x140.png?d773f2\" class=\"img-responsive wp-post-image\" alt=\"AGRISYS-LOGO\">\t\t\t\t<\/a>\n\t\t\t\t<\/div>\n<\/p><\/div>\n<div class=\"col-lg-4 col-sm-4 col-md-4 pull-left scrollimation fade-left d1 in\" style=\"width: 285px;\">\n<div class=\"enigma_client_wrapper\">\n\t\t\t\t<a href=\"http:\/\/www.pastaldservice.dk\/\" target=\"_blank\"><br \/>\n\t\t\t\t\t<img loading=\"lazy\" decoding=\"async\" width=\"255\" height=\"140\" src=\"http:\/\/oegendahl.dk\/wp-content\/uploads\/2016\/03\/PANDERSENSTALDSERVICE-Logo1-255x140.png?d773f2\" class=\"img-responsive wp-post-image\" alt=\"PANDERSENSTALDSERVICE-Logo1\">\t\t\t\t<\/a>\n\t\t\t\t<\/div>\n<\/p><\/div>\n<div class=\"col-lg-4 col-sm-4 col-md-4 pull-left scrollimation fade-left d1 in\" style=\"width: 285px;\">\n<div class=\"enigma_client_wrapper\">\n\t\t\t\t<a href=\"http:\/\/www.weda.dk\/\" target=\"_blank\"><br \/>\n\t\t\t\t\t<img loading=\"lazy\" decoding=\"async\" width=\"255\" height=\"140\" src=\"http:\/\/oegendahl.dk\/wp-content\/uploads\/2016\/03\/LOGO-WEDA-255x140.png?d773f2\" class=\"img-responsive wp-post-image\" alt=\"LOGO WEDA\">\t\t\t\t<\/a>\n\t\t\t\t<\/div>\n<\/p><\/div>\n<div class=\"col-lg-4 col-sm-4 col-md-4 pull-left scrollimation fade-left d1 in\" style=\"width: 285px;\">\n<div class=\"enigma_client_wrapper\">\n\t\t\t\t<a href=\"http:\/\/www.furab.se\/\" target=\"_blank\"><br \/>\n\t\t\t\t\t<img loading=\"lazy\" decoding=\"async\" width=\"255\" height=\"140\" src=\"http:\/\/oegendahl.dk\/wp-content\/uploads\/2016\/03\/FURAB-LOGO-255x140.png?d773f2\"\" class=\"img-responsive wp-post-image\" alt=\"FURAB LOGO\">\t\t\t\t<\/a>\n\t\t\t\t<\/div>\n<\/p><\/div>\n<div class=\"col-lg-4 col-sm-4 col-md-4 pull-left scrollimation fade-left d1 in\" style=\"width: 285px;\">\n<div class=\"enigma_client_wrapper\">\n\t\t\t\t<a href=\"http:\/\/www.bh-agro.dk\/\" target=\"_blank\"><br \/>\n\t\t\t\t\t<img loading=\"lazy\" decoding=\"async\" width=\"255\" height=\"140\" src=\"http:\/\/oegendahl.dk\/wp-content\/uploads\/2016\/03\/Bornholms-AgroVentilationsservice-255x140.png?d773f2\" class=\"img-responsive wp-post-image\" alt=\"Bornholms Agro&amp;Ventilationsservice\">\t\t\t\t<\/a>\n\t\t\t\t<\/div>\n<\/p><\/div>\n<div class=\"col-lg-4 col-sm-4 col-md-4 pull-left scrollimation fade-left d1 in\" style=\"width: 285px;\">\n<div class=\"enigma_client_wrapper\">\n\t\t\t\t<a href=\"http:\/\/plastixglobal.com\/\" target=\"_blank\"><br \/>\n\t\t\t\t\t<img loading=\"lazy\" decoding=\"async\" width=\"255\" height=\"140\" src=\"http:\/\/oegendahl.dk\/wp-content\/uploads\/2016\/04\/PLASTIXGLOBAL-LOGO-255x140.png?d773f2\" class=\"img-responsive wp-post-image\" alt=\"PLASTIX\">\t\t\t\t<\/a>\n\t\t\t\t<\/div>\n<\/p><\/div>\n<div class=\"col-lg-4 col-sm-4 col-md-4 pull-left scrollimation fade-left d1 in\" style=\"width: 285px;\">\n<div class=\"enigma_client_wrapper\">\n\t\t\t\t<a href=\"http:\/\/bkfsab.se\/\" target=\"_blank\"><br \/>\n\t\t\t\t\t<img loading=\"lazy\" decoding=\"async\" width=\"255\" height=\"140\" src=\"http:\/\/oegendahl.dk\/wp-content\/uploads\/2016\/03\/B.-K.-F\u00f6rs\u00e4ljning-AB-1-255x140.png?d773f2\" class=\"img-responsive wp-post-image\" alt=\"B. K. F\u00f6rs\u00e4ljning AB\">\t\t\t\t<\/a>\n\t\t\t\t<\/div>\n<\/p><\/div>\n<div class=\"col-lg-4 col-sm-4 col-md-4 pull-left scrollimation fade-left d1 in\" style=\"width: 285px;\">\n<div class=\"enigma_client_wrapper\">\n\t\t\t\t<a href=\"https:\/\/group.grene.com\/\" target=\"_blank\"><br \/>\n\t\t\t\t\t<img loading=\"lazy\" decoding=\"async\" width=\"255\" height=\"140\" src=\"http:\/\/oegendahl.dk\/wp-content\/uploads\/2016\/03\/GRENE-logo-255x140.png?d773f2\" class=\"img-responsive wp-post-image\" alt=\"GRENE logo\">\t\t\t\t<\/a>\n\t\t\t\t<\/div>\n<\/p><\/div>\n<div class=\"col-lg-4 col-sm-4 col-md-4 pull-left scrollimation fade-left d1 in\" style=\"width: 285px;\">\n<div class=\"enigma_client_wrapper\">\n\t\t\t\t<a href=\"http:\/\/www.bye.no\/main.aspx?gid=0\" target=\"_blank\"><br \/>\n\t\t\t\t\t<img loading=\"lazy\" decoding=\"async\" width=\"255\" height=\"140\" src=\"http:\/\/oegendahl.dk\/wp-content\/uploads\/2016\/03\/Bye-LOGO-255x140.png?d773f2\" class=\"img-responsive wp-post-image\" alt=\"Bye-LOGO\">\t\t\t\t<\/a>\n\t\t\t\t<\/div>\n<\/p><\/div>\n<div class=\"col-lg-4 col-sm-4 col-md-4 pull-left scrollimation fade-left d1 in\" style=\"width: 285px;\">\n<div class=\"enigma_client_wrapper\">\n\t\t\t\t<a href=\"http:\/\/fodertech.dk\/\" target=\"_blank\"><br \/>\n\t\t\t\t\t<img loading=\"lazy\" decoding=\"async\" width=\"255\" height=\"140\" src=\"http:\/\/oegendahl.dk\/wp-content\/uploads\/2016\/03\/FODERTECH--255x140.png?d773f2\" class=\"img-responsive wp-post-image\" alt=\"FODERTECH\">\t\t\t\t<\/a>\n\t\t\t\t<\/div>\n<\/p><\/div>\n<\/div>\n<\/div><\/div>\n<\/div>\n<p><\/p>","protected":false},"excerpt":{"rendered":"<p>Vores kunder &amp; samarbejdspartnere<\/p>\n","protected":false},"author":1,"featured_media":0,"parent":0,"menu_order":0,"comment_status":"closed","ping_status":"closed","template":"fullwidth.php","meta":{"_monsterinsights_skip_tracking":false,"_monsterinsights_sitenote_active":false,"_monsterinsights_sitenote_note":"","_monsterinsights_sitenote_category":0,"footnotes":""},"class_list":["post-2594","page","type-page","status-publish","hentry"],"yoast_head":"<!-- This site is optimized with the Yoast SEO plugin v27.5 - https:\/\/yoast.com\/product\/yoast-seo-wordpress\/ -->\n<title>Our Partners - Moseg\u00e5rd Silo A\/S<\/title>\n<meta name=\"description\" content=\"Her er nogen af de st\u00f8rste Moseg\u00e5rd Silo&#039;s kunder og samarbejdspartnere ind p\u00e5 vores hjemmeside. Med direkte link til vores samarbejdspartnere hjemmeside!\" \/>\n<meta name=\"robots\" content=\"index, follow, max-snippet:-1, max-image-preview:large, max-video-preview:-1\" \/>\n<link rel=\"canonical\" href=\"https:\/\/silo.dk\/vores-kunder-samarbejdspartnere\/\" \/>\n<meta property=\"og:locale\" content=\"en_US\" \/>\n<meta property=\"og:type\" content=\"article\" \/>\n<meta property=\"og:title\" content=\"[:DA]Samarbejdspartnere[:en]Our Partners[:de]Unsere Partnern[:sv]V\u00e5ra partners[:] - Moseg\u00e5rd Silo A\/S\" \/>\n<meta property=\"og:description\" content=\"Her er nogen af de st\u00f8rste Moseg\u00e5rd Silo&#039;s kunder og samarbejdspartnere ind p\u00e5 vores hjemmeside. Med direkte link til vores samarbejdspartnere hjemmeside!\" \/>\n<meta property=\"og:url\" content=\"https:\/\/silo.dk\/vores-kunder-samarbejdspartnere\/\" \/>\n<meta property=\"og:site_name\" content=\"Moseg\u00e5rd Silo A\/S\" \/>\n<meta property=\"article:publisher\" content=\"https:\/\/www.facebook.com\/Oegendahls.Maskinfabrik\" \/>\n<meta property=\"article:modified_time\" content=\"2017-07-25T11:11:01+00:00\" \/>\n<meta property=\"og:image\" content=\"http:\/\/oegendahl.dk\/wp-content\/uploads\/2016\/03\/AGRISYS-LOGO-255x140.png?d773f2\" \/>\n<meta name=\"twitter:card\" content=\"summary_large_image\" \/>\n<script type=\"application\/ld+json\" class=\"yoast-schema-graph\">{\"@context\":\"https:\\\/\\\/schema.org\",\"@graph\":[{\"@type\":\"WebPage\",\"@id\":\"https:\\\/\\\/silo.dk\\\/vores-kunder-samarbejdspartnere\\\/\",\"url\":\"https:\\\/\\\/silo.dk\\\/vores-kunder-samarbejdspartnere\\\/\",\"name\":\"[:DA]Samarbejdspartnere[:en]Our Partners[:de]Unsere Partnern[:sv]V\u00e5ra partners[:] - Moseg\u00e5rd Silo A\\\/S\",\"isPartOf\":{\"@id\":\"https:\\\/\\\/silo.dk\\\/#website\"},\"primaryImageOfPage\":{\"@id\":\"https:\\\/\\\/silo.dk\\\/vores-kunder-samarbejdspartnere\\\/#primaryimage\"},\"image\":{\"@id\":\"https:\\\/\\\/silo.dk\\\/vores-kunder-samarbejdspartnere\\\/#primaryimage\"},\"thumbnailUrl\":\"http:\\\/\\\/oegendahl.dk\\\/wp-content\\\/uploads\\\/2016\\\/03\\\/AGRISYS-LOGO-255x140.png?d773f2\",\"datePublished\":\"2016-03-23T10:15:04+00:00\",\"dateModified\":\"2017-07-25T11:11:01+00:00\",\"description\":\"Her er nogen af de st\u00f8rste Moseg\u00e5rd Silo's kunder og samarbejdspartnere ind p\u00e5 vores hjemmeside. Med direkte link til vores samarbejdspartnere hjemmeside!\",\"breadcrumb\":{\"@id\":\"https:\\\/\\\/silo.dk\\\/vores-kunder-samarbejdspartnere\\\/#breadcrumb\"},\"inLanguage\":\"en-US\",\"potentialAction\":[{\"@type\":\"ReadAction\",\"target\":[\"https:\\\/\\\/silo.dk\\\/vores-kunder-samarbejdspartnere\\\/\"]}]},{\"@type\":\"ImageObject\",\"inLanguage\":\"en-US\",\"@id\":\"https:\\\/\\\/silo.dk\\\/vores-kunder-samarbejdspartnere\\\/#primaryimage\",\"url\":\"http:\\\/\\\/oegendahl.dk\\\/wp-content\\\/uploads\\\/2016\\\/03\\\/AGRISYS-LOGO-255x140.png?d773f2\",\"contentUrl\":\"http:\\\/\\\/oegendahl.dk\\\/wp-content\\\/uploads\\\/2016\\\/03\\\/AGRISYS-LOGO-255x140.png?d773f2\"},{\"@type\":\"BreadcrumbList\",\"@id\":\"https:\\\/\\\/silo.dk\\\/vores-kunder-samarbejdspartnere\\\/#breadcrumb\",\"itemListElement\":[{\"@type\":\"ListItem\",\"position\":1,\"name\":\"Home\",\"item\":\"https:\\\/\\\/silo.dk\\\/\"},{\"@type\":\"ListItem\",\"position\":2,\"name\":\"Samarbejdspartnere\"}]},{\"@type\":\"WebSite\",\"@id\":\"https:\\\/\\\/silo.dk\\\/#website\",\"url\":\"https:\\\/\\\/silo.dk\\\/\",\"name\":\"Moseg\u00e5rd Silo A\\\/S\",\"description\":\"Salg af siloer til det danske landbrug\",\"potentialAction\":[{\"@type\":\"SearchAction\",\"target\":{\"@type\":\"EntryPoint\",\"urlTemplate\":\"https:\\\/\\\/silo.dk\\\/?s={search_term_string}\"},\"query-input\":{\"@type\":\"PropertyValueSpecification\",\"valueRequired\":true,\"valueName\":\"search_term_string\"}}],\"inLanguage\":\"en-US\"}]}<\/script>\n<!-- \/ Yoast SEO plugin. -->","yoast_head_json":{"title":"[:DA]Samarbejdspartnere[:en]Our Partners[:de]Unsere Partnern[:sv]V\u00e5ra partners[:] - Moseg\u00e5rd Silo A\/S","description":"Her er nogen af de st\u00f8rste Moseg\u00e5rd Silo's kunder og samarbejdspartnere ind p\u00e5 vores hjemmeside. Med direkte link til vores samarbejdspartnere hjemmeside!","robots":{"index":"index","follow":"follow","max-snippet":"max-snippet:-1","max-image-preview":"max-image-preview:large","max-video-preview":"max-video-preview:-1"},"canonical":"https:\/\/silo.dk\/vores-kunder-samarbejdspartnere\/","og_locale":"en_US","og_type":"article","og_title":"[:DA]Samarbejdspartnere[:en]Our Partners[:de]Unsere Partnern[:sv]V\u00e5ra partners[:] - Moseg\u00e5rd Silo A\/S","og_description":"Her er nogen af de st\u00f8rste Moseg\u00e5rd Silo's kunder og samarbejdspartnere ind p\u00e5 vores hjemmeside. Med direkte link til vores samarbejdspartnere hjemmeside!","og_url":"https:\/\/silo.dk\/vores-kunder-samarbejdspartnere\/","og_site_name":"Moseg\u00e5rd Silo A\/S","article_publisher":"https:\/\/www.facebook.com\/Oegendahls.Maskinfabrik","article_modified_time":"2017-07-25T11:11:01+00:00","og_image":[{"url":"http:\/\/oegendahl.dk\/wp-content\/uploads\/2016\/03\/AGRISYS-LOGO-255x140.png?d773f2","type":"","width":"","height":""}],"twitter_card":"summary_large_image","schema":{"@context":"https:\/\/schema.org","@graph":[{"@type":"WebPage","@id":"https:\/\/silo.dk\/vores-kunder-samarbejdspartnere\/","url":"https:\/\/silo.dk\/vores-kunder-samarbejdspartnere\/","name":"[:DA]Samarbejdspartnere[:en]Our Partners[:de]Unsere Partnern[:sv]V\u00e5ra partners[:] - Moseg\u00e5rd Silo A\/S","isPartOf":{"@id":"https:\/\/silo.dk\/#website"},"primaryImageOfPage":{"@id":"https:\/\/silo.dk\/vores-kunder-samarbejdspartnere\/#primaryimage"},"image":{"@id":"https:\/\/silo.dk\/vores-kunder-samarbejdspartnere\/#primaryimage"},"thumbnailUrl":"http:\/\/oegendahl.dk\/wp-content\/uploads\/2016\/03\/AGRISYS-LOGO-255x140.png?d773f2","datePublished":"2016-03-23T10:15:04+00:00","dateModified":"2017-07-25T11:11:01+00:00","description":"Her er nogen af de st\u00f8rste Moseg\u00e5rd Silo's kunder og samarbejdspartnere ind p\u00e5 vores hjemmeside. Med direkte link til vores samarbejdspartnere hjemmeside!","breadcrumb":{"@id":"https:\/\/silo.dk\/vores-kunder-samarbejdspartnere\/#breadcrumb"},"inLanguage":"en-US","potentialAction":[{"@type":"ReadAction","target":["https:\/\/silo.dk\/vores-kunder-samarbejdspartnere\/"]}]},{"@type":"ImageObject","inLanguage":"en-US","@id":"https:\/\/silo.dk\/vores-kunder-samarbejdspartnere\/#primaryimage","url":"http:\/\/oegendahl.dk\/wp-content\/uploads\/2016\/03\/AGRISYS-LOGO-255x140.png?d773f2","contentUrl":"http:\/\/oegendahl.dk\/wp-content\/uploads\/2016\/03\/AGRISYS-LOGO-255x140.png?d773f2"},{"@type":"BreadcrumbList","@id":"https:\/\/silo.dk\/vores-kunder-samarbejdspartnere\/#breadcrumb","itemListElement":[{"@type":"ListItem","position":1,"name":"Home","item":"https:\/\/silo.dk\/"},{"@type":"ListItem","position":2,"name":"Samarbejdspartnere"}]},{"@type":"WebSite","@id":"https:\/\/silo.dk\/#website","url":"https:\/\/silo.dk\/","name":"Moseg\u00e5rd Silo A\/S","description":"Salg af siloer til det danske landbrug","potentialAction":[{"@type":"SearchAction","target":{"@type":"EntryPoint","urlTemplate":"https:\/\/silo.dk\/?s={search_term_string}"},"query-input":{"@type":"PropertyValueSpecification","valueRequired":true,"valueName":"search_term_string"}}],"inLanguage":"en-US"}]}},"_links":{"self":[{"href":"https:\/\/silo.dk\/en\/wp-json\/wp\/v2\/pages\/2594","targetHints":{"allow":["GET"]}}],"collection":[{"href":"https:\/\/silo.dk\/en\/wp-json\/wp\/v2\/pages"}],"about":[{"href":"https:\/\/silo.dk\/en\/wp-json\/wp\/v2\/types\/page"}],"author":[{"embeddable":true,"href":"https:\/\/silo.dk\/en\/wp-json\/wp\/v2\/users\/1"}],"replies":[{"embeddable":true,"href":"https:\/\/silo.dk\/en\/wp-json\/wp\/v2\/comments?post=2594"}],"version-history":[{"count":35,"href":"https:\/\/silo.dk\/en\/wp-json\/wp\/v2\/pages\/2594\/revisions"}],"predecessor-version":[{"id":2751,"href":"https:\/\/silo.dk\/en\/wp-json\/wp\/v2\/pages\/2594\/revisions\/2751"}],"wp:attachment":[{"href":"https:\/\/silo.dk\/en\/wp-json\/wp\/v2\/media?parent=2594"}],"curies":[{"name":"wp","href":"https:\/\/api.w.org\/{rel}","templated":true}]}}