
{"id":2733,"date":"2016-08-24T11:40:53","date_gmt":"2016-08-24T11:40:53","guid":{"rendered":"http:\/\/silo.dk\/?page_id=2733"},"modified":"2016-08-31T11:41:34","modified_gmt":"2016-08-31T11:41:34","slug":"salgsbetingelser","status":"publish","type":"page","link":"https:\/\/silo.dk\/en\/salgsbetingelser\/","title":{"rendered":"Terms and conditions of sale"},"content":{"rendered":"<p>Please read our terms and conditions carefully before ordering any product from us.\u00a0By ordering any products from us you are agreeing to these terms and conditions.<\/p>\n<p><strong>The following applies upon delivery of all \u00d8gendahls Maskinfabrik A\/S and Moseg\u00e5rd Silo A\/S products:<\/strong><\/p>\n<p>On the setup site, there must be a roadway for a truck up to 20m, where the product must be set, together with the ability to connect a semi-trailer from the truck, that can be held on the side. The customer must ensure suitable access to the construction site, sustainable flooring, sufficient space for unloading the products and decent working conditions for the assembly of the work. The customer is obliged to provide electricity, lighting, and ensure that the test run of the installation can be performed without any obstacles.<\/p>\n<p><strong>Delivery terms:\u00a0<\/strong> Delivery ex works \u00d8gendahls Maskinfabrik and Moseg\u00e5rd Silo is not responsible and shall not be liable for any changes or delay in the time of delivery, caused by industrial disputes and any other circumstances beyond \u00d8gendahls Maskinfabrik and Moseg\u00e5rd Silo\u2019s control, including fire, war, currency restrictions, lack of means of transport, ordinary scarcity of goods, etc.<\/p>\n<p><strong>Time of delivery:\u00a0<\/strong> According to the agreed delivery date.<\/p>\n<p><strong>Validity of the offer:\u00a0<\/strong> The offer is valid for 30 days. \u00d8gendahls Maskinfabrik and Moseg\u00e5rd Silo reserves the right without notice to change or revoke outstanding offers.<\/p>\n<p><strong>Price:\u00a0<\/strong> All prices are current prices in the specified currency, and all prices are without VAT. \u00d8gendahls Maskinfabrik and Moseg\u00e5rd Silo is entitled to change prices in the event of changes in materials supplies, raw material prices, wages, exchange rates or any other circumstances beyond \u00d8gendahls Maskinfabrik\u2019s and Moseg\u00e5rd Silo&#8217;s control including customs, freight and insurance rates etc.<\/p>\n<p><strong>Payment:\u00a0<\/strong> Payment for deliveries shall be made as stated on the order confirmation, or if such confirmation does not exist, as appears from the payment terms printed on the invoice. The purchaser shall not be entitled to withhold payments due to any counterclaims. In case of overdue payment, a default interest in addition to the official Danish discount rate applicable at any time shall be payable from the due date and until payment is made. A fee of 95 DKK (12.80\u20ac) shall be charged for submitting a reminder after the due date. Afterwards a 2% interest will be charged in the beginning of every following month.<\/p>\n<p>Moseg\u00e5rd Silo and \u00d8gendahls Maskinfabrik is only obliged to perform the work when the customer has paid the agreed down payment and have met all other obligations, which incumbent on the customer.<br \/>\n&#8211; \u00a0When the order and the amount exceeds 100.000 DKK (13.446\u20ac)<br \/>\n&#8211; \u00a0Advance payment is 30% of the amount with 7 days\u2019 net prior<br \/>\n&#8211; \u00a0The remaining 70% is paid with 14 days\u2019 credit upon delivery<br \/>\n&#8211; \u00a0All prices are excluding VAT<\/p>\n<p><strong><em>Respectfully yours,<br \/>\n<\/em><\/strong>Jacob \u00d8gendahl<br \/>\n<em>CEO<\/em><\/p>\n<p><strong>\u00d8gendahls Maskinfabrik A\/S &amp; Moseg\u00e5rd Silo A\/S<\/strong><br \/>\nJupitervej 16A 7620 Lemvig<br \/>\n+45 9782 0582 I +45 9713 1547<br \/>\n<a href=\"mailto:info@oegendahl.dk\">info@oegendahl.dk<\/a> I <a href=\"mailto:mosegaard@silo.dk\">mosegaard@silo.dk<br \/>\n<\/a>VAT-No.:\u00a0DK76787018<\/p>","protected":false},"excerpt":{"rendered":"<p>Please read our terms and conditions carefully before ordering any product from us.\u00a0By ordering any products from us you are agreeing to these terms and conditions. The following applies upon delivery of all \u00d8gendahls Maskinfabrik A\/S and Moseg\u00e5rd Silo A\/S products: On the setup site, there must be a roadway for a truck up to<\/p>\n","protected":false},"author":1,"featured_media":0,"parent":0,"menu_order":0,"comment_status":"closed","ping_status":"closed","template":"fullwidth.php","meta":{"_monsterinsights_skip_tracking":false,"_monsterinsights_sitenote_active":false,"_monsterinsights_sitenote_note":"","_monsterinsights_sitenote_category":0,"footnotes":""},"class_list":["post-2733","page","type-page","status-publish","hentry"],"yoast_head":"<!-- This site is optimized with the Yoast SEO plugin v27.5 - https:\/\/yoast.com\/product\/yoast-seo-wordpress\/ -->\n<title>Terms and conditions of sale - Moseg\u00e5rd Silo A\/S<\/title>\n<meta name=\"description\" content=\"L\u00e6se venligst Moseg\u00e5rd Silo&#039;s vilk\u00e5r &amp; salgsbetingelser omhyggeligt igennem.\u00a0N\u00e5r I bestiller produkter hos os... Se mere om vores salgsbetingelser her!\" \/>\n<meta name=\"robots\" content=\"index, follow, max-snippet:-1, max-image-preview:large, max-video-preview:-1\" \/>\n<link rel=\"canonical\" href=\"https:\/\/silo.dk\/salgsbetingelser\/\" \/>\n<meta property=\"og:locale\" content=\"en_US\" \/>\n<meta property=\"og:type\" content=\"article\" \/>\n<meta property=\"og:title\" content=\"[:DA]Salgsbetingelser[:en]Terms and conditions of sale[:de]Allgemeinen Verkaufsbedingungen[:sv]Vilk\u00e5r og salgsbetingelser[:] - Moseg\u00e5rd Silo A\/S\" \/>\n<meta property=\"og:description\" content=\"L\u00e6se venligst Moseg\u00e5rd Silo&#039;s vilk\u00e5r &amp; salgsbetingelser omhyggeligt igennem.\u00a0N\u00e5r I bestiller produkter hos os... Se mere om vores salgsbetingelser her!\" \/>\n<meta property=\"og:url\" content=\"https:\/\/silo.dk\/salgsbetingelser\/\" \/>\n<meta property=\"og:site_name\" content=\"Moseg\u00e5rd Silo A\/S\" \/>\n<meta property=\"article:publisher\" content=\"https:\/\/www.facebook.com\/Oegendahls.Maskinfabrik\" \/>\n<meta property=\"article:modified_time\" content=\"2016-08-31T11:41:34+00:00\" \/>\n<meta name=\"twitter:card\" content=\"summary_large_image\" \/>\n<meta name=\"twitter:label1\" content=\"Est. reading time\" \/>\n\t<meta name=\"twitter:data1\" content=\"10 minutes\" \/>\n<script type=\"application\/ld+json\" class=\"yoast-schema-graph\">{\"@context\":\"https:\\\/\\\/schema.org\",\"@graph\":[{\"@type\":\"WebPage\",\"@id\":\"https:\\\/\\\/silo.dk\\\/salgsbetingelser\\\/\",\"url\":\"https:\\\/\\\/silo.dk\\\/salgsbetingelser\\\/\",\"name\":\"[:DA]Salgsbetingelser[:en]Terms and conditions of sale[:de]Allgemeinen Verkaufsbedingungen[:sv]Vilk\u00e5r og salgsbetingelser[:] - Moseg\u00e5rd Silo A\\\/S\",\"isPartOf\":{\"@id\":\"https:\\\/\\\/silo.dk\\\/#website\"},\"datePublished\":\"2016-08-24T11:40:53+00:00\",\"dateModified\":\"2016-08-31T11:41:34+00:00\",\"description\":\"L\u00e6se venligst Moseg\u00e5rd Silo's vilk\u00e5r & salgsbetingelser omhyggeligt igennem.\u00a0N\u00e5r I bestiller produkter hos os... Se mere om vores salgsbetingelser her!\",\"breadcrumb\":{\"@id\":\"https:\\\/\\\/silo.dk\\\/salgsbetingelser\\\/#breadcrumb\"},\"inLanguage\":\"en-US\",\"potentialAction\":[{\"@type\":\"ReadAction\",\"target\":[\"https:\\\/\\\/silo.dk\\\/salgsbetingelser\\\/\"]}]},{\"@type\":\"BreadcrumbList\",\"@id\":\"https:\\\/\\\/silo.dk\\\/salgsbetingelser\\\/#breadcrumb\",\"itemListElement\":[{\"@type\":\"ListItem\",\"position\":1,\"name\":\"Home\",\"item\":\"https:\\\/\\\/silo.dk\\\/\"},{\"@type\":\"ListItem\",\"position\":2,\"name\":\"Salgsbetingelser\"}]},{\"@type\":\"WebSite\",\"@id\":\"https:\\\/\\\/silo.dk\\\/#website\",\"url\":\"https:\\\/\\\/silo.dk\\\/\",\"name\":\"Moseg\u00e5rd Silo A\\\/S\",\"description\":\"Salg af siloer til det danske landbrug\",\"potentialAction\":[{\"@type\":\"SearchAction\",\"target\":{\"@type\":\"EntryPoint\",\"urlTemplate\":\"https:\\\/\\\/silo.dk\\\/?s={search_term_string}\"},\"query-input\":{\"@type\":\"PropertyValueSpecification\",\"valueRequired\":true,\"valueName\":\"search_term_string\"}}],\"inLanguage\":\"en-US\"}]}<\/script>\n<!-- \/ Yoast SEO plugin. -->","yoast_head_json":{"title":"[:DA]Salgsbetingelser[:en]Terms and conditions of sale[:de]Allgemeinen Verkaufsbedingungen[:sv]Vilk\u00e5r og salgsbetingelser[:] - Moseg\u00e5rd Silo A\/S","description":"L\u00e6se venligst Moseg\u00e5rd Silo's vilk\u00e5r & salgsbetingelser omhyggeligt igennem.\u00a0N\u00e5r I bestiller produkter hos os... Se mere om vores salgsbetingelser her!","robots":{"index":"index","follow":"follow","max-snippet":"max-snippet:-1","max-image-preview":"max-image-preview:large","max-video-preview":"max-video-preview:-1"},"canonical":"https:\/\/silo.dk\/salgsbetingelser\/","og_locale":"en_US","og_type":"article","og_title":"[:DA]Salgsbetingelser[:en]Terms and conditions of sale[:de]Allgemeinen Verkaufsbedingungen[:sv]Vilk\u00e5r og salgsbetingelser[:] - Moseg\u00e5rd Silo A\/S","og_description":"L\u00e6se venligst Moseg\u00e5rd Silo's vilk\u00e5r & salgsbetingelser omhyggeligt igennem.\u00a0N\u00e5r I bestiller produkter hos os... Se mere om vores salgsbetingelser her!","og_url":"https:\/\/silo.dk\/salgsbetingelser\/","og_site_name":"Moseg\u00e5rd Silo A\/S","article_publisher":"https:\/\/www.facebook.com\/Oegendahls.Maskinfabrik","article_modified_time":"2016-08-31T11:41:34+00:00","twitter_card":"summary_large_image","twitter_misc":{"Est. reading time":"10 minutes"},"schema":{"@context":"https:\/\/schema.org","@graph":[{"@type":"WebPage","@id":"https:\/\/silo.dk\/salgsbetingelser\/","url":"https:\/\/silo.dk\/salgsbetingelser\/","name":"[:DA]Salgsbetingelser[:en]Terms and conditions of sale[:de]Allgemeinen Verkaufsbedingungen[:sv]Vilk\u00e5r og salgsbetingelser[:] - Moseg\u00e5rd Silo A\/S","isPartOf":{"@id":"https:\/\/silo.dk\/#website"},"datePublished":"2016-08-24T11:40:53+00:00","dateModified":"2016-08-31T11:41:34+00:00","description":"L\u00e6se venligst Moseg\u00e5rd Silo's vilk\u00e5r & salgsbetingelser omhyggeligt igennem.\u00a0N\u00e5r I bestiller produkter hos os... Se mere om vores salgsbetingelser her!","breadcrumb":{"@id":"https:\/\/silo.dk\/salgsbetingelser\/#breadcrumb"},"inLanguage":"en-US","potentialAction":[{"@type":"ReadAction","target":["https:\/\/silo.dk\/salgsbetingelser\/"]}]},{"@type":"BreadcrumbList","@id":"https:\/\/silo.dk\/salgsbetingelser\/#breadcrumb","itemListElement":[{"@type":"ListItem","position":1,"name":"Home","item":"https:\/\/silo.dk\/"},{"@type":"ListItem","position":2,"name":"Salgsbetingelser"}]},{"@type":"WebSite","@id":"https:\/\/silo.dk\/#website","url":"https:\/\/silo.dk\/","name":"Moseg\u00e5rd Silo A\/S","description":"Salg af siloer til det danske landbrug","potentialAction":[{"@type":"SearchAction","target":{"@type":"EntryPoint","urlTemplate":"https:\/\/silo.dk\/?s={search_term_string}"},"query-input":{"@type":"PropertyValueSpecification","valueRequired":true,"valueName":"search_term_string"}}],"inLanguage":"en-US"}]}},"_links":{"self":[{"href":"https:\/\/silo.dk\/en\/wp-json\/wp\/v2\/pages\/2733","targetHints":{"allow":["GET"]}}],"collection":[{"href":"https:\/\/silo.dk\/en\/wp-json\/wp\/v2\/pages"}],"about":[{"href":"https:\/\/silo.dk\/en\/wp-json\/wp\/v2\/types\/page"}],"author":[{"embeddable":true,"href":"https:\/\/silo.dk\/en\/wp-json\/wp\/v2\/users\/1"}],"replies":[{"embeddable":true,"href":"https:\/\/silo.dk\/en\/wp-json\/wp\/v2\/comments?post=2733"}],"version-history":[{"count":7,"href":"https:\/\/silo.dk\/en\/wp-json\/wp\/v2\/pages\/2733\/revisions"}],"predecessor-version":[{"id":2740,"href":"https:\/\/silo.dk\/en\/wp-json\/wp\/v2\/pages\/2733\/revisions\/2740"}],"wp:attachment":[{"href":"https:\/\/silo.dk\/en\/wp-json\/wp\/v2\/media?parent=2733"}],"curies":[{"name":"wp","href":"https:\/\/api.w.org\/{rel}","templated":true}]}}