
{"id":457,"date":"2015-03-21T15:44:15","date_gmt":"2015-03-21T15:44:15","guid":{"rendered":"http:\/\/silo.dk\/?page_id=457"},"modified":"2019-08-05T07:16:33","modified_gmt":"2019-08-05T07:16:33","slug":"siloer","status":"publish","type":"page","link":"https:\/\/silo.dk\/en\/siloer\/","title":{"rendered":"Silos"},"content":{"rendered":"<p><\/p>\n<div class=\"list-group\">\n  <a class=\"list-group-item\"><i class=\"fa fa-cubes fa-lg\"><\/i>&nbsp; The Silo cones are made of strong square tube, angle and U profiles. The Silo cone is equipped with two shutters and low partitions, so there are about 300-400 kg feed back into the silo when one side is emptied. <\/a><br \/>\n  <a class=\"list-group-item\"><i class=\"fa fa-check-square-o fa-lg\"><\/i>&nbsp; Silo sides are made of 22 mm white melamine-coated particle board in special (exceptional) quality.<\/a><br \/>\n  <a class=\"list-group-item\"><i class=\"fa fa-thumbs-o-up fa-lg\"><\/i>&nbsp; All silos can be equipped with 100 mm steel pipes intended for supply air of fodder shuttle.<\/a><br \/>\n  <a class=\"list-group-item\"><i class=\"fa fa-star fa-lg\"><\/i>&nbsp; Moseg\u00e5rd Silo has a wide range of adapters connected mixing mills, feeders, auger outlet etc.<\/a><br \/>\n  <a class=\"list-group-item\"><i class=\"fa fa-wrench fa-lg\"><\/i>&nbsp; We offer wide range of silo accessories.<\/a><br \/>\n  <a class=\"list-group-item\"><i class=\"fa fa-smile-o fa-lg\"><\/i>&nbsp; Special silo designs can be developed according to your needs, so the silo is equivalent to your wishes, desires and fits perfectly inside your building.<\/a>\n<\/div>\n<p>&nbsp;<\/p>\n<div class=\"col-md-4 \">\n<ul class=\"portfolio-filter nav nav-stacked\">\n<li data-original-title=\"\" title=\"\">\n\t\t\t\t\t\t<a data-filter=\"*\" href=\"http:\/\/silo.dk\/siloer\/type-11060\/\"><strong>Silo Type 110\/60\u00b0<\/strong> <\/a>\n                    <\/li>\n<li data-original-title=\"\" title=\"\">\n\t\t\t\t\t\t<a data-filter=\".Arts\" href=\"http:\/\/silo.dk\/siloer\/type-110210-med-2-rum-udlob-45x45-cm\/\"><strong>Silo Type 110\/210 \u2013 with\u00a02 compartments<\/strong><\/a>\n                    <\/li>\n<li data-original-title=\"\" title=\"\">\n\t\t\t\t\t\t<a data-filter=\".Buildings\" href=\"http:\/\/silo.dk\/siloer\/type-110310-med-3-rum-udlob-45x45-cm\/\"><strong>Silo Type 110\/310 \u2013 with\u00a03 compartments<\/strong><\/a>\n                    <\/li>\n<li data-original-title=\"\" title=\"\">\n\t\t\t\t\t\t<a data-filter=\"*\" href=\"http:\/\/silo.dk\/siloer\/type-13060\/\"><strong>Silo Type 130\/60\u00b0<\/strong> <\/a>\n                    <\/li>\n<li data-original-title=\"\" title=\"\">\n\t\t\t\t\t\t<a data-filter=\".Arts\" href=\"http:\/\/silo.dk\/siloer\/type-15060\/\"><strong>Silo Type 150\/60\u00b0<\/strong><\/a>\n                    <\/li>\n<li data-original-title=\"\" title=\"\">\n\t\t\t\t\t\t<a data-filter=\".Buildings\" href=\"http:\/\/silo.dk\/siloer\/type-150200\/\"><strong>Silo Type 150\/200<\/strong><\/a>\n                    <\/li>\n<li data-original-title=\"\" title=\"\">\n\t\t\t\t\t\t<a data-filter=\"*\" href=\"http:\/\/silo.dk\/siloer\/type-20049\/\"><strong>Silo Type 200\/49\u00b0<\/strong> <\/a>\n                    <\/li>\n<li data-original-title=\"\" title=\"\">\n\t\t\t\t\t\t<a data-filter=\".Arts\" href=\"http:\/\/silo.dk\/siloer\/type-20060\/\"><strong>Silo Type 200\/60\u00b0 <\/strong><\/a>\n                    <\/li>\n<li data-original-title=\"\" title=\"\">\n\t\t\t\t\t\t<a data-filter=\".Buildings\" href=\"http:\/\/silo.dk\/siloer\/type-150300\/\"><strong>Silo Type 150\/300<\/strong><\/a>\n                    <\/li>\n<\/ul>\n<\/div>\n<div class=\"col-md-4 \">\n<ul class=\"portfolio-filter nav nav-stacked\">\n<li data-original-title=\"\" title=\"\">\n\t\t\t\t\t\t<a data-filter=\"*\" href=\"http:\/\/silo.dk\/siloer\/type-210310\/\"><strong>Silo Type 210\/310<\/strong> <\/a>\n                    <\/li>\n<li data-original-title=\"\" title=\"\">\n\t\t\t\t\t\t<a data-filter=\".Arts\" href=\"http:\/\/silo.dk\/siloer\/type-25049\/\"><strong>Silo Type 250\/49\u00b0<\/strong><\/a>\n                    <\/li>\n<li data-original-title=\"\" title=\"\">\n\t\t\t\t\t\t<a data-filter=\".Buildings\" href=\"http:\/\/silo.dk\/siloer\/type-25060\/\"><strong>Silo Type 250\/60\u00b0<\/strong><\/a>\n                    <\/li>\n<li data-original-title=\"\" title=\"\">\n\t\t\t\t\t\t<a data-filter=\"*\" href=\"http:\/\/silo.dk\/siloer\/type-300485\/\"><strong>Silo Type 300\/48,5\u00b0\u00a0<\/strong> <\/a>\n                    <\/li>\n<li data-original-title=\"\" title=\"\">\n\t\t\t\t\t\t<a data-filter=\".Arts\" href=\"http:\/\/silo.dk\/siloer\/type-30060\/\"><strong>Silo Type 300\/60\u00b0<\/strong><\/a>\n                    <\/li>\n<li data-original-title=\"\" title=\"\">\n\t\t\t\t\t\t<a data-filter=\".Buildings\" href=\"http:\/\/silo.dk\/siloer\/type-300300-for-horisontal-snegl\/\"><strong>Silo Type 300\/300 for horizontal auger<\/strong><\/a>\n                    <\/li>\n<li data-original-title=\"\" title=\"\">\n\t\t\t\t\t\t<a data-filter=\"*\" href=\"http:\/\/silo.dk\/siloer\/silo-til-vanskelig-produkter\/\"><strong>Silo for difficult products<\/strong> <\/a>\n                    <\/li>\n<li data-original-title=\"\" title=\"\">\n\t\t\t\t\t\t<a data-filter=\".Arts\" href=\"http:\/\/silo.dk\/siloer\/m3f-type-16063-mineralsilo\/\"><strong>Mineral Silo M3F Type 160\/63\u00b0\u00a0<\/strong><\/a>\n                    <\/li>\n<li data-original-title=\"\" title=\"\">\n\t\t\t\t\t\t<a data-filter=\".Buildings\" href=\"http:\/\/silo.dk\/siloer\/silobund-med-ben\/\"><strong>Silo bottom with legs<\/strong><\/a>\n                    <\/li>\n<\/ul>\n<\/div>\n<div class=\"col-md-4 \"><img loading=\"lazy\" decoding=\"async\" class=\"so-widget-image alignright\" style=\"max-width: 100%; height: auto; display: block;\" src=\"http:\/\/silo.dk\/wp-content\/uploads\/2015\/03\/billeder-2-042.jpg\" alt=\"\" width=\"447\" height=\"355\" \/><\/div>\n<p><\/p>","protected":false},"excerpt":{"rendered":"<p>&nbsp; The Silo cones are made of strong square tube, angle and U profiles. The Silo cone is equipped with two shutters and low partitions, so there are about 300-400 kg feed back into the silo when one side is emptied. &nbsp; Silo sides are made of 22 mm white melamine-coated particle board in special<\/p>\n","protected":false},"author":1,"featured_media":0,"parent":0,"menu_order":0,"comment_status":"closed","ping_status":"closed","template":"fullwidth.php","meta":{"_monsterinsights_skip_tracking":false,"_monsterinsights_sitenote_active":false,"_monsterinsights_sitenote_note":"","_monsterinsights_sitenote_category":0,"footnotes":""},"class_list":["post-457","page","type-page","status-publish","hentry"],"yoast_head":"<!-- This site is optimized with the Yoast SEO plugin v27.5 - https:\/\/yoast.com\/product\/yoast-seo-wordpress\/ -->\n<title>Flotteste Siloer - Moseg\u00e5rd Silo A\/S<\/title>\n<meta name=\"description\" content=\"Moseg\u00e5rd Silo kan fremstilles specielle udf\u00f8relser efter opgave, s\u00e5 siloer passer til dine \u00f8nsker &amp; bygninger. Stort udvalg af siloer og tilbeh\u00f8r til siloer\" \/>\n<meta name=\"robots\" content=\"index, follow, max-snippet:-1, max-image-preview:large, max-video-preview:-1\" \/>\n<link rel=\"canonical\" href=\"https:\/\/silo.dk\/en\/siloer\/\" \/>\n<meta property=\"og:locale\" content=\"en_US\" \/>\n<meta property=\"og:type\" content=\"article\" \/>\n<meta property=\"og:title\" content=\"Flotteste Siloer - Moseg\u00e5rd Silo A\/S\" \/>\n<meta property=\"og:description\" content=\"Moseg\u00e5rd Silo kan fremstilles specielle udf\u00f8relser efter opgave, s\u00e5 siloer passer til dine \u00f8nsker &amp; bygninger. Stort udvalg af siloer og tilbeh\u00f8r til siloer\" \/>\n<meta property=\"og:url\" content=\"https:\/\/silo.dk\/en\/siloer\/\" \/>\n<meta property=\"og:site_name\" content=\"Moseg\u00e5rd Silo A\/S\" \/>\n<meta property=\"article:publisher\" content=\"https:\/\/www.facebook.com\/Oegendahls.Maskinfabrik\" \/>\n<meta property=\"article:modified_time\" content=\"2019-08-05T07:16:33+00:00\" \/>\n<meta property=\"og:image\" content=\"http:\/\/silo.dk\/wp-content\/uploads\/2015\/03\/billeder-2-042.jpg\" \/>\n<meta name=\"twitter:card\" content=\"summary_large_image\" \/>\n<meta name=\"twitter:label1\" content=\"Est. reading time\" \/>\n\t<meta name=\"twitter:data1\" content=\"5 minutes\" \/>\n<script type=\"application\/ld+json\" class=\"yoast-schema-graph\">{\"@context\":\"https:\\\/\\\/schema.org\",\"@graph\":[{\"@type\":\"WebPage\",\"@id\":\"https:\\\/\\\/silo.dk\\\/en\\\/siloer\\\/\",\"url\":\"https:\\\/\\\/silo.dk\\\/en\\\/siloer\\\/\",\"name\":\"Flotteste Siloer - Moseg\u00e5rd Silo A\\\/S\",\"isPartOf\":{\"@id\":\"https:\\\/\\\/silo.dk\\\/#website\"},\"primaryImageOfPage\":{\"@id\":\"https:\\\/\\\/silo.dk\\\/en\\\/siloer\\\/#primaryimage\"},\"image\":{\"@id\":\"https:\\\/\\\/silo.dk\\\/en\\\/siloer\\\/#primaryimage\"},\"thumbnailUrl\":\"http:\\\/\\\/silo.dk\\\/wp-content\\\/uploads\\\/2015\\\/03\\\/billeder-2-042.jpg\",\"datePublished\":\"2015-03-21T15:44:15+00:00\",\"dateModified\":\"2019-08-05T07:16:33+00:00\",\"description\":\"Moseg\u00e5rd Silo kan fremstilles specielle udf\u00f8relser efter opgave, s\u00e5 siloer passer til dine \u00f8nsker & bygninger. Stort udvalg af siloer og tilbeh\u00f8r til siloer\",\"breadcrumb\":{\"@id\":\"https:\\\/\\\/silo.dk\\\/en\\\/siloer\\\/#breadcrumb\"},\"inLanguage\":\"en-US\",\"potentialAction\":[{\"@type\":\"ReadAction\",\"target\":[\"https:\\\/\\\/silo.dk\\\/en\\\/siloer\\\/\"]}]},{\"@type\":\"ImageObject\",\"inLanguage\":\"en-US\",\"@id\":\"https:\\\/\\\/silo.dk\\\/en\\\/siloer\\\/#primaryimage\",\"url\":\"http:\\\/\\\/silo.dk\\\/wp-content\\\/uploads\\\/2015\\\/03\\\/billeder-2-042.jpg\",\"contentUrl\":\"http:\\\/\\\/silo.dk\\\/wp-content\\\/uploads\\\/2015\\\/03\\\/billeder-2-042.jpg\"},{\"@type\":\"BreadcrumbList\",\"@id\":\"https:\\\/\\\/silo.dk\\\/en\\\/siloer\\\/#breadcrumb\",\"itemListElement\":[{\"@type\":\"ListItem\",\"position\":1,\"name\":\"Home\",\"item\":\"https:\\\/\\\/silo.dk\\\/\"},{\"@type\":\"ListItem\",\"position\":2,\"name\":\"Silos\"}]},{\"@type\":\"WebSite\",\"@id\":\"https:\\\/\\\/silo.dk\\\/#website\",\"url\":\"https:\\\/\\\/silo.dk\\\/\",\"name\":\"Moseg\u00e5rd Silo A\\\/S\",\"description\":\"Salg af siloer til det danske landbrug\",\"potentialAction\":[{\"@type\":\"SearchAction\",\"target\":{\"@type\":\"EntryPoint\",\"urlTemplate\":\"https:\\\/\\\/silo.dk\\\/?s={search_term_string}\"},\"query-input\":{\"@type\":\"PropertyValueSpecification\",\"valueRequired\":true,\"valueName\":\"search_term_string\"}}],\"inLanguage\":\"en-US\"}]}<\/script>\n<!-- \/ Yoast SEO plugin. -->","yoast_head_json":{"title":"Flotteste Siloer - Moseg\u00e5rd Silo A\/S","description":"Moseg\u00e5rd Silo kan fremstilles specielle udf\u00f8relser efter opgave, s\u00e5 siloer passer til dine \u00f8nsker & bygninger. Stort udvalg af siloer og tilbeh\u00f8r til siloer","robots":{"index":"index","follow":"follow","max-snippet":"max-snippet:-1","max-image-preview":"max-image-preview:large","max-video-preview":"max-video-preview:-1"},"canonical":"https:\/\/silo.dk\/en\/siloer\/","og_locale":"en_US","og_type":"article","og_title":"Flotteste Siloer - Moseg\u00e5rd Silo A\/S","og_description":"Moseg\u00e5rd Silo kan fremstilles specielle udf\u00f8relser efter opgave, s\u00e5 siloer passer til dine \u00f8nsker & bygninger. Stort udvalg af siloer og tilbeh\u00f8r til siloer","og_url":"https:\/\/silo.dk\/en\/siloer\/","og_site_name":"Moseg\u00e5rd Silo A\/S","article_publisher":"https:\/\/www.facebook.com\/Oegendahls.Maskinfabrik","article_modified_time":"2019-08-05T07:16:33+00:00","og_image":[{"url":"http:\/\/silo.dk\/wp-content\/uploads\/2015\/03\/billeder-2-042.jpg","type":"","width":"","height":""}],"twitter_card":"summary_large_image","twitter_misc":{"Est. reading time":"5 minutes"},"schema":{"@context":"https:\/\/schema.org","@graph":[{"@type":"WebPage","@id":"https:\/\/silo.dk\/en\/siloer\/","url":"https:\/\/silo.dk\/en\/siloer\/","name":"Flotteste Siloer - Moseg\u00e5rd Silo A\/S","isPartOf":{"@id":"https:\/\/silo.dk\/#website"},"primaryImageOfPage":{"@id":"https:\/\/silo.dk\/en\/siloer\/#primaryimage"},"image":{"@id":"https:\/\/silo.dk\/en\/siloer\/#primaryimage"},"thumbnailUrl":"http:\/\/silo.dk\/wp-content\/uploads\/2015\/03\/billeder-2-042.jpg","datePublished":"2015-03-21T15:44:15+00:00","dateModified":"2019-08-05T07:16:33+00:00","description":"Moseg\u00e5rd Silo kan fremstilles specielle udf\u00f8relser efter opgave, s\u00e5 siloer passer til dine \u00f8nsker & bygninger. Stort udvalg af siloer og tilbeh\u00f8r til siloer","breadcrumb":{"@id":"https:\/\/silo.dk\/en\/siloer\/#breadcrumb"},"inLanguage":"en-US","potentialAction":[{"@type":"ReadAction","target":["https:\/\/silo.dk\/en\/siloer\/"]}]},{"@type":"ImageObject","inLanguage":"en-US","@id":"https:\/\/silo.dk\/en\/siloer\/#primaryimage","url":"http:\/\/silo.dk\/wp-content\/uploads\/2015\/03\/billeder-2-042.jpg","contentUrl":"http:\/\/silo.dk\/wp-content\/uploads\/2015\/03\/billeder-2-042.jpg"},{"@type":"BreadcrumbList","@id":"https:\/\/silo.dk\/en\/siloer\/#breadcrumb","itemListElement":[{"@type":"ListItem","position":1,"name":"Home","item":"https:\/\/silo.dk\/"},{"@type":"ListItem","position":2,"name":"Silos"}]},{"@type":"WebSite","@id":"https:\/\/silo.dk\/#website","url":"https:\/\/silo.dk\/","name":"Moseg\u00e5rd Silo A\/S","description":"Salg af siloer til det danske landbrug","potentialAction":[{"@type":"SearchAction","target":{"@type":"EntryPoint","urlTemplate":"https:\/\/silo.dk\/?s={search_term_string}"},"query-input":{"@type":"PropertyValueSpecification","valueRequired":true,"valueName":"search_term_string"}}],"inLanguage":"en-US"}]}},"_links":{"self":[{"href":"https:\/\/silo.dk\/en\/wp-json\/wp\/v2\/pages\/457","targetHints":{"allow":["GET"]}}],"collection":[{"href":"https:\/\/silo.dk\/en\/wp-json\/wp\/v2\/pages"}],"about":[{"href":"https:\/\/silo.dk\/en\/wp-json\/wp\/v2\/types\/page"}],"author":[{"embeddable":true,"href":"https:\/\/silo.dk\/en\/wp-json\/wp\/v2\/users\/1"}],"replies":[{"embeddable":true,"href":"https:\/\/silo.dk\/en\/wp-json\/wp\/v2\/comments?post=457"}],"version-history":[{"count":153,"href":"https:\/\/silo.dk\/en\/wp-json\/wp\/v2\/pages\/457\/revisions"}],"predecessor-version":[{"id":2797,"href":"https:\/\/silo.dk\/en\/wp-json\/wp\/v2\/pages\/457\/revisions\/2797"}],"wp:attachment":[{"href":"https:\/\/silo.dk\/en\/wp-json\/wp\/v2\/media?parent=457"}],"curies":[{"name":"wp","href":"https:\/\/api.w.org\/{rel}","templated":true}]}}