
{"id":472,"date":"2015-03-21T16:18:57","date_gmt":"2015-03-21T16:18:57","guid":{"rendered":"http:\/\/silo.dk\/?page_id=472"},"modified":"2017-08-03T11:07:54","modified_gmt":"2017-08-03T11:07:54","slug":"type-110310-med-3-rum-udlob-45x45-cm","status":"publish","type":"page","link":"https:\/\/silo.dk\/en\/siloer\/type-110310-med-3-rum-udlob-45x45-cm\/","title":{"rendered":"SiloType 110\/310 &#8211; med 3 rum &#8211; udl\u00f8b 45&#215;45 cm"},"content":{"rendered":"<p><\/p>\n<h3>Standard opbygninger<\/h3>\n<p><img loading=\"lazy\" decoding=\"async\" class=\"alignleft size-medium wp-image-473\" src=\"http:\/\/silo.dk\/wp-content\/uploads\/2015\/03\/side1-3-N-232x300.jpg\" alt=\"T:work 63cmkatalog s-h1x3opstilling Model (1)\" width=\"205\" height=\"300\" \/><img loading=\"lazy\" decoding=\"async\" class=\"alignright size-medium wp-image-474\" src=\"http:\/\/silo.dk\/wp-content\/uploads\/2015\/03\/side1-3-O-232x300.jpg\" alt=\"T:ASYMBSILOSILO11x3opb Model (1)\" width=\"205\" height=\"300\" \/><\/p>\n<table border=\"1\" width=\"464\" bgcolor=\"#F8F8F8\">\n<tbody>\n<tr>\n<th scope=\"row\" width=\"132\">\n<div align=\"left\">Pladsbehov<\/div>\n<\/th>\n<td width=\"316\">\n<div align=\"right\">110x310cm<\/div>\n<\/td>\n<\/tr>\n<tr>\n<th scope=\"row\">\n<div align=\"left\">Udl\u00f8b<\/div>\n<\/th>\n<td>\n<div align=\"right\">3 stk. 45&#215;45 cm<\/div>\n<\/td>\n<\/tr>\n<tr>\n<th scope=\"row\">\n<div align=\"left\">Frih\u00f8jde under udl\u00f8b<\/div>\n<\/th>\n<td>\n<div align=\"right\">90 cm<\/div>\n<\/td>\n<\/tr>\n<tr>\n<th scope=\"row\">\n<div align=\"left\">H\u00e6ldningsgrad<\/div>\n<\/th>\n<td>\n<div align=\"right\">60\u00b0<\/div>\n<\/td>\n<\/tr>\n<tr>\n<th scope=\"row\">\n<div align=\"left\">St\u00e5lbundsh\u00f8jde<\/div>\n<\/th>\n<td>\n<div align=\"right\">47 cm<\/div>\n<\/td>\n<\/tr>\n<tr>\n<th scope=\"row\">\n<div align=\"left\">Indhold i bund<\/div>\n<\/th>\n<td>\n<div align=\"right\">0,6 m3<\/div>\n<\/td>\n<\/tr>\n<\/tbody>\n<\/table>\n<p>&nbsp;<\/p>\n<table border=\"1\" width=\"464\" bgcolor=\"#FFFFFF\">\n<tbody>\n<tr>\n<th scope=\"row\" width=\"132\">\n<div align=\"left\">Varenr.: S1-1&#215;3<\/div>\n<\/th>\n<td width=\"316\">\n<div align=\"right\">Sp\u00e5npladeloft<\/div>\n<\/td>\n<\/tr>\n<\/tbody>\n<\/table>\n<p>&nbsp;<\/p>\n<table border=\"1\" width=\"339\" bgcolor=\"#F8F8F8\">\n<tbody>\n<tr>\n<th scope=\"row\" width=\"132\">\n<div align=\"left\">Tons VF. 0,6<\/div>\n<\/th>\n<td width=\"34\">\n<div align=\"right\"><strong>M3<\/strong><\/div>\n<\/td>\n<td width=\"60\">\n<div align=\"right\"><strong>Total<br \/>\nh\u00f8jde<\/strong><\/div>\n<\/td>\n<td width=\"85\">\n<div align=\"right\"><strong>Silo varenr<br \/>\n<\/strong><\/div>\n<\/td>\n<\/tr>\n<tr>\n<th scope=\"row\">\n<div align=\"left\">3,0<\/div>\n<\/th>\n<td>\n<div align=\"right\">5,4<\/div>\n<\/td>\n<td>\n<div align=\"right\">287<\/div>\n<\/td>\n<td>\n<div align=\"right\">1&#215;3-3,0<\/div>\n<\/td>\n<\/tr>\n<tr>\n<th scope=\"row\">\n<div align=\"left\">3,9<\/div>\n<\/th>\n<td>\n<div align=\"right\">6,9<\/div>\n<\/td>\n<td>\n<div align=\"right\">337<\/div>\n<\/td>\n<td>\n<div align=\"right\">1&#215;3-3,9<\/div>\n<\/td>\n<\/tr>\n<tr>\n<th scope=\"row\">\n<div align=\"left\">5,7<\/div>\n<\/th>\n<td>\n<div align=\"right\">9,9<\/div>\n<\/td>\n<td>\n<div align=\"right\">439<\/div>\n<\/td>\n<td>\n<div align=\"right\">1&#215;3-5,7<\/div>\n<\/td>\n<\/tr>\n<\/tbody>\n<\/table>\n<p><\/p>","protected":false},"excerpt":{"rendered":"<p>Standard opbygninger Pladsbehov 110x310cm Udl\u00f8b 3 stk. 45&#215;45 cm Frih\u00f8jde under udl\u00f8b 90 cm H\u00e6ldningsgrad 60\u00b0 St\u00e5lbundsh\u00f8jde 47 cm Indhold i bund 0,6 m3 &nbsp; Varenr.: S1-1&#215;3 Sp\u00e5npladeloft &nbsp; Tons VF. 0,6 M3 Total h\u00f8jde Silo varenr 3,0 5,4 287 1&#215;3-3,0 3,9 6,9 337 1&#215;3-3,9 5,7 9,9 439 1&#215;3-5,7<\/p>\n","protected":false},"author":1,"featured_media":0,"parent":457,"menu_order":0,"comment_status":"closed","ping_status":"closed","template":"","meta":{"_monsterinsights_skip_tracking":false,"_monsterinsights_sitenote_active":false,"_monsterinsights_sitenote_note":"","_monsterinsights_sitenote_category":0,"footnotes":""},"class_list":["post-472","page","type-page","status-publish","hentry"],"yoast_head":"<!-- This site is optimized with the Yoast SEO plugin v27.5 - https:\/\/yoast.com\/product\/yoast-seo-wordpress\/ -->\n<title>SiloType 110\/310 - med 3 rum - udl\u00f8b 45x45 cm - Moseg\u00e5rd Silo A\/S<\/title>\n<meta name=\"robots\" content=\"index, follow, max-snippet:-1, max-image-preview:large, max-video-preview:-1\" \/>\n<link rel=\"canonical\" href=\"https:\/\/silo.dk\/siloer\/type-110310-med-3-rum-udlob-45x45-cm\/\" \/>\n<meta property=\"og:locale\" content=\"en_US\" \/>\n<meta property=\"og:type\" content=\"article\" \/>\n<meta property=\"og:title\" content=\"[:DA]Silo Type 110\/310 - med 3 rum - udl\u00f8b 45x45 cm[:en]SiloType 110\/310 - med 3 rum - udl\u00f8b 45x45 cm[:de]SiloTyp 110\/310 - mit 3 F\u00e4chern [:sv]Silo Typ 110\/310 - med 3 rum - utlopp 45x45 cm[:pl]SiloType 110\/310 - med 2 rum - udl\u00f8b 45x45 cm[:] - Moseg\u00e5rd Silo A\/S\" \/>\n<meta property=\"og:description\" content=\"Standard opbygninger Pladsbehov 110x310cm Udl\u00f8b 3 stk. 45&#215;45 cm Frih\u00f8jde under udl\u00f8b 90 cm H\u00e6ldningsgrad 60\u00b0 St\u00e5lbundsh\u00f8jde 47 cm Indhold i bund 0,6 m3 &nbsp; Varenr.: S1-1&#215;3 Sp\u00e5npladeloft &nbsp; Tons VF. 0,6 M3 Total h\u00f8jde Silo varenr 3,0 5,4 287 1&#215;3-3,0 3,9 6,9 337 1&#215;3-3,9 5,7 9,9 439 1&#215;3-5,7\" \/>\n<meta property=\"og:url\" content=\"https:\/\/silo.dk\/siloer\/type-110310-med-3-rum-udlob-45x45-cm\/\" \/>\n<meta property=\"og:site_name\" content=\"Moseg\u00e5rd Silo A\/S\" \/>\n<meta property=\"article:publisher\" content=\"https:\/\/www.facebook.com\/Oegendahls.Maskinfabrik\" \/>\n<meta property=\"article:modified_time\" content=\"2017-08-03T11:07:54+00:00\" \/>\n<meta property=\"og:image\" content=\"https:\/\/silo.dk\/wp-content\/uploads\/2015\/03\/side1-3-N.jpg\" \/>\n\t<meta property=\"og:image:width\" content=\"245\" \/>\n\t<meta property=\"og:image:height\" content=\"317\" \/>\n\t<meta property=\"og:image:type\" content=\"image\/jpeg\" \/>\n<meta name=\"twitter:card\" content=\"summary_large_image\" \/>\n<meta name=\"twitter:label1\" content=\"Est. reading time\" \/>\n\t<meta name=\"twitter:data1\" content=\"1 minute\" \/>\n<script type=\"application\/ld+json\" class=\"yoast-schema-graph\">{\"@context\":\"https:\\\/\\\/schema.org\",\"@graph\":[{\"@type\":\"WebPage\",\"@id\":\"https:\\\/\\\/silo.dk\\\/siloer\\\/type-110310-med-3-rum-udlob-45x45-cm\\\/\",\"url\":\"https:\\\/\\\/silo.dk\\\/siloer\\\/type-110310-med-3-rum-udlob-45x45-cm\\\/\",\"name\":\"[:DA]Silo Type 110\\\/310 - med 3 rum - udl\u00f8b 45x45 cm[:en]SiloType 110\\\/310 - med 3 rum - udl\u00f8b 45x45 cm[:de]SiloTyp 110\\\/310 - mit 3 F\u00e4chern [:sv]Silo Typ 110\\\/310 - med 3 rum - utlopp 45x45 cm[:pl]SiloType 110\\\/310 - med 2 rum - udl\u00f8b 45x45 cm[:] - Moseg\u00e5rd Silo A\\\/S\",\"isPartOf\":{\"@id\":\"https:\\\/\\\/silo.dk\\\/#website\"},\"primaryImageOfPage\":{\"@id\":\"https:\\\/\\\/silo.dk\\\/siloer\\\/type-110310-med-3-rum-udlob-45x45-cm\\\/#primaryimage\"},\"image\":{\"@id\":\"https:\\\/\\\/silo.dk\\\/siloer\\\/type-110310-med-3-rum-udlob-45x45-cm\\\/#primaryimage\"},\"thumbnailUrl\":\"http:\\\/\\\/silo.dk\\\/wp-content\\\/uploads\\\/2015\\\/03\\\/side1-3-N-232x300.jpg\",\"datePublished\":\"2015-03-21T16:18:57+00:00\",\"dateModified\":\"2017-08-03T11:07:54+00:00\",\"breadcrumb\":{\"@id\":\"https:\\\/\\\/silo.dk\\\/siloer\\\/type-110310-med-3-rum-udlob-45x45-cm\\\/#breadcrumb\"},\"inLanguage\":\"en-US\",\"potentialAction\":[{\"@type\":\"ReadAction\",\"target\":[\"https:\\\/\\\/silo.dk\\\/siloer\\\/type-110310-med-3-rum-udlob-45x45-cm\\\/\"]}]},{\"@type\":\"ImageObject\",\"inLanguage\":\"en-US\",\"@id\":\"https:\\\/\\\/silo.dk\\\/siloer\\\/type-110310-med-3-rum-udlob-45x45-cm\\\/#primaryimage\",\"url\":\"http:\\\/\\\/silo.dk\\\/wp-content\\\/uploads\\\/2015\\\/03\\\/side1-3-N-232x300.jpg\",\"contentUrl\":\"http:\\\/\\\/silo.dk\\\/wp-content\\\/uploads\\\/2015\\\/03\\\/side1-3-N-232x300.jpg\"},{\"@type\":\"BreadcrumbList\",\"@id\":\"https:\\\/\\\/silo.dk\\\/siloer\\\/type-110310-med-3-rum-udlob-45x45-cm\\\/#breadcrumb\",\"itemListElement\":[{\"@type\":\"ListItem\",\"position\":1,\"name\":\"Home\",\"item\":\"https:\\\/\\\/silo.dk\\\/\"},{\"@type\":\"ListItem\",\"position\":2,\"name\":\"Silos\",\"item\":\"https:\\\/\\\/silo.dk\\\/en\\\/siloer\\\/\"},{\"@type\":\"ListItem\",\"position\":3,\"name\":\"Silo Type 110\\\/310 &#8211; med 3 rum &#8211; udl\u00f8b 45&#215;45 cm\"}]},{\"@type\":\"WebSite\",\"@id\":\"https:\\\/\\\/silo.dk\\\/#website\",\"url\":\"https:\\\/\\\/silo.dk\\\/\",\"name\":\"Moseg\u00e5rd Silo A\\\/S\",\"description\":\"Salg af siloer til det danske landbrug\",\"potentialAction\":[{\"@type\":\"SearchAction\",\"target\":{\"@type\":\"EntryPoint\",\"urlTemplate\":\"https:\\\/\\\/silo.dk\\\/?s={search_term_string}\"},\"query-input\":{\"@type\":\"PropertyValueSpecification\",\"valueRequired\":true,\"valueName\":\"search_term_string\"}}],\"inLanguage\":\"en-US\"}]}<\/script>\n<!-- \/ Yoast SEO plugin. -->","yoast_head_json":{"title":"[:DA]Silo Type 110\/310 - med 3 rum - udl\u00f8b 45x45 cm[:en]SiloType 110\/310 - med 3 rum - udl\u00f8b 45x45 cm[:de]SiloTyp 110\/310 - mit 3 F\u00e4chern [:sv]Silo Typ 110\/310 - med 3 rum - utlopp 45x45 cm[:pl]SiloType 110\/310 - med 2 rum - udl\u00f8b 45x45 cm[:] - Moseg\u00e5rd Silo A\/S","robots":{"index":"index","follow":"follow","max-snippet":"max-snippet:-1","max-image-preview":"max-image-preview:large","max-video-preview":"max-video-preview:-1"},"canonical":"https:\/\/silo.dk\/siloer\/type-110310-med-3-rum-udlob-45x45-cm\/","og_locale":"en_US","og_type":"article","og_title":"[:DA]Silo Type 110\/310 - med 3 rum - udl\u00f8b 45x45 cm[:en]SiloType 110\/310 - med 3 rum - udl\u00f8b 45x45 cm[:de]SiloTyp 110\/310 - mit 3 F\u00e4chern [:sv]Silo Typ 110\/310 - med 3 rum - utlopp 45x45 cm[:pl]SiloType 110\/310 - med 2 rum - udl\u00f8b 45x45 cm[:] - Moseg\u00e5rd Silo A\/S","og_description":"Standard opbygninger Pladsbehov 110x310cm Udl\u00f8b 3 stk. 45&#215;45 cm Frih\u00f8jde under udl\u00f8b 90 cm H\u00e6ldningsgrad 60\u00b0 St\u00e5lbundsh\u00f8jde 47 cm Indhold i bund 0,6 m3 &nbsp; Varenr.: S1-1&#215;3 Sp\u00e5npladeloft &nbsp; Tons VF. 0,6 M3 Total h\u00f8jde Silo varenr 3,0 5,4 287 1&#215;3-3,0 3,9 6,9 337 1&#215;3-3,9 5,7 9,9 439 1&#215;3-5,7","og_url":"https:\/\/silo.dk\/siloer\/type-110310-med-3-rum-udlob-45x45-cm\/","og_site_name":"Moseg\u00e5rd Silo A\/S","article_publisher":"https:\/\/www.facebook.com\/Oegendahls.Maskinfabrik","article_modified_time":"2017-08-03T11:07:54+00:00","og_image":[{"width":245,"height":317,"url":"https:\/\/silo.dk\/wp-content\/uploads\/2015\/03\/side1-3-N.jpg","type":"image\/jpeg"}],"twitter_card":"summary_large_image","twitter_misc":{"Est. reading time":"1 minute"},"schema":{"@context":"https:\/\/schema.org","@graph":[{"@type":"WebPage","@id":"https:\/\/silo.dk\/siloer\/type-110310-med-3-rum-udlob-45x45-cm\/","url":"https:\/\/silo.dk\/siloer\/type-110310-med-3-rum-udlob-45x45-cm\/","name":"[:DA]Silo Type 110\/310 - med 3 rum - udl\u00f8b 45x45 cm[:en]SiloType 110\/310 - med 3 rum - udl\u00f8b 45x45 cm[:de]SiloTyp 110\/310 - mit 3 F\u00e4chern [:sv]Silo Typ 110\/310 - med 3 rum - utlopp 45x45 cm[:pl]SiloType 110\/310 - med 2 rum - udl\u00f8b 45x45 cm[:] - Moseg\u00e5rd Silo A\/S","isPartOf":{"@id":"https:\/\/silo.dk\/#website"},"primaryImageOfPage":{"@id":"https:\/\/silo.dk\/siloer\/type-110310-med-3-rum-udlob-45x45-cm\/#primaryimage"},"image":{"@id":"https:\/\/silo.dk\/siloer\/type-110310-med-3-rum-udlob-45x45-cm\/#primaryimage"},"thumbnailUrl":"http:\/\/silo.dk\/wp-content\/uploads\/2015\/03\/side1-3-N-232x300.jpg","datePublished":"2015-03-21T16:18:57+00:00","dateModified":"2017-08-03T11:07:54+00:00","breadcrumb":{"@id":"https:\/\/silo.dk\/siloer\/type-110310-med-3-rum-udlob-45x45-cm\/#breadcrumb"},"inLanguage":"en-US","potentialAction":[{"@type":"ReadAction","target":["https:\/\/silo.dk\/siloer\/type-110310-med-3-rum-udlob-45x45-cm\/"]}]},{"@type":"ImageObject","inLanguage":"en-US","@id":"https:\/\/silo.dk\/siloer\/type-110310-med-3-rum-udlob-45x45-cm\/#primaryimage","url":"http:\/\/silo.dk\/wp-content\/uploads\/2015\/03\/side1-3-N-232x300.jpg","contentUrl":"http:\/\/silo.dk\/wp-content\/uploads\/2015\/03\/side1-3-N-232x300.jpg"},{"@type":"BreadcrumbList","@id":"https:\/\/silo.dk\/siloer\/type-110310-med-3-rum-udlob-45x45-cm\/#breadcrumb","itemListElement":[{"@type":"ListItem","position":1,"name":"Home","item":"https:\/\/silo.dk\/"},{"@type":"ListItem","position":2,"name":"Silos","item":"https:\/\/silo.dk\/en\/siloer\/"},{"@type":"ListItem","position":3,"name":"Silo Type 110\/310 &#8211; med 3 rum &#8211; udl\u00f8b 45&#215;45 cm"}]},{"@type":"WebSite","@id":"https:\/\/silo.dk\/#website","url":"https:\/\/silo.dk\/","name":"Moseg\u00e5rd Silo A\/S","description":"Salg af siloer til det danske landbrug","potentialAction":[{"@type":"SearchAction","target":{"@type":"EntryPoint","urlTemplate":"https:\/\/silo.dk\/?s={search_term_string}"},"query-input":{"@type":"PropertyValueSpecification","valueRequired":true,"valueName":"search_term_string"}}],"inLanguage":"en-US"}]}},"_links":{"self":[{"href":"https:\/\/silo.dk\/en\/wp-json\/wp\/v2\/pages\/472","targetHints":{"allow":["GET"]}}],"collection":[{"href":"https:\/\/silo.dk\/en\/wp-json\/wp\/v2\/pages"}],"about":[{"href":"https:\/\/silo.dk\/en\/wp-json\/wp\/v2\/types\/page"}],"author":[{"embeddable":true,"href":"https:\/\/silo.dk\/en\/wp-json\/wp\/v2\/users\/1"}],"replies":[{"embeddable":true,"href":"https:\/\/silo.dk\/en\/wp-json\/wp\/v2\/comments?post=472"}],"version-history":[{"count":28,"href":"https:\/\/silo.dk\/en\/wp-json\/wp\/v2\/pages\/472\/revisions"}],"predecessor-version":[{"id":2652,"href":"https:\/\/silo.dk\/en\/wp-json\/wp\/v2\/pages\/472\/revisions\/2652"}],"up":[{"embeddable":true,"href":"https:\/\/silo.dk\/en\/wp-json\/wp\/v2\/pages\/457"}],"wp:attachment":[{"href":"https:\/\/silo.dk\/en\/wp-json\/wp\/v2\/media?parent=472"}],"curies":[{"name":"wp","href":"https:\/\/api.w.org\/{rel}","templated":true}]}}