
{"id":525,"date":"2015-03-21T17:26:16","date_gmt":"2015-03-21T17:26:16","guid":{"rendered":"http:\/\/silo.dk\/?page_id=525"},"modified":"2017-08-03T11:06:16","modified_gmt":"2017-08-03T11:06:16","slug":"m3f-type-16063-mineralsilo","status":"publish","type":"page","link":"https:\/\/silo.dk\/en\/siloer\/m3f-type-16063-mineralsilo\/","title":{"rendered":"M3F  Type 160\/63\u00b0 Mineral Silo \/ Bin"},"content":{"rendered":"<p><\/p>\n<h3>Standard Configurations<\/h3>\n<p><a href=\"http:\/\/silo.dk\/wp-content\/uploads\/2015\/03\/side1-16-N.jpg\"><img loading=\"lazy\" decoding=\"async\" class=\"alignleft size-medium wp-image-526\" src=\"http:\/\/silo.dk\/wp-content\/uploads\/2015\/03\/side1-16-N-232x300.jpg\" alt=\"T:ASYMBSILOSILO33-4,0-45mineral Model (1)\" width=\"205\" height=\"300\" \/><\/a><img loading=\"lazy\" decoding=\"async\" class=\"alignright size-medium wp-image-527\" src=\"http:\/\/silo.dk\/wp-content\/uploads\/2015\/03\/side1-16-O-232x300.jpg\" alt=\"T:ASYMBSILOSILO33-4,0-45mineral Model (1)\" width=\"205\" height=\"300\" \/><\/p>\n<table border=\"1\" width=\"464\" bgcolor=\"#F8F8F8\">\n<tbody>\n<tr>\n<th scope=\"row\" width=\"132\">\n<div align=\"left\">Dimension<\/div>\n<\/th>\n<td width=\"316\">\n<div align=\"right\">160x160cm<\/div>\n<\/td>\n<\/tr>\n<tr>\n<th scope=\"row\">\n<div align=\"left\">Outlet<\/div>\n<\/th>\n<td>\n<div align=\"right\">45&#215;45 cm<\/div>\n<\/td>\n<\/tr>\n<tr>\n<th scope=\"row\">\n<div align=\"left\">Clearance under silo<\/div>\n<\/th>\n<td>\n<div align=\"right\">90 cm<\/div>\n<\/td>\n<\/tr>\n<tr>\n<th scope=\"row\">\n<div align=\"left\">Slope<\/div>\n<\/th>\n<td>\n<div align=\"right\">63\u00b0<\/div>\n<\/td>\n<\/tr>\n<tr>\n<th scope=\"row\">\n<div align=\"left\">Steel Bottom Height<\/div>\n<\/th>\n<td>\n<div align=\"right\">106 cm<\/div>\n<\/td>\n<\/tr>\n<tr>\n<th scope=\"row\">\n<div align=\"left\">Content of the silo bottom<\/div>\n<\/th>\n<td>\n<div align=\"right\">1,0 m3<\/div>\n<\/td>\n<\/tr>\n<\/tbody>\n<\/table>\n<p>&nbsp;<\/p>\n<table border=\"1\" width=\"464\" bgcolor=\"#FFFFFF\">\n<tbody>\n<tr>\n<th scope=\"row\" width=\"132\">\n<div align=\"left\">Item.: MS3<\/div>\n<\/th>\n<td width=\"316\">\n<div align=\"right\">Laminate roof<\/div>\n<\/td>\n<\/tr>\n<tr>\n<th scope=\"row\">\n<div align=\"left\">Item.: MS3K<\/div>\n<\/th>\n<td>\n<div align=\"right\">Melamine roof with venting chamber and filter<\/div>\n<\/td>\n<\/tr>\n<\/tbody>\n<\/table>\n<p>&nbsp;<\/p>\n<table border=\"1\" width=\"461\" bgcolor=\"#F8F8F8\">\n<tbody>\n<tr>\n<th scope=\"row\" width=\"80\">\n<div align=\"left\">Tons bei density 0,6<\/div>\n<\/th>\n<td width=\"38\">\n<div align=\"right\"><strong>Contains<\/strong><\/div>\n<div align=\"right\"><strong>M3<\/strong><\/div>\n<\/td>\n<td width=\"49\">\n<div align=\"right\"><strong>Total height<\/strong><\/div>\n<\/td>\n<td width=\"132\">\n<div align=\"right\"><strong>Silo No. one room<\/strong><\/div>\n<\/td>\n<td width=\"128\">\n<div align=\"right\"><strong>Inlet tube and fittings<\/strong><\/div>\n<\/td>\n<\/tr>\n<tr>\n<th scope=\"row\">\n<div align=\"left\">2,4<\/div>\n<\/th>\n<td>\n<div align=\"right\">4,0<\/div>\n<\/td>\n<td>\n<div align=\"right\">319<\/div>\n<\/td>\n<td>\n<div align=\"right\">M3F-2,4<\/div>\n<\/td>\n<td>\n<div align=\"right\">i3-2,3<\/div>\n<\/td>\n<\/tr>\n<tr>\n<th scope=\"row\">\n<div align=\"left\">3,2<\/div>\n<\/th>\n<td>\n<div align=\"right\">5,4<\/div>\n<\/td>\n<td>\n<div align=\"right\">382<\/div>\n<\/td>\n<td>\n<div align=\"right\">M3F-3,2<\/div>\n<\/td>\n<td>\n<div align=\"right\">i3-3,2<\/div>\n<\/td>\n<\/tr>\n<tr>\n<th scope=\"row\">\n<div align=\"left\">4,0<\/div>\n<\/th>\n<td>\n<div align=\"right\">6,7<\/div>\n<\/td>\n<td>\n<div align=\"right\">445<\/div>\n<\/td>\n<td>\n<div align=\"right\">M3F-4,0<\/div>\n<\/td>\n<td>\n<div align=\"right\">i3-4,0<\/div>\n<\/td>\n<\/tr>\n<tr>\n<th scope=\"row\">\n<div align=\"left\">5,1<\/div>\n<\/th>\n<td>\n<div align=\"right\">8,5<\/div>\n<\/td>\n<td>\n<div align=\"right\">508<\/div>\n<\/td>\n<td>\n<div align=\"right\">M3F-5,1<\/div>\n<\/td>\n<td>\n<div align=\"right\">i3-4,8<\/div>\n<\/td>\n<\/tr>\n<tr>\n<th scope=\"row\">\n<div align=\"left\">5,8<\/div>\n<\/th>\n<td>\n<div align=\"right\">9,6<\/div>\n<\/td>\n<td>\n<div align=\"right\">571<\/div>\n<\/td>\n<td>\n<div align=\"right\">M3F-5,8<\/div>\n<\/td>\n<td>\n<div align=\"right\">i3-5,7<\/div>\n<\/td>\n<\/tr>\n<\/tbody>\n<\/table>\n<p><\/p>","protected":false},"excerpt":{"rendered":"<p>Standard Configurations Dimension 160x160cm Outlet 45&#215;45 cm Clearance under silo 90 cm Slope 63\u00b0 Steel Bottom Height 106 cm Content of the silo bottom 1,0 m3 &nbsp; Item.: MS3 Laminate roof Item.: MS3K Melamine roof with venting chamber and filter &nbsp; Tons bei density 0,6 Contains M3 Total height Silo No. one room Inlet tube<\/p>\n","protected":false},"author":1,"featured_media":0,"parent":457,"menu_order":0,"comment_status":"closed","ping_status":"closed","template":"","meta":{"_monsterinsights_skip_tracking":false,"_monsterinsights_sitenote_active":false,"_monsterinsights_sitenote_note":"","_monsterinsights_sitenote_category":0,"footnotes":""},"class_list":["post-525","page","type-page","status-publish","hentry"],"yoast_head":"<!-- This site is optimized with the Yoast SEO plugin v27.5 - https:\/\/yoast.com\/product\/yoast-seo-wordpress\/ -->\n<title>M3F Type 160\/63\u00b0 Mineral Silo \/ Bin - Moseg\u00e5rd Silo A\/S<\/title>\n<meta name=\"description\" content=\"Moseg\u00e5rd Silo tilbyder forskellige typer mineralsiloer. L\u00e6s mere p\u00e5 vores hjemmeside eller kontakt os for yderlige oplysninger.\" \/>\n<meta name=\"robots\" content=\"index, follow, max-snippet:-1, max-image-preview:large, max-video-preview:-1\" \/>\n<link rel=\"canonical\" href=\"https:\/\/silo.dk\/siloer\/m3f-type-16063-mineralsilo\/\" \/>\n<meta property=\"og:locale\" content=\"en_US\" \/>\n<meta property=\"og:type\" content=\"article\" \/>\n<meta property=\"og:title\" content=\"[:DA]M3F Type 160\/63\u00b0 Mineralsilo[:en]M3F Type 160\/63\u00b0 Mineral Silo \/ Bin[:de]M3F Typ 160\/63\u00b0 Mineral Silo[:sv]Mineral Silo M3F Typ 160\/63\u00b0 [:pl]M3F) Typ 160\/63\u00b0 Mineralna Silo[:] - Moseg\u00e5rd Silo A\/S\" \/>\n<meta property=\"og:description\" content=\"Moseg\u00e5rd Silo tilbyder forskellige typer mineralsiloer. L\u00e6s mere p\u00e5 vores hjemmeside eller kontakt os for yderlige oplysninger.\" \/>\n<meta property=\"og:url\" content=\"https:\/\/silo.dk\/siloer\/m3f-type-16063-mineralsilo\/\" \/>\n<meta property=\"og:site_name\" content=\"Moseg\u00e5rd Silo A\/S\" \/>\n<meta property=\"article:publisher\" content=\"https:\/\/www.facebook.com\/Oegendahls.Maskinfabrik\" \/>\n<meta property=\"article:modified_time\" content=\"2017-08-03T11:06:16+00:00\" \/>\n<meta property=\"og:image\" content=\"https:\/\/silo.dk\/wp-content\/uploads\/2015\/03\/side1-16-N.jpg\" \/>\n\t<meta property=\"og:image:width\" content=\"245\" \/>\n\t<meta property=\"og:image:height\" content=\"317\" \/>\n\t<meta property=\"og:image:type\" content=\"image\/jpeg\" \/>\n<meta name=\"twitter:card\" content=\"summary_large_image\" \/>\n<meta name=\"twitter:label1\" content=\"Est. reading time\" \/>\n\t<meta name=\"twitter:data1\" content=\"2 minutes\" \/>\n<script type=\"application\/ld+json\" class=\"yoast-schema-graph\">{\"@context\":\"https:\\\/\\\/schema.org\",\"@graph\":[{\"@type\":\"WebPage\",\"@id\":\"https:\\\/\\\/silo.dk\\\/siloer\\\/m3f-type-16063-mineralsilo\\\/\",\"url\":\"https:\\\/\\\/silo.dk\\\/siloer\\\/m3f-type-16063-mineralsilo\\\/\",\"name\":\"[:DA]M3F Type 160\\\/63\u00b0 Mineralsilo[:en]M3F Type 160\\\/63\u00b0 Mineral Silo \\\/ Bin[:de]M3F Typ 160\\\/63\u00b0 Mineral Silo[:sv]Mineral Silo M3F Typ 160\\\/63\u00b0 [:pl]M3F) Typ 160\\\/63\u00b0 Mineralna Silo[:] - Moseg\u00e5rd Silo A\\\/S\",\"isPartOf\":{\"@id\":\"https:\\\/\\\/silo.dk\\\/#website\"},\"primaryImageOfPage\":{\"@id\":\"https:\\\/\\\/silo.dk\\\/siloer\\\/m3f-type-16063-mineralsilo\\\/#primaryimage\"},\"image\":{\"@id\":\"https:\\\/\\\/silo.dk\\\/siloer\\\/m3f-type-16063-mineralsilo\\\/#primaryimage\"},\"thumbnailUrl\":\"http:\\\/\\\/silo.dk\\\/wp-content\\\/uploads\\\/2015\\\/03\\\/side1-16-N-232x300.jpg\",\"datePublished\":\"2015-03-21T17:26:16+00:00\",\"dateModified\":\"2017-08-03T11:06:16+00:00\",\"description\":\"Moseg\u00e5rd Silo tilbyder forskellige typer mineralsiloer. L\u00e6s mere p\u00e5 vores hjemmeside eller kontakt os for yderlige oplysninger.\",\"breadcrumb\":{\"@id\":\"https:\\\/\\\/silo.dk\\\/siloer\\\/m3f-type-16063-mineralsilo\\\/#breadcrumb\"},\"inLanguage\":\"en-US\",\"potentialAction\":[{\"@type\":\"ReadAction\",\"target\":[\"https:\\\/\\\/silo.dk\\\/siloer\\\/m3f-type-16063-mineralsilo\\\/\"]}]},{\"@type\":\"ImageObject\",\"inLanguage\":\"en-US\",\"@id\":\"https:\\\/\\\/silo.dk\\\/siloer\\\/m3f-type-16063-mineralsilo\\\/#primaryimage\",\"url\":\"http:\\\/\\\/silo.dk\\\/wp-content\\\/uploads\\\/2015\\\/03\\\/side1-16-N-232x300.jpg\",\"contentUrl\":\"http:\\\/\\\/silo.dk\\\/wp-content\\\/uploads\\\/2015\\\/03\\\/side1-16-N-232x300.jpg\"},{\"@type\":\"BreadcrumbList\",\"@id\":\"https:\\\/\\\/silo.dk\\\/siloer\\\/m3f-type-16063-mineralsilo\\\/#breadcrumb\",\"itemListElement\":[{\"@type\":\"ListItem\",\"position\":1,\"name\":\"Home\",\"item\":\"https:\\\/\\\/silo.dk\\\/\"},{\"@type\":\"ListItem\",\"position\":2,\"name\":\"Silos\",\"item\":\"https:\\\/\\\/silo.dk\\\/en\\\/siloer\\\/\"},{\"@type\":\"ListItem\",\"position\":3,\"name\":\"M3F Type 160\\\/63\u00b0 Mineralsilo\"}]},{\"@type\":\"WebSite\",\"@id\":\"https:\\\/\\\/silo.dk\\\/#website\",\"url\":\"https:\\\/\\\/silo.dk\\\/\",\"name\":\"Moseg\u00e5rd Silo A\\\/S\",\"description\":\"Salg af siloer til det danske landbrug\",\"potentialAction\":[{\"@type\":\"SearchAction\",\"target\":{\"@type\":\"EntryPoint\",\"urlTemplate\":\"https:\\\/\\\/silo.dk\\\/?s={search_term_string}\"},\"query-input\":{\"@type\":\"PropertyValueSpecification\",\"valueRequired\":true,\"valueName\":\"search_term_string\"}}],\"inLanguage\":\"en-US\"}]}<\/script>\n<!-- \/ Yoast SEO plugin. -->","yoast_head_json":{"title":"[:DA]M3F Type 160\/63\u00b0 Mineralsilo[:en]M3F Type 160\/63\u00b0 Mineral Silo \/ Bin[:de]M3F Typ 160\/63\u00b0 Mineral Silo[:sv]Mineral Silo M3F Typ 160\/63\u00b0 [:pl]M3F) Typ 160\/63\u00b0 Mineralna Silo[:] - Moseg\u00e5rd Silo A\/S","description":"Moseg\u00e5rd Silo tilbyder forskellige typer mineralsiloer. L\u00e6s mere p\u00e5 vores hjemmeside eller kontakt os for yderlige oplysninger.","robots":{"index":"index","follow":"follow","max-snippet":"max-snippet:-1","max-image-preview":"max-image-preview:large","max-video-preview":"max-video-preview:-1"},"canonical":"https:\/\/silo.dk\/siloer\/m3f-type-16063-mineralsilo\/","og_locale":"en_US","og_type":"article","og_title":"[:DA]M3F Type 160\/63\u00b0 Mineralsilo[:en]M3F Type 160\/63\u00b0 Mineral Silo \/ Bin[:de]M3F Typ 160\/63\u00b0 Mineral Silo[:sv]Mineral Silo M3F Typ 160\/63\u00b0 [:pl]M3F) Typ 160\/63\u00b0 Mineralna Silo[:] - Moseg\u00e5rd Silo A\/S","og_description":"Moseg\u00e5rd Silo tilbyder forskellige typer mineralsiloer. L\u00e6s mere p\u00e5 vores hjemmeside eller kontakt os for yderlige oplysninger.","og_url":"https:\/\/silo.dk\/siloer\/m3f-type-16063-mineralsilo\/","og_site_name":"Moseg\u00e5rd Silo A\/S","article_publisher":"https:\/\/www.facebook.com\/Oegendahls.Maskinfabrik","article_modified_time":"2017-08-03T11:06:16+00:00","og_image":[{"width":245,"height":317,"url":"https:\/\/silo.dk\/wp-content\/uploads\/2015\/03\/side1-16-N.jpg","type":"image\/jpeg"}],"twitter_card":"summary_large_image","twitter_misc":{"Est. reading time":"2 minutes"},"schema":{"@context":"https:\/\/schema.org","@graph":[{"@type":"WebPage","@id":"https:\/\/silo.dk\/siloer\/m3f-type-16063-mineralsilo\/","url":"https:\/\/silo.dk\/siloer\/m3f-type-16063-mineralsilo\/","name":"[:DA]M3F Type 160\/63\u00b0 Mineralsilo[:en]M3F Type 160\/63\u00b0 Mineral Silo \/ Bin[:de]M3F Typ 160\/63\u00b0 Mineral Silo[:sv]Mineral Silo M3F Typ 160\/63\u00b0 [:pl]M3F) Typ 160\/63\u00b0 Mineralna Silo[:] - Moseg\u00e5rd Silo A\/S","isPartOf":{"@id":"https:\/\/silo.dk\/#website"},"primaryImageOfPage":{"@id":"https:\/\/silo.dk\/siloer\/m3f-type-16063-mineralsilo\/#primaryimage"},"image":{"@id":"https:\/\/silo.dk\/siloer\/m3f-type-16063-mineralsilo\/#primaryimage"},"thumbnailUrl":"http:\/\/silo.dk\/wp-content\/uploads\/2015\/03\/side1-16-N-232x300.jpg","datePublished":"2015-03-21T17:26:16+00:00","dateModified":"2017-08-03T11:06:16+00:00","description":"Moseg\u00e5rd Silo tilbyder forskellige typer mineralsiloer. L\u00e6s mere p\u00e5 vores hjemmeside eller kontakt os for yderlige oplysninger.","breadcrumb":{"@id":"https:\/\/silo.dk\/siloer\/m3f-type-16063-mineralsilo\/#breadcrumb"},"inLanguage":"en-US","potentialAction":[{"@type":"ReadAction","target":["https:\/\/silo.dk\/siloer\/m3f-type-16063-mineralsilo\/"]}]},{"@type":"ImageObject","inLanguage":"en-US","@id":"https:\/\/silo.dk\/siloer\/m3f-type-16063-mineralsilo\/#primaryimage","url":"http:\/\/silo.dk\/wp-content\/uploads\/2015\/03\/side1-16-N-232x300.jpg","contentUrl":"http:\/\/silo.dk\/wp-content\/uploads\/2015\/03\/side1-16-N-232x300.jpg"},{"@type":"BreadcrumbList","@id":"https:\/\/silo.dk\/siloer\/m3f-type-16063-mineralsilo\/#breadcrumb","itemListElement":[{"@type":"ListItem","position":1,"name":"Home","item":"https:\/\/silo.dk\/"},{"@type":"ListItem","position":2,"name":"Silos","item":"https:\/\/silo.dk\/en\/siloer\/"},{"@type":"ListItem","position":3,"name":"M3F Type 160\/63\u00b0 Mineralsilo"}]},{"@type":"WebSite","@id":"https:\/\/silo.dk\/#website","url":"https:\/\/silo.dk\/","name":"Moseg\u00e5rd Silo A\/S","description":"Salg af siloer til det danske landbrug","potentialAction":[{"@type":"SearchAction","target":{"@type":"EntryPoint","urlTemplate":"https:\/\/silo.dk\/?s={search_term_string}"},"query-input":{"@type":"PropertyValueSpecification","valueRequired":true,"valueName":"search_term_string"}}],"inLanguage":"en-US"}]}},"_links":{"self":[{"href":"https:\/\/silo.dk\/en\/wp-json\/wp\/v2\/pages\/525","targetHints":{"allow":["GET"]}}],"collection":[{"href":"https:\/\/silo.dk\/en\/wp-json\/wp\/v2\/pages"}],"about":[{"href":"https:\/\/silo.dk\/en\/wp-json\/wp\/v2\/types\/page"}],"author":[{"embeddable":true,"href":"https:\/\/silo.dk\/en\/wp-json\/wp\/v2\/users\/1"}],"replies":[{"embeddable":true,"href":"https:\/\/silo.dk\/en\/wp-json\/wp\/v2\/comments?post=525"}],"version-history":[{"count":37,"href":"https:\/\/silo.dk\/en\/wp-json\/wp\/v2\/pages\/525\/revisions"}],"predecessor-version":[{"id":2721,"href":"https:\/\/silo.dk\/en\/wp-json\/wp\/v2\/pages\/525\/revisions\/2721"}],"up":[{"embeddable":true,"href":"https:\/\/silo.dk\/en\/wp-json\/wp\/v2\/pages\/457"}],"wp:attachment":[{"href":"https:\/\/silo.dk\/en\/wp-json\/wp\/v2\/media?parent=525"}],"curies":[{"name":"wp","href":"https:\/\/api.w.org\/{rel}","templated":true}]}}