
{"id":584,"date":"2015-03-22T02:45:12","date_gmt":"2015-03-22T02:45:12","guid":{"rendered":"http:\/\/silo.dk\/?page_id=584"},"modified":"2017-08-03T11:19:04","modified_gmt":"2017-08-03T11:19:04","slug":"loft-til-silo","status":"publish","type":"page","link":"https:\/\/silo.dk\/en\/tilbehoer\/loft-til-silo\/","title":{"rendered":"Laminate roof for silo"},"content":{"rendered":"<p><\/p>\n<h2>Laminate roof for silo<\/h2>\n<p><img loading=\"lazy\" decoding=\"async\" class=\"alignright img-responsive size-full wp-image-585\" src=\"http:\/\/silo.dk\/wp-content\/uploads\/2015\/03\/Kunstfiber.jpg\" alt=\"T:ASYMBLOFTKUNSTK10 Model (1)\" width=\"152\" height=\"196\" \/><\/p>\n<div>\n<table width=\"310\">\n<tbody>\n<tr>\n<th scope=\"row\" width=\"150\">\n<div align=\"left\">Type:<\/div>\n<\/th>\n<td width=\"148\">\n<div align=\"left\"><strong>Item no.:<br \/>\n<\/strong><\/div>\n<\/td>\n<\/tr>\n<tr>\n<th scope=\"row\">\n<div align=\"left\">Silo Type 110\/60\u00b0<\/div>\n<\/th>\n<td>\n<div align=\"left\">K1<\/div>\n<\/td>\n<\/tr>\n<tr>\n<th scope=\"row\">\n<div align=\"left\">Silo Type 130\/60\u00b0<\/div>\n<\/th>\n<td>\n<div align=\"left\">K2<\/div>\n<\/td>\n<\/tr>\n<tr>\n<th scope=\"row\">\n<div align=\"left\">Silo Type 150\/60\u00b0<\/div>\n<\/th>\n<td>\n<div align=\"left\">K3<\/div>\n<\/td>\n<\/tr>\n<tr>\n<th scope=\"row\">\n<div align=\"left\">Silo Type 150\/200<\/div>\n<\/th>\n<td>\n<div align=\"left\">K4<\/div>\n<\/td>\n<\/tr>\n<tr>\n<th scope=\"row\">\n<div align=\"left\">Silo Type 200\/49\u00b0<\/div>\n<\/th>\n<td>\n<div align=\"left\">K5<\/div>\n<\/td>\n<\/tr>\n<tr>\n<th scope=\"row\">\n<div align=\"left\">Silo Type 200\/60\u00b0<\/div>\n<\/th>\n<td>\n<div align=\"left\">K6<\/div>\n<\/td>\n<\/tr>\n<tr>\n<th scope=\"row\">\n<div align=\"left\">Silo Type 150\/300<\/div>\n<\/th>\n<td>\n<div align=\"left\">K7<\/div>\n<\/td>\n<\/tr>\n<tr>\n<th scope=\"row\">\n<div align=\"left\">Silo Type 200\/300<\/div>\n<\/th>\n<td>\n<div align=\"left\">K8<\/div>\n<\/td>\n<\/tr>\n<tr>\n<th scope=\"row\">\n<div align=\"left\">Silo Type 250\/49\u00b0<\/div>\n<\/th>\n<td>\n<div align=\"left\">K9<\/div>\n<\/td>\n<\/tr>\n<tr>\n<th scope=\"row\">\n<div align=\"left\">Silo Type 250\/60\u00b0<\/div>\n<\/th>\n<td>\n<div align=\"left\">K10<\/div>\n<\/td>\n<\/tr>\n<tr>\n<th scope=\"row\">\n<div align=\"left\">Silo Type 300\/49\u00b0<\/div>\n<\/th>\n<td>\n<div align=\"left\">K11<\/div>\n<\/td>\n<\/tr>\n<tr>\n<th scope=\"row\">\n<div align=\"left\">Silo Type 300\/60\u00b0 og 300\/300<\/div>\n<\/th>\n<td>\n<div align=\"left\">K12<\/div>\n<\/td>\n<\/tr>\n<\/tbody>\n<\/table>\n<\/div>\n<div>\n<h2>Chipboard roof for silo<\/h2>\n<p><img loading=\"lazy\" decoding=\"async\" class=\"alignright img-responsive size-full wp-image-586\" src=\"http:\/\/silo.dk\/wp-content\/uploads\/2015\/03\/Spanpladeloft.jpg\" alt=\"T:ASYMBLOFTSPLS8 Model (1)\" width=\"245\" height=\"317\" srcset=\"https:\/\/silo.dk\/wp-content\/uploads\/2015\/03\/Spanpladeloft.jpg 245w, https:\/\/silo.dk\/wp-content\/uploads\/2015\/03\/Spanpladeloft-232x300.jpg 232w\" sizes=\"auto, (max-width: 245px) 100vw, 245px\" \/><\/p>\n<div>\n<table width=\"210\">\n<tbody>\n<tr>\n<th scope=\"row\" width=\"150\">\n<div align=\"left\">Type:<\/div>\n<\/th>\n<td width=\"148\">\n<div align=\"left\"><strong>Item no.:<br \/>\n<\/strong><\/div>\n<\/td>\n<\/tr>\n<tr>\n<th scope=\"row\">\n<div align=\"left\">Silo Type 110\/60\u00b0<\/div>\n<\/th>\n<td>\n<div align=\"left\">S1<\/div>\n<\/td>\n<\/tr>\n<tr>\n<th scope=\"row\">\n<div align=\"left\">Silo Type 110\/210 m\/2 rum <\/div>\n<\/th>\n<td>\n<div align=\"left\">S1-1&#215;2<\/div>\n<\/td>\n<\/tr>\n<tr>\n<th scope=\"row\">\n<div align=\"left\">Silo Type 110\/310 m\/3 rum<\/div>\n<\/th>\n<td>\n<div align=\"left\">S1-1&#215;3<\/div>\n<\/td>\n<\/tr>\n<tr>\n<th scope=\"row\">\n<div align=\"left\">Silo Type 130\/60\u00b0<\/div>\n<\/th>\n<td>\n<div align=\"left\">S2<\/div>\n<\/td>\n<\/tr>\n<tr>\n<th scope=\"row\">\n<div align=\"left\">Silo Type 150\/60\u00b0<\/div>\n<\/th>\n<td>\n<div align=\"left\">S3<\/div>\n<\/td>\n<\/tr>\n<tr>\n<th scope=\"row\">\n<div align=\"left\">Silo Type 150\/200<\/div>\n<\/th>\n<td>\n<div align=\"left\">S4<\/div>\n<\/td>\n<\/tr>\n<tr>\n<th scope=\"row\">\n<div align=\"left\">Silo Type 200\/49\u00b0<\/div>\n<\/th>\n<td>\n<div align=\"left\">S5<\/div>\n<\/td>\n<\/tr>\n<tr>\n<th scope=\"row\">\n<div align=\"left\">Silo Type 200\/60\u00b0<\/div>\n<\/th>\n<td>\n<div align=\"left\">S6<\/div>\n<\/td>\n<\/tr>\n<tr>\n<th scope=\"row\">\n<div align=\"left\">Silo Type 150\/300<\/div>\n<\/th>\n<td>\n<div align=\"left\">S7<\/div>\n<\/td>\n<\/tr>\n<tr>\n<th scope=\"row\">\n<div align=\"left\">Silo Type 200\/300<\/div>\n<\/th>\n<td>\n<div align=\"left\">S8<\/div>\n<\/td>\n<\/tr>\n<tr>\n<th scope=\"row\">\n<div align=\"left\">Silo Type 250\/49\u00b0<\/div>\n<\/th>\n<td>\n<div align=\"left\">S9<\/div>\n<\/td>\n<\/tr>\n<tr>\n<th scope=\"row\">\n<div align=\"left\">Silo Type 250\/60\u00b0<\/div>\n<\/th>\n<td>\n<div align=\"left\">S10<\/div>\n<\/td>\n<\/tr>\n<tr>\n<th scope=\"row\">\n<div align=\"left\">Silo Type 300\/49\u00b0<\/div>\n<\/th>\n<td>\n<div align=\"left\">S11<\/div>\n<\/td>\n<\/tr>\n<tr>\n<th scope=\"row\">\n<div align=\"left\">Silo Type 300\/60\u00b0 og 300\/300<\/div>\n<\/th>\n<td>\n<div align=\"left\">S12<\/div>\n<\/td>\n<\/tr>\n<\/tbody>\n<\/table>\n<\/div>\n<div>\n<h2>Laminate roof for silo with venting chamber and filter<\/h2>\n<p><img loading=\"lazy\" decoding=\"async\" class=\"alignright img-responsive size-full wp-image-587\" src=\"http:\/\/silo.dk\/wp-content\/uploads\/2015\/03\/Spanpladeloft-med-udluftning.jpg\" alt=\"T:ASYMBLOFTSPLS11samlevelledning Model (1)\" width=\"245\" height=\"317\" srcset=\"https:\/\/silo.dk\/wp-content\/uploads\/2015\/03\/Spanpladeloft-med-udluftning.jpg 245w, https:\/\/silo.dk\/wp-content\/uploads\/2015\/03\/Spanpladeloft-med-udluftning-232x300.jpg 232w\" sizes=\"auto, (max-width: 245px) 100vw, 245px\" \/><\/p>\n<table width=\"210\">\n<tbody>\n<tr>\n<th scope=\"row\" width=\"150\">\n<div align=\"left\">Type:<\/div>\n<\/th>\n<td width=\"148\">\n<div align=\"left\"><strong>Item no.:<\/strong><\/div>\n<\/td>\n<\/tr>\n<tr>\n<th scope=\"row\">\n<div align=\"left\">Silo Type 110\/60\u00b0<\/div>\n<\/th>\n<td>\n<div align=\"left\">S1K<\/div>\n<\/td>\n<\/tr>\n<tr>\n<th scope=\"row\">\n<div align=\"left\">Silo Type 130\/60\u00b0<\/div>\n<\/th>\n<td>\n<div align=\"left\">S2K<\/div>\n<\/td>\n<\/tr>\n<tr>\n<th scope=\"row\">\n<div align=\"left\">Silo Type 150\/60\u00b0<\/div>\n<\/th>\n<td>\n<div align=\"left\">S3K<\/div>\n<\/td>\n<\/tr>\n<tr>\n<th scope=\"row\">\n<div align=\"left\">Silo Type 150\/200<\/div>\n<\/th>\n<td>\n<div align=\"left\">S4K<\/div>\n<\/td>\n<\/tr>\n<tr>\n<th scope=\"row\">\n<div align=\"left\">Silo Type 200\/49\u00b0<\/div>\n<\/th>\n<td>\n<div align=\"left\">S5K<\/div>\n<\/td>\n<\/tr>\n<tr>\n<th scope=\"row\">\n<div align=\"left\">Silo Type 200\/60\u00b0<\/div>\n<\/th>\n<td>\n<div align=\"left\">S6K<\/div>\n<\/td>\n<\/tr>\n<tr>\n<th scope=\"row\">\n<div align=\"left\">Silo Type 150\/300<\/div>\n<\/th>\n<td>\n<div align=\"left\">S7K<\/div>\n<\/td>\n<\/tr>\n<tr>\n<th scope=\"row\">\n<div align=\"left\">Silo Type 200\/300 <\/div>\n<\/th>\n<td>\n<div align=\"left\">S8K<\/div>\n<\/td>\n<\/tr>\n<tr>\n<th scope=\"row\">\n<div align=\"left\">Silo Type 250\/49\u00b0<\/div>\n<\/th>\n<td>\n<div align=\"left\">S9K<\/div>\n<\/td>\n<\/tr>\n<tr>\n<th scope=\"row\">\n<div align=\"left\">Silo Type 250\/60\u00b0<\/div>\n<\/th>\n<td>\n<div align=\"left\">S10K<\/div>\n<\/td>\n<\/tr>\n<tr>\n<th scope=\"row\">\n<div align=\"left\">Silo Type 300\/49\u00b0<\/div>\n<\/th>\n<td>\n<div align=\"left\">S11K<\/div>\n<\/td>\n<\/tr>\n<tr>\n<th scope=\"row\">\n<div align=\"left\">Silo Type 300\/60\u00b0 og 300\/300<\/div>\n<\/th>\n<td>\n<div align=\"left\">S12K<\/div>\n<\/td>\n<\/tr>\n<\/tbody>\n<\/table>\n<\/div>\n<\/div>\n<p><\/p>","protected":false},"excerpt":{"rendered":"<p>Laminate roof for silo Type: Item no.: Silo Type 110\/60\u00b0 K1 Silo Type 130\/60\u00b0 K2 Silo Type 150\/60\u00b0 K3 Silo Type 150\/200 K4 Silo Type 200\/49\u00b0 K5 Silo Type 200\/60\u00b0 K6 Silo Type 150\/300 K7 Silo Type 200\/300 K8 Silo Type 250\/49\u00b0 K9 Silo Type 250\/60\u00b0 K10 Silo Type 300\/49\u00b0 K11 Silo Type 300\/60\u00b0 og<\/p>\n","protected":false},"author":1,"featured_media":0,"parent":563,"menu_order":0,"comment_status":"closed","ping_status":"closed","template":"","meta":{"_monsterinsights_skip_tracking":false,"_monsterinsights_sitenote_active":false,"_monsterinsights_sitenote_note":"","_monsterinsights_sitenote_category":0,"footnotes":""},"class_list":["post-584","page","type-page","status-publish","hentry"],"yoast_head":"<!-- This site is optimized with the Yoast SEO plugin v27.5 - https:\/\/yoast.com\/product\/yoast-seo-wordpress\/ -->\n<title>Laminate roof for silo - Moseg\u00e5rd Silo A\/S<\/title>\n<meta name=\"robots\" content=\"index, follow, max-snippet:-1, max-image-preview:large, max-video-preview:-1\" \/>\n<link rel=\"canonical\" href=\"https:\/\/silo.dk\/tilbehoer\/loft-til-silo\/\" \/>\n<meta property=\"og:locale\" content=\"en_US\" \/>\n<meta property=\"og:type\" content=\"article\" \/>\n<meta property=\"og:title\" content=\"[:DA]Loft til silo[:en]Laminate roof for silo[:de]Dach f\u00fcr Silos[:sv]Loft f\u00f6r silon[:pl]Loft dla silos\u00f3w[:] - Moseg\u00e5rd Silo A\/S\" \/>\n<meta property=\"og:description\" content=\"Laminate roof for silo Type: Item no.: Silo Type 110\/60\u00b0 K1 Silo Type 130\/60\u00b0 K2 Silo Type 150\/60\u00b0 K3 Silo Type 150\/200 K4 Silo Type 200\/49\u00b0 K5 Silo Type 200\/60\u00b0 K6 Silo Type 150\/300 K7 Silo Type 200\/300 K8 Silo Type 250\/49\u00b0 K9 Silo Type 250\/60\u00b0 K10 Silo Type 300\/49\u00b0 K11 Silo Type 300\/60\u00b0 og\" \/>\n<meta property=\"og:url\" content=\"https:\/\/silo.dk\/tilbehoer\/loft-til-silo\/\" \/>\n<meta property=\"og:site_name\" content=\"Moseg\u00e5rd Silo A\/S\" \/>\n<meta property=\"article:publisher\" content=\"https:\/\/www.facebook.com\/Oegendahls.Maskinfabrik\" \/>\n<meta property=\"article:modified_time\" content=\"2017-08-03T11:19:04+00:00\" \/>\n<meta property=\"og:image\" content=\"https:\/\/silo.dk\/wp-content\/uploads\/2015\/03\/Kunstfiber.jpg\" \/>\n\t<meta property=\"og:image:width\" content=\"98\" \/>\n\t<meta property=\"og:image:height\" content=\"127\" \/>\n\t<meta property=\"og:image:type\" content=\"image\/jpeg\" \/>\n<meta name=\"twitter:card\" content=\"summary_large_image\" \/>\n<meta name=\"twitter:label1\" content=\"Est. reading time\" \/>\n\t<meta name=\"twitter:data1\" content=\"4 minutes\" \/>\n<script type=\"application\/ld+json\" class=\"yoast-schema-graph\">{\"@context\":\"https:\\\/\\\/schema.org\",\"@graph\":[{\"@type\":\"WebPage\",\"@id\":\"https:\\\/\\\/silo.dk\\\/tilbehoer\\\/loft-til-silo\\\/\",\"url\":\"https:\\\/\\\/silo.dk\\\/tilbehoer\\\/loft-til-silo\\\/\",\"name\":\"[:DA]Loft til silo[:en]Laminate roof for silo[:de]Dach f\u00fcr Silos[:sv]Loft f\u00f6r silon[:pl]Loft dla silos\u00f3w[:] - Moseg\u00e5rd Silo A\\\/S\",\"isPartOf\":{\"@id\":\"https:\\\/\\\/silo.dk\\\/#website\"},\"primaryImageOfPage\":{\"@id\":\"https:\\\/\\\/silo.dk\\\/tilbehoer\\\/loft-til-silo\\\/#primaryimage\"},\"image\":{\"@id\":\"https:\\\/\\\/silo.dk\\\/tilbehoer\\\/loft-til-silo\\\/#primaryimage\"},\"thumbnailUrl\":\"http:\\\/\\\/silo.dk\\\/wp-content\\\/uploads\\\/2015\\\/03\\\/Kunstfiber.jpg\",\"datePublished\":\"2015-03-22T02:45:12+00:00\",\"dateModified\":\"2017-08-03T11:19:04+00:00\",\"breadcrumb\":{\"@id\":\"https:\\\/\\\/silo.dk\\\/tilbehoer\\\/loft-til-silo\\\/#breadcrumb\"},\"inLanguage\":\"en-US\",\"potentialAction\":[{\"@type\":\"ReadAction\",\"target\":[\"https:\\\/\\\/silo.dk\\\/tilbehoer\\\/loft-til-silo\\\/\"]}]},{\"@type\":\"ImageObject\",\"inLanguage\":\"en-US\",\"@id\":\"https:\\\/\\\/silo.dk\\\/tilbehoer\\\/loft-til-silo\\\/#primaryimage\",\"url\":\"http:\\\/\\\/silo.dk\\\/wp-content\\\/uploads\\\/2015\\\/03\\\/Kunstfiber.jpg\",\"contentUrl\":\"http:\\\/\\\/silo.dk\\\/wp-content\\\/uploads\\\/2015\\\/03\\\/Kunstfiber.jpg\"},{\"@type\":\"BreadcrumbList\",\"@id\":\"https:\\\/\\\/silo.dk\\\/tilbehoer\\\/loft-til-silo\\\/#breadcrumb\",\"itemListElement\":[{\"@type\":\"ListItem\",\"position\":1,\"name\":\"Home\",\"item\":\"https:\\\/\\\/silo.dk\\\/\"},{\"@type\":\"ListItem\",\"position\":2,\"name\":\"Accessories\",\"item\":\"https:\\\/\\\/silo.dk\\\/en\\\/tilbehoer\\\/\"},{\"@type\":\"ListItem\",\"position\":3,\"name\":\"Loft til silo\"}]},{\"@type\":\"WebSite\",\"@id\":\"https:\\\/\\\/silo.dk\\\/#website\",\"url\":\"https:\\\/\\\/silo.dk\\\/\",\"name\":\"Moseg\u00e5rd Silo A\\\/S\",\"description\":\"Salg af siloer til det danske landbrug\",\"potentialAction\":[{\"@type\":\"SearchAction\",\"target\":{\"@type\":\"EntryPoint\",\"urlTemplate\":\"https:\\\/\\\/silo.dk\\\/?s={search_term_string}\"},\"query-input\":{\"@type\":\"PropertyValueSpecification\",\"valueRequired\":true,\"valueName\":\"search_term_string\"}}],\"inLanguage\":\"en-US\"}]}<\/script>\n<!-- \/ Yoast SEO plugin. -->","yoast_head_json":{"title":"[:DA]Loft til silo[:en]Laminate roof for silo[:de]Dach f\u00fcr Silos[:sv]Loft f\u00f6r silon[:pl]Loft dla silos\u00f3w[:] - Moseg\u00e5rd Silo A\/S","robots":{"index":"index","follow":"follow","max-snippet":"max-snippet:-1","max-image-preview":"max-image-preview:large","max-video-preview":"max-video-preview:-1"},"canonical":"https:\/\/silo.dk\/tilbehoer\/loft-til-silo\/","og_locale":"en_US","og_type":"article","og_title":"[:DA]Loft til silo[:en]Laminate roof for silo[:de]Dach f\u00fcr Silos[:sv]Loft f\u00f6r silon[:pl]Loft dla silos\u00f3w[:] - Moseg\u00e5rd Silo A\/S","og_description":"Laminate roof for silo Type: Item no.: Silo Type 110\/60\u00b0 K1 Silo Type 130\/60\u00b0 K2 Silo Type 150\/60\u00b0 K3 Silo Type 150\/200 K4 Silo Type 200\/49\u00b0 K5 Silo Type 200\/60\u00b0 K6 Silo Type 150\/300 K7 Silo Type 200\/300 K8 Silo Type 250\/49\u00b0 K9 Silo Type 250\/60\u00b0 K10 Silo Type 300\/49\u00b0 K11 Silo Type 300\/60\u00b0 og","og_url":"https:\/\/silo.dk\/tilbehoer\/loft-til-silo\/","og_site_name":"Moseg\u00e5rd Silo A\/S","article_publisher":"https:\/\/www.facebook.com\/Oegendahls.Maskinfabrik","article_modified_time":"2017-08-03T11:19:04+00:00","og_image":[{"width":98,"height":127,"url":"https:\/\/silo.dk\/wp-content\/uploads\/2015\/03\/Kunstfiber.jpg","type":"image\/jpeg"}],"twitter_card":"summary_large_image","twitter_misc":{"Est. reading time":"4 minutes"},"schema":{"@context":"https:\/\/schema.org","@graph":[{"@type":"WebPage","@id":"https:\/\/silo.dk\/tilbehoer\/loft-til-silo\/","url":"https:\/\/silo.dk\/tilbehoer\/loft-til-silo\/","name":"[:DA]Loft til silo[:en]Laminate roof for silo[:de]Dach f\u00fcr Silos[:sv]Loft f\u00f6r silon[:pl]Loft dla silos\u00f3w[:] - Moseg\u00e5rd Silo A\/S","isPartOf":{"@id":"https:\/\/silo.dk\/#website"},"primaryImageOfPage":{"@id":"https:\/\/silo.dk\/tilbehoer\/loft-til-silo\/#primaryimage"},"image":{"@id":"https:\/\/silo.dk\/tilbehoer\/loft-til-silo\/#primaryimage"},"thumbnailUrl":"http:\/\/silo.dk\/wp-content\/uploads\/2015\/03\/Kunstfiber.jpg","datePublished":"2015-03-22T02:45:12+00:00","dateModified":"2017-08-03T11:19:04+00:00","breadcrumb":{"@id":"https:\/\/silo.dk\/tilbehoer\/loft-til-silo\/#breadcrumb"},"inLanguage":"en-US","potentialAction":[{"@type":"ReadAction","target":["https:\/\/silo.dk\/tilbehoer\/loft-til-silo\/"]}]},{"@type":"ImageObject","inLanguage":"en-US","@id":"https:\/\/silo.dk\/tilbehoer\/loft-til-silo\/#primaryimage","url":"http:\/\/silo.dk\/wp-content\/uploads\/2015\/03\/Kunstfiber.jpg","contentUrl":"http:\/\/silo.dk\/wp-content\/uploads\/2015\/03\/Kunstfiber.jpg"},{"@type":"BreadcrumbList","@id":"https:\/\/silo.dk\/tilbehoer\/loft-til-silo\/#breadcrumb","itemListElement":[{"@type":"ListItem","position":1,"name":"Home","item":"https:\/\/silo.dk\/"},{"@type":"ListItem","position":2,"name":"Accessories","item":"https:\/\/silo.dk\/en\/tilbehoer\/"},{"@type":"ListItem","position":3,"name":"Loft til silo"}]},{"@type":"WebSite","@id":"https:\/\/silo.dk\/#website","url":"https:\/\/silo.dk\/","name":"Moseg\u00e5rd Silo A\/S","description":"Salg af siloer til det danske landbrug","potentialAction":[{"@type":"SearchAction","target":{"@type":"EntryPoint","urlTemplate":"https:\/\/silo.dk\/?s={search_term_string}"},"query-input":{"@type":"PropertyValueSpecification","valueRequired":true,"valueName":"search_term_string"}}],"inLanguage":"en-US"}]}},"_links":{"self":[{"href":"https:\/\/silo.dk\/en\/wp-json\/wp\/v2\/pages\/584","targetHints":{"allow":["GET"]}}],"collection":[{"href":"https:\/\/silo.dk\/en\/wp-json\/wp\/v2\/pages"}],"about":[{"href":"https:\/\/silo.dk\/en\/wp-json\/wp\/v2\/types\/page"}],"author":[{"embeddable":true,"href":"https:\/\/silo.dk\/en\/wp-json\/wp\/v2\/users\/1"}],"replies":[{"embeddable":true,"href":"https:\/\/silo.dk\/en\/wp-json\/wp\/v2\/comments?post=584"}],"version-history":[{"count":14,"href":"https:\/\/silo.dk\/en\/wp-json\/wp\/v2\/pages\/584\/revisions"}],"predecessor-version":[{"id":2231,"href":"https:\/\/silo.dk\/en\/wp-json\/wp\/v2\/pages\/584\/revisions\/2231"}],"up":[{"embeddable":true,"href":"https:\/\/silo.dk\/en\/wp-json\/wp\/v2\/pages\/563"}],"wp:attachment":[{"href":"https:\/\/silo.dk\/en\/wp-json\/wp\/v2\/media?parent=584"}],"curies":[{"name":"wp","href":"https:\/\/api.w.org\/{rel}","templated":true}]}}