
{"id":653,"date":"2015-03-22T06:47:24","date_gmt":"2015-03-22T06:47:24","guid":{"rendered":"http:\/\/silo.dk\/?page_id=653"},"modified":"2017-08-03T11:19:26","modified_gmt":"2017-08-03T11:19:26","slug":"indblaesningsroer","status":"publish","type":"page","link":"https:\/\/silo.dk\/en\/tilbehoer\/indblaesningsroer\/","title":{"rendered":"Tuyere"},"content":{"rendered":"<p><img loading=\"lazy\" decoding=\"async\" class=\"size-full wp-image-654 alignleft\" src=\"http:\/\/silo.dk\/wp-content\/uploads\/2015\/03\/blaseror.jpg\" alt=\"blaseror\" width=\"250\" height=\"289\" \/> Tuyere 100 mm welded galvanized steelpipes.<br \/>\nThickness &#8211; 1,5 mm.<br \/>\nAvailable in lengths up to 6 m.<br \/>\n&nbsp;<br \/>\n&nbsp;<br \/>\n&nbsp;<br \/>\n&nbsp;<br \/>\n&nbsp;<br \/>\n&nbsp;<br \/>\n&nbsp;<br \/>\n&nbsp;<\/p>\n<table width=\"293\" bgcolor=\"#FFFFFF\">\n<tbody>\n<tr>\n<th scope=\"row\">\n<div align=\"left\">Item no.: 316<\/div>\n<\/th>\n<td>\n<div align=\"left\">length 0,20 meter<\/div>\n<\/td>\n<\/tr>\n<tr>\n<th scope=\"row\">\n<div align=\"left\">Item no.: 317<\/div>\n<\/th>\n<td>\n<div align=\"left\">length \u00a00,30 meter<\/div>\n<\/td>\n<\/tr>\n<tr>\n<th scope=\"row\">\n<div align=\"left\">Item no.: 300<\/div>\n<\/th>\n<td>\n<div align=\"left\">length \u00a00,35 meter<\/div>\n<\/td>\n<\/tr>\n<tr>\n<th scope=\"row\">\n<div align=\"left\">Item no.: 313<\/div>\n<\/th>\n<td>\n<div align=\"left\">length\u00a00,40 meter<\/div>\n<\/td>\n<\/tr>\n<tr>\n<th scope=\"row\">\n<div align=\"left\">Item no.: 301<\/div>\n<\/th>\n<td>\n<div align=\"left\">length\u00a00,50 meter<\/div>\n<\/td>\n<\/tr>\n<tr>\n<th scope=\"row\">\n<div align=\"left\">Item no.: 302<\/div>\n<\/th>\n<td>\n<div align=\"left\">length\u00a00,60 meter<\/div>\n<\/td>\n<\/tr>\n<tr>\n<th scope=\"row\">\n<div align=\"left\">Item no.: 314<\/div>\n<\/th>\n<td>\n<div align=\"left\">length\u00a00,70 meter<\/div>\n<\/td>\n<\/tr>\n<tr>\n<th scope=\"row\">\n<div align=\"left\">Item no.: 318<\/div>\n<\/th>\n<td>\n<div align=\"left\">length0,80 meter<\/div>\n<\/td>\n<\/tr>\n<tr>\n<th scope=\"row\">\n<div align=\"left\">Item no.: 303<\/div>\n<\/th>\n<td>\n<div align=\"left\">length\u00a01,00 meter<\/div>\n<\/td>\n<\/tr>\n<tr>\n<th scope=\"row\">\n<div align=\"left\">Item no.: 321<\/div>\n<\/th>\n<td>\n<div align=\"left\">length\u00a01,20 meter<\/div>\n<\/td>\n<\/tr>\n<tr>\n<th scope=\"row\">\n<div align=\"left\">Item no.: 304<\/div>\n<\/th>\n<td>\n<div align=\"left\">length 1,25 meter<\/div>\n<\/td>\n<\/tr>\n<tr>\n<th scope=\"row\">\n<div align=\"left\">Item no.: 305<\/div>\n<\/th>\n<td>\n<div align=\"left\">length\u00a01,40 meter<\/div>\n<\/td>\n<\/tr>\n<tr>\n<th scope=\"row\">\n<div align=\"left\">Item no.: 322<\/div>\n<\/th>\n<td>\n<div align=\"left\">length 1,60 meter<\/div>\n<\/td>\n<\/tr>\n<tr>\n<th scope=\"row\">\n<div align=\"left\">Item no.: 306<\/div>\n<\/th>\n<td>\n<div align=\"left\">length\u00a01,80 meter<\/div>\n<\/td>\n<\/tr>\n<tr>\n<th scope=\"row\">\n<div align=\"left\">Item no.: 307<\/div>\n<\/th>\n<td>\n<div align=\"left\">length\u00a02,00 meter<\/div>\n<\/td>\n<\/tr>\n<tr>\n<th scope=\"row\">\n<div align=\"left\">Item no.: 308<\/div>\n<\/th>\n<td>\n<div align=\"left\">length 3,00 meter<\/div>\n<\/td>\n<\/tr>\n<tr>\n<th style=\"text-align: left;\" scope=\"row\">Item no.: 309<\/th>\n<td>\n<div align=\"left\">length \u00a03,00 meter<\/div>\n<\/td>\n<\/tr>\n<tr>\n<th scope=\"row\">\n<div align=\"left\">Item no.: 310<\/div>\n<\/th>\n<td>\n<div align=\"left\">length 6,00 meter<\/div>\n<\/td>\n<\/tr>\n<\/tbody>\n<\/table>\n<p><\/p>","protected":false},"excerpt":{"rendered":"<p>Tuyere 100 mm welded galvanized steelpipes. Thickness &#8211; 1,5 mm. Available in lengths up to 6 m. &nbsp; &nbsp; &nbsp; &nbsp; &nbsp; &nbsp; &nbsp; &nbsp; Item no.: 316 length 0,20 meter Item no.: 317 length \u00a00,30 meter Item no.: 300 length \u00a00,35 meter Item no.: 313 length\u00a00,40 meter Item no.: 301 length\u00a00,50 meter Item no.:<\/p>\n","protected":false},"author":1,"featured_media":0,"parent":563,"menu_order":0,"comment_status":"closed","ping_status":"closed","template":"","meta":{"_monsterinsights_skip_tracking":false,"_monsterinsights_sitenote_active":false,"_monsterinsights_sitenote_note":"","_monsterinsights_sitenote_category":0,"footnotes":""},"class_list":["post-653","page","type-page","status-publish","hentry"],"yoast_head":"<!-- This site is optimized with the Yoast SEO plugin v27.5 - https:\/\/yoast.com\/product\/yoast-seo-wordpress\/ -->\n<title>Tuyere - Moseg\u00e5rd Silo A\/S<\/title>\n<meta name=\"description\" content=\"Moseg\u00e5rd Silos indbl\u00e6sningsr\u00f8r udf\u00f8rt i svejste og galvaniserede 100 mm st\u00e5lr\u00f8r. Moseg\u00e5rds indbl\u00e6sningsr\u00f8r f\u00e5s i l\u00e6ngder op til 6 m og Godstykkelse 1,5 mm.\" \/>\n<meta name=\"robots\" content=\"index, follow, max-snippet:-1, max-image-preview:large, max-video-preview:-1\" \/>\n<link rel=\"canonical\" href=\"https:\/\/silo.dk\/tilbehoer\/indblaesningsroer\/\" \/>\n<meta property=\"og:locale\" content=\"en_US\" \/>\n<meta property=\"og:type\" content=\"article\" \/>\n<meta property=\"og:title\" content=\"[:DA]Indbl\u00e6sningsr\u00f8r[:en]Tuyere[:de]Einblasrohr [:sv]Inbl\u00e5sningsr\u00f6r[:pl]Dysza[:] - Moseg\u00e5rd Silo A\/S\" \/>\n<meta property=\"og:description\" content=\"Moseg\u00e5rd Silos indbl\u00e6sningsr\u00f8r udf\u00f8rt i svejste og galvaniserede 100 mm st\u00e5lr\u00f8r. Moseg\u00e5rds indbl\u00e6sningsr\u00f8r f\u00e5s i l\u00e6ngder op til 6 m og Godstykkelse 1,5 mm.\" \/>\n<meta property=\"og:url\" content=\"https:\/\/silo.dk\/tilbehoer\/indblaesningsroer\/\" \/>\n<meta property=\"og:site_name\" content=\"Moseg\u00e5rd Silo A\/S\" \/>\n<meta property=\"article:publisher\" content=\"https:\/\/www.facebook.com\/Oegendahls.Maskinfabrik\" \/>\n<meta property=\"article:modified_time\" content=\"2017-08-03T11:19:26+00:00\" \/>\n<meta property=\"og:image\" content=\"https:\/\/silo.dk\/wp-content\/uploads\/2015\/03\/blaseror.jpg\" \/>\n\t<meta property=\"og:image:width\" content=\"250\" \/>\n\t<meta property=\"og:image:height\" content=\"289\" \/>\n\t<meta property=\"og:image:type\" content=\"image\/jpeg\" \/>\n<meta name=\"twitter:card\" content=\"summary_large_image\" \/>\n<meta name=\"twitter:label1\" content=\"Est. reading time\" \/>\n\t<meta name=\"twitter:data1\" content=\"3 minutes\" \/>\n<script type=\"application\/ld+json\" class=\"yoast-schema-graph\">{\"@context\":\"https:\\\/\\\/schema.org\",\"@graph\":[{\"@type\":\"WebPage\",\"@id\":\"https:\\\/\\\/silo.dk\\\/tilbehoer\\\/indblaesningsroer\\\/\",\"url\":\"https:\\\/\\\/silo.dk\\\/tilbehoer\\\/indblaesningsroer\\\/\",\"name\":\"[:DA]Indbl\u00e6sningsr\u00f8r[:en]Tuyere[:de]Einblasrohr [:sv]Inbl\u00e5sningsr\u00f6r[:pl]Dysza[:] - Moseg\u00e5rd Silo A\\\/S\",\"isPartOf\":{\"@id\":\"https:\\\/\\\/silo.dk\\\/#website\"},\"primaryImageOfPage\":{\"@id\":\"https:\\\/\\\/silo.dk\\\/tilbehoer\\\/indblaesningsroer\\\/#primaryimage\"},\"image\":{\"@id\":\"https:\\\/\\\/silo.dk\\\/tilbehoer\\\/indblaesningsroer\\\/#primaryimage\"},\"thumbnailUrl\":\"http:\\\/\\\/silo.dk\\\/wp-content\\\/uploads\\\/2015\\\/03\\\/blaseror.jpg\",\"datePublished\":\"2015-03-22T06:47:24+00:00\",\"dateModified\":\"2017-08-03T11:19:26+00:00\",\"description\":\"Moseg\u00e5rd Silos indbl\u00e6sningsr\u00f8r udf\u00f8rt i svejste og galvaniserede 100 mm st\u00e5lr\u00f8r. Moseg\u00e5rds indbl\u00e6sningsr\u00f8r f\u00e5s i l\u00e6ngder op til 6 m og Godstykkelse 1,5 mm.\",\"breadcrumb\":{\"@id\":\"https:\\\/\\\/silo.dk\\\/tilbehoer\\\/indblaesningsroer\\\/#breadcrumb\"},\"inLanguage\":\"en-US\",\"potentialAction\":[{\"@type\":\"ReadAction\",\"target\":[\"https:\\\/\\\/silo.dk\\\/tilbehoer\\\/indblaesningsroer\\\/\"]}]},{\"@type\":\"ImageObject\",\"inLanguage\":\"en-US\",\"@id\":\"https:\\\/\\\/silo.dk\\\/tilbehoer\\\/indblaesningsroer\\\/#primaryimage\",\"url\":\"http:\\\/\\\/silo.dk\\\/wp-content\\\/uploads\\\/2015\\\/03\\\/blaseror.jpg\",\"contentUrl\":\"http:\\\/\\\/silo.dk\\\/wp-content\\\/uploads\\\/2015\\\/03\\\/blaseror.jpg\"},{\"@type\":\"BreadcrumbList\",\"@id\":\"https:\\\/\\\/silo.dk\\\/tilbehoer\\\/indblaesningsroer\\\/#breadcrumb\",\"itemListElement\":[{\"@type\":\"ListItem\",\"position\":1,\"name\":\"Home\",\"item\":\"https:\\\/\\\/silo.dk\\\/\"},{\"@type\":\"ListItem\",\"position\":2,\"name\":\"Accessories\",\"item\":\"https:\\\/\\\/silo.dk\\\/en\\\/tilbehoer\\\/\"},{\"@type\":\"ListItem\",\"position\":3,\"name\":\"Indbl\u00e6sningsr\u00f8r\"}]},{\"@type\":\"WebSite\",\"@id\":\"https:\\\/\\\/silo.dk\\\/#website\",\"url\":\"https:\\\/\\\/silo.dk\\\/\",\"name\":\"Moseg\u00e5rd Silo A\\\/S\",\"description\":\"Salg af siloer til det danske landbrug\",\"potentialAction\":[{\"@type\":\"SearchAction\",\"target\":{\"@type\":\"EntryPoint\",\"urlTemplate\":\"https:\\\/\\\/silo.dk\\\/?s={search_term_string}\"},\"query-input\":{\"@type\":\"PropertyValueSpecification\",\"valueRequired\":true,\"valueName\":\"search_term_string\"}}],\"inLanguage\":\"en-US\"}]}<\/script>\n<!-- \/ Yoast SEO plugin. -->","yoast_head_json":{"title":"[:DA]Indbl\u00e6sningsr\u00f8r[:en]Tuyere[:de]Einblasrohr [:sv]Inbl\u00e5sningsr\u00f6r[:pl]Dysza[:] - Moseg\u00e5rd Silo A\/S","description":"Moseg\u00e5rd Silos indbl\u00e6sningsr\u00f8r udf\u00f8rt i svejste og galvaniserede 100 mm st\u00e5lr\u00f8r. Moseg\u00e5rds indbl\u00e6sningsr\u00f8r f\u00e5s i l\u00e6ngder op til 6 m og Godstykkelse 1,5 mm.","robots":{"index":"index","follow":"follow","max-snippet":"max-snippet:-1","max-image-preview":"max-image-preview:large","max-video-preview":"max-video-preview:-1"},"canonical":"https:\/\/silo.dk\/tilbehoer\/indblaesningsroer\/","og_locale":"en_US","og_type":"article","og_title":"[:DA]Indbl\u00e6sningsr\u00f8r[:en]Tuyere[:de]Einblasrohr [:sv]Inbl\u00e5sningsr\u00f6r[:pl]Dysza[:] - Moseg\u00e5rd Silo A\/S","og_description":"Moseg\u00e5rd Silos indbl\u00e6sningsr\u00f8r udf\u00f8rt i svejste og galvaniserede 100 mm st\u00e5lr\u00f8r. Moseg\u00e5rds indbl\u00e6sningsr\u00f8r f\u00e5s i l\u00e6ngder op til 6 m og Godstykkelse 1,5 mm.","og_url":"https:\/\/silo.dk\/tilbehoer\/indblaesningsroer\/","og_site_name":"Moseg\u00e5rd Silo A\/S","article_publisher":"https:\/\/www.facebook.com\/Oegendahls.Maskinfabrik","article_modified_time":"2017-08-03T11:19:26+00:00","og_image":[{"width":250,"height":289,"url":"https:\/\/silo.dk\/wp-content\/uploads\/2015\/03\/blaseror.jpg","type":"image\/jpeg"}],"twitter_card":"summary_large_image","twitter_misc":{"Est. reading time":"3 minutes"},"schema":{"@context":"https:\/\/schema.org","@graph":[{"@type":"WebPage","@id":"https:\/\/silo.dk\/tilbehoer\/indblaesningsroer\/","url":"https:\/\/silo.dk\/tilbehoer\/indblaesningsroer\/","name":"[:DA]Indbl\u00e6sningsr\u00f8r[:en]Tuyere[:de]Einblasrohr [:sv]Inbl\u00e5sningsr\u00f6r[:pl]Dysza[:] - Moseg\u00e5rd Silo A\/S","isPartOf":{"@id":"https:\/\/silo.dk\/#website"},"primaryImageOfPage":{"@id":"https:\/\/silo.dk\/tilbehoer\/indblaesningsroer\/#primaryimage"},"image":{"@id":"https:\/\/silo.dk\/tilbehoer\/indblaesningsroer\/#primaryimage"},"thumbnailUrl":"http:\/\/silo.dk\/wp-content\/uploads\/2015\/03\/blaseror.jpg","datePublished":"2015-03-22T06:47:24+00:00","dateModified":"2017-08-03T11:19:26+00:00","description":"Moseg\u00e5rd Silos indbl\u00e6sningsr\u00f8r udf\u00f8rt i svejste og galvaniserede 100 mm st\u00e5lr\u00f8r. Moseg\u00e5rds indbl\u00e6sningsr\u00f8r f\u00e5s i l\u00e6ngder op til 6 m og Godstykkelse 1,5 mm.","breadcrumb":{"@id":"https:\/\/silo.dk\/tilbehoer\/indblaesningsroer\/#breadcrumb"},"inLanguage":"en-US","potentialAction":[{"@type":"ReadAction","target":["https:\/\/silo.dk\/tilbehoer\/indblaesningsroer\/"]}]},{"@type":"ImageObject","inLanguage":"en-US","@id":"https:\/\/silo.dk\/tilbehoer\/indblaesningsroer\/#primaryimage","url":"http:\/\/silo.dk\/wp-content\/uploads\/2015\/03\/blaseror.jpg","contentUrl":"http:\/\/silo.dk\/wp-content\/uploads\/2015\/03\/blaseror.jpg"},{"@type":"BreadcrumbList","@id":"https:\/\/silo.dk\/tilbehoer\/indblaesningsroer\/#breadcrumb","itemListElement":[{"@type":"ListItem","position":1,"name":"Home","item":"https:\/\/silo.dk\/"},{"@type":"ListItem","position":2,"name":"Accessories","item":"https:\/\/silo.dk\/en\/tilbehoer\/"},{"@type":"ListItem","position":3,"name":"Indbl\u00e6sningsr\u00f8r"}]},{"@type":"WebSite","@id":"https:\/\/silo.dk\/#website","url":"https:\/\/silo.dk\/","name":"Moseg\u00e5rd Silo A\/S","description":"Salg af siloer til det danske landbrug","potentialAction":[{"@type":"SearchAction","target":{"@type":"EntryPoint","urlTemplate":"https:\/\/silo.dk\/?s={search_term_string}"},"query-input":{"@type":"PropertyValueSpecification","valueRequired":true,"valueName":"search_term_string"}}],"inLanguage":"en-US"}]}},"_links":{"self":[{"href":"https:\/\/silo.dk\/en\/wp-json\/wp\/v2\/pages\/653","targetHints":{"allow":["GET"]}}],"collection":[{"href":"https:\/\/silo.dk\/en\/wp-json\/wp\/v2\/pages"}],"about":[{"href":"https:\/\/silo.dk\/en\/wp-json\/wp\/v2\/types\/page"}],"author":[{"embeddable":true,"href":"https:\/\/silo.dk\/en\/wp-json\/wp\/v2\/users\/1"}],"replies":[{"embeddable":true,"href":"https:\/\/silo.dk\/en\/wp-json\/wp\/v2\/comments?post=653"}],"version-history":[{"count":27,"href":"https:\/\/silo.dk\/en\/wp-json\/wp\/v2\/pages\/653\/revisions"}],"predecessor-version":[{"id":2729,"href":"https:\/\/silo.dk\/en\/wp-json\/wp\/v2\/pages\/653\/revisions\/2729"}],"up":[{"embeddable":true,"href":"https:\/\/silo.dk\/en\/wp-json\/wp\/v2\/pages\/563"}],"wp:attachment":[{"href":"https:\/\/silo.dk\/en\/wp-json\/wp\/v2\/media?parent=653"}],"curies":[{"name":"wp","href":"https:\/\/api.w.org\/{rel}","templated":true}]}}