
{"id":656,"date":"2015-03-22T07:16:41","date_gmt":"2015-03-22T07:16:41","guid":{"rendered":"http:\/\/silo.dk\/?page_id=656"},"modified":"2017-09-07T06:45:07","modified_gmt":"2017-09-07T06:45:07","slug":"bojninger","status":"publish","type":"page","link":"https:\/\/silo.dk\/en\/tilbehoer\/bojninger\/","title":{"rendered":"Bends"},"content":{"rendered":"<p><\/p>\n<div class=\"enigma_blog_post_content\">\n<div class=\"enigma_heading_section\">\n<h3 style=\"text-align: center;\">Galvanized bends, 100 mm, thickness 3,6 mm<\/h3>\n<\/div>\n<div class=\"row\">\n<div class=\"col-md-6\">\n<div class=\"panel enigma_panel-blue\">\n<div class=\"panel-heading\">Item no.: 350<\/div>\n<div class=\"panel-body\">Bends 7,5\u00b0<br \/>\n<img loading=\"lazy\" decoding=\"async\" class=\"alignleft img-responsive size-medium wp-image-600\" src=\"http:\/\/silo.dk\/wp-content\/uploads\/2015\/03\/side7-1-350V-232x300.jpg\" alt=\"B\u00f8jning 7,5\u00b0\" width=\"205\" height=\"300\" \/><img loading=\"lazy\" decoding=\"async\" class=\"alignright size-medium img-responsive wp-image-660\" src=\"http:\/\/silo.dk\/wp-content\/uploads\/2015\/03\/side7-1-350H-230x300.jpg\" alt=\"B\u00f8jning 7,5\u00b0\" width=\"205\" height=\"300\" \/><\/div>\n<\/div>\n<div class=\"panel enigma_panel-blue\">\n<div class=\"panel-heading\">Item no.: 351<\/div>\n<div class=\"panel-body\"> Bends 15\u00b0<br \/>\n<img loading=\"lazy\" decoding=\"async\" class=\"alignleft img-responsive size-medium wp-image-600\" src=\"http:\/\/silo.dk\/wp-content\/uploads\/2015\/03\/side7-1-351V-232x300.jpg\" alt=\"B\u00f8jning 15\u00b0\" width=\"205\" height=\"300\" \/><img loading=\"lazy\" decoding=\"async\" class=\"alignright size-medium img-responsive wp-image-662\" src=\"http:\/\/silo.dk\/wp-content\/uploads\/2015\/03\/side7-1-351H-250x300.jpg\" alt=\"B\u00f8jning 15\u00b0\" width=\"205\" height=\"300\" \/><\/div>\n<\/div>\n<div class=\"panel enigma_panel-blue\">\n<div class=\"panel-heading\">Item no.: 352<\/div>\n<div class=\"panel-body\">Bends 20\u00b0<br \/>\n<img loading=\"lazy\" decoding=\"async\" class=\"alignleft img-responsive size-medium wp-image-600\" src=\"http:\/\/silo.dk\/wp-content\/uploads\/2015\/03\/side7-1-352V-232x300.jpg\" alt=\"B\u00f8jning 20\u00b0\" width=\"205\" height=\"300\" \/><img loading=\"lazy\" decoding=\"async\" class=\"alignright size-medium img-responsive wp-image-664\" src=\"http:\/\/silo.dk\/wp-content\/uploads\/2015\/03\/side7-1-352H-300x282.jpg\" alt=\"B\u00f8jning 20\u00b0\" width=\"205\" height=\"300\" \/><\/div>\n<\/div>\n<div class=\"panel enigma_panel-blue\">\n<div class=\"panel-heading\">Item no.: 353<\/div>\n<div class=\"panel-body\">Bends 25\u00b0<br \/>\n<img loading=\"lazy\" decoding=\"async\" class=\"alignleft img-responsive size-medium wp-image-600\" src=\"http:\/\/silo.dk\/wp-content\/uploads\/2015\/03\/side7-1-353V-232x300.jpg\" alt=\"B\u00f8jning 25\u00b0\" width=\"205\" height=\"300\" \/><img loading=\"lazy\" decoding=\"async\" class=\"alignright size-medium img-responsive wp-image-666\" src=\"http:\/\/silo.dk\/wp-content\/uploads\/2015\/03\/Side7-1-353H-247x300.jpg\" alt=\"B\u00f8jning 25\u00b0\" width=\"205\" height=\"300\" \/><\/div>\n<\/div>\n<div class=\"panel enigma_panel-blue\">\n<div class=\"panel-heading\">Item no.: 354<\/div>\n<div class=\"panel-body\">Bends 30\u00b0<br \/>\n<img loading=\"lazy\" decoding=\"async\" class=\"alignleft img-responsive size-medium wp-image-600\" src=\"http:\/\/silo.dk\/wp-content\/uploads\/2015\/03\/side8-2-354V-232x300.jpg\" alt=\"B\u00f8jning 30\u00b0\" width=\"205\" height=\"300\" \/><img loading=\"lazy\" decoding=\"async\" class=\"alignright size-medium img-responsive wp-image-668\" src=\"http:\/\/silo.dk\/wp-content\/uploads\/2015\/03\/Side8-2-354H-230x300.jpg\" alt=\"B\u00f8jning 30\u00b0\" width=\"205\" height=\"300\" \/><\/div>\n<\/div>\n<div class=\"panel enigma_panel-blue\">\n<div class=\"panel-heading\">Item no.: 357<\/div>\n<div class=\"panel-body\">Bends 45\u00b0<br \/>\n<img loading=\"lazy\" decoding=\"async\" class=\"alignleft img-responsive size-medium wp-image-600\" src=\"http:\/\/silo.dk\/wp-content\/uploads\/2015\/03\/side8-2-357V-232x300.jpg\" alt=\"B\u00f8jning 45\u00b0\" width=\"205\" height=\"300\" \/><img loading=\"lazy\" decoding=\"async\" class=\"alignright size-medium img-responsive wp-image-670\" src=\"http:\/\/silo.dk\/wp-content\/uploads\/2015\/03\/side8-2-357H-255x300.jpg\" alt=\"B\u00f8jning 45\u00b0\" width=\"205\" height=\"300\" \/><\/div>\n<\/div>\n<\/div>\n<div class=\"col-md-6\">\n<div class=\"panel enigma_panel-blue\">\n<div class=\"panel-heading\">Item no.: 360<\/div>\n<div class=\"panel-body\"> Bends 60\u00b0<br \/>\n<img loading=\"lazy\" decoding=\"async\" class=\"alignleft img-responsive size-medium wp-image-600\" src=\"http:\/\/silo.dk\/wp-content\/uploads\/2015\/03\/side8-2-360V-232x300.jpg\" alt=\"B\u00f8jning 60\u00b0\" width=\"205\" height=\"300\" \/><img loading=\"lazy\" decoding=\"async\" class=\"alignright size-medium img-responsive wp-image-672\" src=\"http:\/\/silo.dk\/wp-content\/uploads\/2015\/03\/side8-2-360H-264x300.jpg\" alt=\"B\u00f8jning 60\u00b0\" width=\"205\" height=\"300\" \/><\/div>\n<\/div>\n<div class=\"panel enigma_panel-blue\">\n<div class=\"panel-heading\">Item no.: 361<\/div>\n<div class=\"panel-body\">Bends 65\u00b0<br \/>\n<img loading=\"lazy\" decoding=\"async\" class=\"alignleft img-responsive size-medium wp-image-600\" src=\"http:\/\/silo.dk\/wp-content\/uploads\/2015\/03\/side8-2-361V-232x300.jpg\" alt=\"B\u00f8jning 65\u00b0\" width=\"205\" height=\"300\" \/><img loading=\"lazy\" decoding=\"async\" class=\"alignright size-medium img-responsive wp-image-674\" src=\"http:\/\/silo.dk\/wp-content\/uploads\/2015\/03\/Side8-2-361H-241x300.jpg\" alt=\"B\u00f8jning 65\u00b0\" width=\"205\" height=\"300\" \/><\/div>\n<\/div>\n<div class=\"panel enigma_panel-blue\">\n<div class=\"panel-heading\">Item no.: 362<\/div>\n<div class=\"panel-body\">Bends 70\u00b0<br \/>\n<img loading=\"lazy\" decoding=\"async\" class=\"alignleft img-responsive size-medium wp-image-600\" src=\"http:\/\/silo.dk\/wp-content\/uploads\/2015\/03\/side7-3-362V-232x300.jpg\" alt=\"B\u00f8jning 70\u00b0\" width=\"205\" height=\"300\" \/><img loading=\"lazy\" decoding=\"async\" class=\"alignright size-medium img-responsive wp-image-676\" src=\"http:\/\/silo.dk\/wp-content\/uploads\/2015\/03\/side7-3-362H-270x300.jpg\" alt=\"B\u00f8jning 70\u00b0\" width=\"205\" height=\"300\" \/><\/div>\n<\/div>\n<div class=\"panel enigma_panel-blue\">\n<div class=\"panel-heading\">Item no.: 363<\/div>\n<div class=\"panel-body\">Bends 75\u00b0<br \/>\n<img loading=\"lazy\" decoding=\"async\" class=\"alignleft img-responsive size-medium wp-image-600\" src=\"http:\/\/silo.dk\/wp-content\/uploads\/2015\/03\/Side7-3-363V-232x300.jpg\" alt=\"B\u00f8jning 75\u00b0\" width=\"205\" height=\"300\" \/><img loading=\"lazy\" decoding=\"async\" class=\"alignright size-medium img-responsive wp-image-678\" src=\"http:\/\/silo.dk\/wp-content\/uploads\/2015\/03\/Side7-3-363H-241x300.jpg\" alt=\"B\u00f8jning 75\u00b0\" width=\"205\" height=\"300\" \/><\/div>\n<\/div>\n<div class=\"panel enigma_panel-blue\">\n<div class=\"panel-heading\">Item no.: 366<\/div>\n<div class=\"panel-body\">Bends 90\u00b0<br \/>\n<img loading=\"lazy\" decoding=\"async\" class=\"alignleft img-responsive size-medium wp-image-600\" src=\"http:\/\/silo.dk\/wp-content\/uploads\/2015\/03\/side-7-3-366V-232x300.jpg\" alt=\"B\u00f8jning 90\u00b0\" width=\"205\" height=\"300\" \/><img loading=\"lazy\" decoding=\"async\" class=\"alignright size-medium img-responsive wp-image-680\" src=\"http:\/\/silo.dk\/wp-content\/uploads\/2015\/03\/Side7-3-366H-249x300.jpg\" alt=\"B\u00f8jning 90\u00b0\" width=\"205\" height=\"300\" \/><\/div>\n<\/div>\n<div class=\"panel enigma_panel-blue\">\n<div class=\"panel-heading\">Item no.: 366-L<\/div>\n<div class=\"panel-body\">Long bends 90\u00b0<br \/>\n<img loading=\"lazy\" decoding=\"async\" class=\"alignleft img-responsive size-medium wp-image-600\" src=\"http:\/\/silo.dk\/wp-content\/uploads\/2015\/03\/Side7-3-366-L-V-232x300.jpg\" alt=\"Lang b\u00f8jning 90\u00b0\" width=\"205\" height=\"300\" \/><img loading=\"lazy\" decoding=\"async\" class=\"alignright size-medium img-responsive wp-image-682\" src=\"http:\/\/silo.dk\/wp-content\/uploads\/2015\/03\/Side7-3-366-L-H-269x300.jpg\" alt=\"Lang b\u00f8jning 90\u00b0\" width=\"205\" height=\"300\" \/><\/div>\n<\/div>\n<\/div>\n<\/div>\n<\/div>\n<\/div>\n<p><\/p>","protected":false},"excerpt":{"rendered":"<p>Galvanized bends, 100 mm, thickness 3,6 mm Item no.: 350 Bends 7,5\u00b0 Item no.: 351 Bends 15\u00b0 Item no.: 352 Bends 20\u00b0 Item no.: 353 Bends 25\u00b0 Item no.: 354 Bends 30\u00b0 Item no.: 357 Bends 45\u00b0 Item no.: 360 Bends 60\u00b0 Item no.: 361 Bends 65\u00b0 Item no.: 362 Bends 70\u00b0 Item no.: 363<\/p>\n","protected":false},"author":1,"featured_media":0,"parent":563,"menu_order":0,"comment_status":"closed","ping_status":"closed","template":"fullwidth.php","meta":{"_monsterinsights_skip_tracking":false,"_monsterinsights_sitenote_active":false,"_monsterinsights_sitenote_note":"","_monsterinsights_sitenote_category":0,"footnotes":""},"class_list":["post-656","page","type-page","status-publish","hentry"],"yoast_head":"<!-- This site is optimized with the Yoast SEO plugin v27.5 - https:\/\/yoast.com\/product\/yoast-seo-wordpress\/ -->\n<title>Bends - Moseg\u00e5rd Silo A\/S<\/title>\n<meta name=\"description\" content=\"Moseg\u00e5rd Silo tilbyder galvaniseret b\u00f8jninger, 100 mm og godstykkelse 3,6 mm. Mange forskellige typer b\u00f8jninger. Se mere p\u00e5 Moseg\u00e5rd Silo hjemmeside!\" \/>\n<meta name=\"robots\" content=\"index, follow, max-snippet:-1, max-image-preview:large, max-video-preview:-1\" \/>\n<link rel=\"canonical\" href=\"https:\/\/silo.dk\/tilbehoer\/bojninger\/\" \/>\n<meta property=\"og:locale\" content=\"en_US\" \/>\n<meta property=\"og:type\" content=\"article\" \/>\n<meta property=\"og:title\" content=\"[:DA]B\u00f8jninger[:en]Bends[:de]Bogen[:sv]B\u00f6jningar[:pl]\u0141uki[:] - Moseg\u00e5rd Silo A\/S\" \/>\n<meta property=\"og:description\" content=\"Moseg\u00e5rd Silo tilbyder galvaniseret b\u00f8jninger, 100 mm og godstykkelse 3,6 mm. Mange forskellige typer b\u00f8jninger. Se mere p\u00e5 Moseg\u00e5rd Silo hjemmeside!\" \/>\n<meta property=\"og:url\" content=\"https:\/\/silo.dk\/tilbehoer\/bojninger\/\" \/>\n<meta property=\"og:site_name\" content=\"Moseg\u00e5rd Silo A\/S\" \/>\n<meta property=\"article:publisher\" content=\"https:\/\/www.facebook.com\/Oegendahls.Maskinfabrik\" \/>\n<meta property=\"article:modified_time\" content=\"2017-09-07T06:45:07+00:00\" \/>\n<meta property=\"og:image\" content=\"https:\/\/silo.dk\/wp-content\/uploads\/2015\/03\/side5-1-200V.jpg\" \/>\n\t<meta property=\"og:image:width\" content=\"245\" \/>\n\t<meta property=\"og:image:height\" content=\"317\" \/>\n\t<meta property=\"og:image:type\" content=\"image\/jpeg\" \/>\n<meta name=\"twitter:card\" content=\"summary_large_image\" \/>\n<meta name=\"twitter:label1\" content=\"Est. reading time\" \/>\n\t<meta name=\"twitter:data1\" content=\"1 minute\" \/>\n<script type=\"application\/ld+json\" class=\"yoast-schema-graph\">{\"@context\":\"https:\\\/\\\/schema.org\",\"@graph\":[{\"@type\":\"WebPage\",\"@id\":\"https:\\\/\\\/silo.dk\\\/tilbehoer\\\/bojninger\\\/\",\"url\":\"https:\\\/\\\/silo.dk\\\/tilbehoer\\\/bojninger\\\/\",\"name\":\"[:DA]B\u00f8jninger[:en]Bends[:de]Bogen[:sv]B\u00f6jningar[:pl]\u0141uki[:] - Moseg\u00e5rd Silo A\\\/S\",\"isPartOf\":{\"@id\":\"https:\\\/\\\/silo.dk\\\/#website\"},\"primaryImageOfPage\":{\"@id\":\"https:\\\/\\\/silo.dk\\\/tilbehoer\\\/bojninger\\\/#primaryimage\"},\"image\":{\"@id\":\"https:\\\/\\\/silo.dk\\\/tilbehoer\\\/bojninger\\\/#primaryimage\"},\"thumbnailUrl\":\"http:\\\/\\\/silo.dk\\\/wp-content\\\/uploads\\\/2015\\\/03\\\/side8-2-354V-232x300.jpg\",\"datePublished\":\"2015-03-22T07:16:41+00:00\",\"dateModified\":\"2017-09-07T06:45:07+00:00\",\"description\":\"Moseg\u00e5rd Silo tilbyder galvaniseret b\u00f8jninger, 100 mm og godstykkelse 3,6 mm. Mange forskellige typer b\u00f8jninger. Se mere p\u00e5 Moseg\u00e5rd Silo hjemmeside!\",\"breadcrumb\":{\"@id\":\"https:\\\/\\\/silo.dk\\\/tilbehoer\\\/bojninger\\\/#breadcrumb\"},\"inLanguage\":\"en-US\",\"potentialAction\":[{\"@type\":\"ReadAction\",\"target\":[\"https:\\\/\\\/silo.dk\\\/tilbehoer\\\/bojninger\\\/\"]}]},{\"@type\":\"ImageObject\",\"inLanguage\":\"en-US\",\"@id\":\"https:\\\/\\\/silo.dk\\\/tilbehoer\\\/bojninger\\\/#primaryimage\",\"url\":\"http:\\\/\\\/silo.dk\\\/wp-content\\\/uploads\\\/2015\\\/03\\\/side8-2-354V-232x300.jpg\",\"contentUrl\":\"http:\\\/\\\/silo.dk\\\/wp-content\\\/uploads\\\/2015\\\/03\\\/side8-2-354V-232x300.jpg\"},{\"@type\":\"BreadcrumbList\",\"@id\":\"https:\\\/\\\/silo.dk\\\/tilbehoer\\\/bojninger\\\/#breadcrumb\",\"itemListElement\":[{\"@type\":\"ListItem\",\"position\":1,\"name\":\"Home\",\"item\":\"https:\\\/\\\/silo.dk\\\/\"},{\"@type\":\"ListItem\",\"position\":2,\"name\":\"Accessories\",\"item\":\"https:\\\/\\\/silo.dk\\\/en\\\/tilbehoer\\\/\"},{\"@type\":\"ListItem\",\"position\":3,\"name\":\"B\u00f8jninger\"}]},{\"@type\":\"WebSite\",\"@id\":\"https:\\\/\\\/silo.dk\\\/#website\",\"url\":\"https:\\\/\\\/silo.dk\\\/\",\"name\":\"Moseg\u00e5rd Silo A\\\/S\",\"description\":\"Salg af siloer til det danske landbrug\",\"potentialAction\":[{\"@type\":\"SearchAction\",\"target\":{\"@type\":\"EntryPoint\",\"urlTemplate\":\"https:\\\/\\\/silo.dk\\\/?s={search_term_string}\"},\"query-input\":{\"@type\":\"PropertyValueSpecification\",\"valueRequired\":true,\"valueName\":\"search_term_string\"}}],\"inLanguage\":\"en-US\"}]}<\/script>\n<!-- \/ Yoast SEO plugin. -->","yoast_head_json":{"title":"[:DA]B\u00f8jninger[:en]Bends[:de]Bogen[:sv]B\u00f6jningar[:pl]\u0141uki[:] - Moseg\u00e5rd Silo A\/S","description":"Moseg\u00e5rd Silo tilbyder galvaniseret b\u00f8jninger, 100 mm og godstykkelse 3,6 mm. Mange forskellige typer b\u00f8jninger. Se mere p\u00e5 Moseg\u00e5rd Silo hjemmeside!","robots":{"index":"index","follow":"follow","max-snippet":"max-snippet:-1","max-image-preview":"max-image-preview:large","max-video-preview":"max-video-preview:-1"},"canonical":"https:\/\/silo.dk\/tilbehoer\/bojninger\/","og_locale":"en_US","og_type":"article","og_title":"[:DA]B\u00f8jninger[:en]Bends[:de]Bogen[:sv]B\u00f6jningar[:pl]\u0141uki[:] - Moseg\u00e5rd Silo A\/S","og_description":"Moseg\u00e5rd Silo tilbyder galvaniseret b\u00f8jninger, 100 mm og godstykkelse 3,6 mm. Mange forskellige typer b\u00f8jninger. Se mere p\u00e5 Moseg\u00e5rd Silo hjemmeside!","og_url":"https:\/\/silo.dk\/tilbehoer\/bojninger\/","og_site_name":"Moseg\u00e5rd Silo A\/S","article_publisher":"https:\/\/www.facebook.com\/Oegendahls.Maskinfabrik","article_modified_time":"2017-09-07T06:45:07+00:00","og_image":[{"width":245,"height":317,"url":"https:\/\/silo.dk\/wp-content\/uploads\/2015\/03\/side5-1-200V.jpg","type":"image\/jpeg"}],"twitter_card":"summary_large_image","twitter_misc":{"Est. reading time":"1 minute"},"schema":{"@context":"https:\/\/schema.org","@graph":[{"@type":"WebPage","@id":"https:\/\/silo.dk\/tilbehoer\/bojninger\/","url":"https:\/\/silo.dk\/tilbehoer\/bojninger\/","name":"[:DA]B\u00f8jninger[:en]Bends[:de]Bogen[:sv]B\u00f6jningar[:pl]\u0141uki[:] - Moseg\u00e5rd Silo A\/S","isPartOf":{"@id":"https:\/\/silo.dk\/#website"},"primaryImageOfPage":{"@id":"https:\/\/silo.dk\/tilbehoer\/bojninger\/#primaryimage"},"image":{"@id":"https:\/\/silo.dk\/tilbehoer\/bojninger\/#primaryimage"},"thumbnailUrl":"http:\/\/silo.dk\/wp-content\/uploads\/2015\/03\/side8-2-354V-232x300.jpg","datePublished":"2015-03-22T07:16:41+00:00","dateModified":"2017-09-07T06:45:07+00:00","description":"Moseg\u00e5rd Silo tilbyder galvaniseret b\u00f8jninger, 100 mm og godstykkelse 3,6 mm. Mange forskellige typer b\u00f8jninger. Se mere p\u00e5 Moseg\u00e5rd Silo hjemmeside!","breadcrumb":{"@id":"https:\/\/silo.dk\/tilbehoer\/bojninger\/#breadcrumb"},"inLanguage":"en-US","potentialAction":[{"@type":"ReadAction","target":["https:\/\/silo.dk\/tilbehoer\/bojninger\/"]}]},{"@type":"ImageObject","inLanguage":"en-US","@id":"https:\/\/silo.dk\/tilbehoer\/bojninger\/#primaryimage","url":"http:\/\/silo.dk\/wp-content\/uploads\/2015\/03\/side8-2-354V-232x300.jpg","contentUrl":"http:\/\/silo.dk\/wp-content\/uploads\/2015\/03\/side8-2-354V-232x300.jpg"},{"@type":"BreadcrumbList","@id":"https:\/\/silo.dk\/tilbehoer\/bojninger\/#breadcrumb","itemListElement":[{"@type":"ListItem","position":1,"name":"Home","item":"https:\/\/silo.dk\/"},{"@type":"ListItem","position":2,"name":"Accessories","item":"https:\/\/silo.dk\/en\/tilbehoer\/"},{"@type":"ListItem","position":3,"name":"B\u00f8jninger"}]},{"@type":"WebSite","@id":"https:\/\/silo.dk\/#website","url":"https:\/\/silo.dk\/","name":"Moseg\u00e5rd Silo A\/S","description":"Salg af siloer til det danske landbrug","potentialAction":[{"@type":"SearchAction","target":{"@type":"EntryPoint","urlTemplate":"https:\/\/silo.dk\/?s={search_term_string}"},"query-input":{"@type":"PropertyValueSpecification","valueRequired":true,"valueName":"search_term_string"}}],"inLanguage":"en-US"}]}},"_links":{"self":[{"href":"https:\/\/silo.dk\/en\/wp-json\/wp\/v2\/pages\/656","targetHints":{"allow":["GET"]}}],"collection":[{"href":"https:\/\/silo.dk\/en\/wp-json\/wp\/v2\/pages"}],"about":[{"href":"https:\/\/silo.dk\/en\/wp-json\/wp\/v2\/types\/page"}],"author":[{"embeddable":true,"href":"https:\/\/silo.dk\/en\/wp-json\/wp\/v2\/users\/1"}],"replies":[{"embeddable":true,"href":"https:\/\/silo.dk\/en\/wp-json\/wp\/v2\/comments?post=656"}],"version-history":[{"count":30,"href":"https:\/\/silo.dk\/en\/wp-json\/wp\/v2\/pages\/656\/revisions"}],"predecessor-version":[{"id":658,"href":"https:\/\/silo.dk\/en\/wp-json\/wp\/v2\/pages\/656\/revisions\/658"}],"up":[{"embeddable":true,"href":"https:\/\/silo.dk\/en\/wp-json\/wp\/v2\/pages\/563"}],"wp:attachment":[{"href":"https:\/\/silo.dk\/en\/wp-json\/wp\/v2\/media?parent=656"}],"curies":[{"name":"wp","href":"https:\/\/api.w.org\/{rel}","templated":true}]}}