
{"id":1055,"date":"2015-10-11T18:00:54","date_gmt":"2015-10-11T18:00:54","guid":{"rendered":"http:\/\/silo.dk\/?page_id=1055"},"modified":"2016-08-24T09:27:26","modified_gmt":"2016-08-24T09:27:26","slug":"om-os","status":"publish","type":"page","link":"https:\/\/silo.dk\/sv\/om-os\/","title":{"rendered":"Om oss"},"content":{"rendered":"<p><\/p>\n<div class=\"container\">\n<div class=\"row\">\n<div class=\"col-md-12 \">\n<div class=\"about_us_img\">\n\t\t\t\t<img loading=\"lazy\" decoding=\"async\" width=\"1140\" height=\"380\" src=\"http:\/\/silo.dk\/wp-content\/uploads\/2015\/10\/mosegaard-silo-oendahls-mas.jpg\" class=\"img-responsive wp-post-image\" alt=\"people\">\t\t\t<\/div>\n<\/p><\/div>\n<\/div>\n<\/div>\n<h2>Silo producent med betoning p\u00e5 kvalitet och service<\/h2>\n<h4>Moseg\u00e5rd Silo startades \u00e5r 1977 av Ingrid och Kaj Pedersen.<\/h4>\n<p><a href=\"http:\/\/oegendahl.dk\/\" target=\"_blank\">\u00d8gendahls Maskinfabrik A\/S<\/a> tog \u00f6ver f\u00f6retaget den 2. december 2006.<br \/>\nVi vet vad som \u00e4r m\u00f6jligt och hur, d\u00e4rf\u00f6r kommer vi alltid med bra robusta l\u00f6sningar. Vi har h\u00f6gsta kompetens och skickliga tekniker som kan l\u00f6sa problem med redan installerade system, upphandla och hantera stora projekt, servica, renovera och optimera efter dina behov. Vi har de mest h\u00e5llbara och resurseffektiva l\u00f6sningar s\u00e4rskilt utformade f\u00f6r att g\u00f6ra jordbrukarnas arbete enklare, l\u00e4ttare och mer tillf\u00f6rlitligt. Vi har m\u00e5nga special maskiner och extremt kompetenta medarbetare som har m\u00e5nga \u00e5rs erfarenhet i branschen. V\u00e5r stora styrka \u00e4r att vi \u00e4r mycket flexibla och att vi alltid lyssnar p\u00e5 v\u00e5ra kunder, d\u00e4rf\u00f6r kan vi anpassa oss till v\u00e5ra kunders behov och byggnader.<\/p>\n<div class=\"enigma_blog_post_content\">\n<div class=\"enigma_tabs_section\" id=\"enigma_tabs_section\">\n<ul class=\"nav nav-tabs\" id=\"myTab-WordPress\">\n<li class=\"active\" data-original-title=\"\" title=\"\"><a data-toggle=\"tab\" href=\"#WordPress\">Varf\u00f6r v\u00e4lja oss?<\/a><\/li>\n<li class=\"\" data-original-title=\"\" title=\"\"><a data-toggle=\"tab\" href=\"#Plugin\">Mission<\/a><\/li>\n<li class=\"\" data-original-title=\"\" title=\"\"><a data-toggle=\"tab\" href=\"#Theme\">Vision<\/a><\/li>\n<\/ul>\n<div id=\"myTabContent\" class=\"tab-content\">\n<div id=\"WordPress\" class=\"tab-pane fade active in\">\n<p class=\"enigma_short_tabs_content\">\n&nbsp;<br \/>\n&nbsp;<i class=\"fa fa-check fa-lg\"><\/i> &nbsp;Vi s\u00e4tter oss in i jordbrukarens behov, krav och m\u00e5l, och detta vet vi eftersom vi har mer \u00e4n 100 \u00e5rs erfarenhet inom jordbruksindustrin<br \/>\n&nbsp;<i class=\"fa fa-check fa-lg\"><\/i> &nbsp;Vi har konkurrenskraftiga priser, skickliga tekniker, h\u00f6gsta kvalitet, finaste silos och den b\u00e4sta kundservice p\u00e5 marknaden just nu<br \/>\n&nbsp;<i class=\"fa fa-check fa-lg\"><\/i> &nbsp;Vi kan g\u00f6ra jordbrukarnas arbete enklare och l\u00e4ttare<br \/>\n&nbsp;<i class=\"fa fa-check fa-lg\"><\/i> &nbsp;Reducera arbetstid genom att anv\u00e4nda v\u00e5ra silos och kompletta system<br \/>\n&nbsp;<i class=\"fa fa-check fa-lg\"><\/i> &nbsp;Vi hj\u00e4lper jordbrukarna att f\u00f6rb\u00e4ttra sitt arbete med automatiserade och innovativa l\u00f6sningar som b\u00e4ttre uppfyller deras behov<br \/>\n&nbsp;<i class=\"fa fa-check fa-lg\"><\/i> &nbsp;Vi kan hj\u00e4lpa dig med att skapa ekologiskt odlade foder f\u00f6r dina djur<br \/>\n&nbsp;<i class=\"fa fa-check fa-lg\"><\/i> &nbsp;Vi l\u00f6ser problem med redan installerade system<br \/>\n&nbsp;<i class=\"fa fa-check fa-lg\"><\/i> &nbsp;Vi kan erbjuda unika tj\u00e4nster, renovering och optimering i f\u00f6rh\u00e5llande till dina specifika behov och krav <\/p>\n<\/div>\n<div id=\"Plugin\" class=\"tab-pane fade\">\n<p class=\"enigma_short_tabs_content\">\n&nbsp;<br \/>\n&nbsp;<i>V\u00e5rt uppdrag \u00e4r att utveckla och f\u00f6rb\u00e4ttra v\u00e5ra silos f\u00f6r att vara ledande inom jordbruks- och privat segmentet och erbjuda jordbrukare och \u00e5terf\u00f6rs\u00e4ljare en p\u00e5litlig och stabil produkt. Vi kommer att ge den b\u00e4sta servicen, renoveringar, optimeringar av silos och tillbeh\u00f6r, n\u00e4r som helst, f\u00f6r att m\u00f6ta v\u00e5ra kunders behov.<\/i> <\/p>\n<\/div>\n<div id=\"Theme\" class=\"tab-pane fade\">\n<p class=\"enigma_short_tabs_content\">\n&nbsp;<br \/>\n&nbsp;<i>V\u00e5r vision \u00e4r att vara v\u00e4rldsledande inom innovativa l\u00f6sningar som \u00e4r anpassade till jordbruks- och privatsegmentet n\u00e4r det g\u00e4ller inomhus silos och tillbeh\u00f6r. Vi kommer att erbjuda v\u00e5ra kunder kvalificerad r\u00e5dgivning n\u00e4r du anv\u00e4nder v\u00e5ra silos och tj\u00e4nster f\u00f6r att tillfredsst\u00e4lla b\u00f6nderna och \u00e5terf\u00f6rs\u00e4ljare globalt.<\/i> <\/p>\n<\/div>\n<\/div>\n<\/div>\n<\/div>\n<p><\/p>","protected":false},"excerpt":{"rendered":"<p>Silo producent med betoning p\u00e5 kvalitet och service Moseg\u00e5rd Silo startades \u00e5r 1977 av Ingrid och Kaj Pedersen. \u00d8gendahls Maskinfabrik A\/S tog \u00f6ver f\u00f6retaget den 2. december 2006. Vi vet vad som \u00e4r m\u00f6jligt och hur, d\u00e4rf\u00f6r kommer vi alltid med bra robusta l\u00f6sningar. Vi har h\u00f6gsta kompetens och skickliga tekniker som kan l\u00f6sa problem<\/p>\n","protected":false},"author":1,"featured_media":0,"parent":0,"menu_order":0,"comment_status":"closed","ping_status":"closed","template":"fullwidth.php","meta":{"_monsterinsights_skip_tracking":false,"_monsterinsights_sitenote_active":false,"_monsterinsights_sitenote_note":"","_monsterinsights_sitenote_category":0,"footnotes":""},"class_list":["post-1055","page","type-page","status-publish","hentry"],"yoast_head":"<!-- This site is optimized with the Yoast SEO plugin v27.5 - https:\/\/yoast.com\/product\/yoast-seo-wordpress\/ -->\n<title>Om oss - Moseg\u00e5rd Silo A\/S<\/title>\n<meta name=\"description\" content=\"Ordreproducerer med v\u00e6gt p\u00e5 kvalitet og service! Vi har den h\u00f8jeste ekspertise og dygtigste mont\u00f8rer! Tjekke Moseg\u00e5rd Silo hjemmeside og l\u00e6se mere om os!\" \/>\n<meta name=\"robots\" content=\"index, follow, max-snippet:-1, max-image-preview:large, max-video-preview:-1\" \/>\n<link rel=\"canonical\" href=\"https:\/\/silo.dk\/om-os\/\" \/>\n<meta property=\"og:locale\" content=\"sv_SE\" \/>\n<meta property=\"og:type\" content=\"article\" \/>\n<meta property=\"og:title\" content=\"[:DA]Om os[:en]About us[:de]\u00dcber uns[:sv]Om oss[:pl]O nas[:] - Moseg\u00e5rd Silo A\/S\" \/>\n<meta property=\"og:description\" content=\"Ordreproducerer med v\u00e6gt p\u00e5 kvalitet og service! Vi har den h\u00f8jeste ekspertise og dygtigste mont\u00f8rer! Tjekke Moseg\u00e5rd Silo hjemmeside og l\u00e6se mere om os!\" \/>\n<meta property=\"og:url\" content=\"https:\/\/silo.dk\/om-os\/\" \/>\n<meta property=\"og:site_name\" content=\"Moseg\u00e5rd Silo A\/S\" \/>\n<meta property=\"article:publisher\" content=\"https:\/\/www.facebook.com\/Oegendahls.Maskinfabrik\" \/>\n<meta property=\"article:modified_time\" content=\"2016-08-24T09:27:26+00:00\" \/>\n<meta property=\"og:image\" content=\"http:\/\/silo.dk\/wp-content\/uploads\/2015\/10\/mosegaard-silo-oendahls-mas.jpg\" \/>\n<meta name=\"twitter:card\" content=\"summary_large_image\" \/>\n<meta name=\"twitter:label1\" content=\"Ber\u00e4knad l\u00e4stid\" \/>\n\t<meta name=\"twitter:data1\" content=\"11 minuter\" \/>\n<script type=\"application\/ld+json\" class=\"yoast-schema-graph\">{\"@context\":\"https:\\\/\\\/schema.org\",\"@graph\":[{\"@type\":\"WebPage\",\"@id\":\"https:\\\/\\\/silo.dk\\\/om-os\\\/\",\"url\":\"https:\\\/\\\/silo.dk\\\/om-os\\\/\",\"name\":\"[:DA]Om os[:en]About us[:de]\u00dcber uns[:sv]Om oss[:pl]O nas[:] - Moseg\u00e5rd Silo A\\\/S\",\"isPartOf\":{\"@id\":\"https:\\\/\\\/silo.dk\\\/#website\"},\"primaryImageOfPage\":{\"@id\":\"https:\\\/\\\/silo.dk\\\/om-os\\\/#primaryimage\"},\"image\":{\"@id\":\"https:\\\/\\\/silo.dk\\\/om-os\\\/#primaryimage\"},\"thumbnailUrl\":\"http:\\\/\\\/silo.dk\\\/wp-content\\\/uploads\\\/2015\\\/10\\\/mosegaard-silo-oendahls-mas.jpg\",\"datePublished\":\"2015-10-11T18:00:54+00:00\",\"dateModified\":\"2016-08-24T09:27:26+00:00\",\"description\":\"Ordreproducerer med v\u00e6gt p\u00e5 kvalitet og service! Vi har den h\u00f8jeste ekspertise og dygtigste mont\u00f8rer! Tjekke Moseg\u00e5rd Silo hjemmeside og l\u00e6se mere om os!\",\"breadcrumb\":{\"@id\":\"https:\\\/\\\/silo.dk\\\/om-os\\\/#breadcrumb\"},\"inLanguage\":\"sv-SE\",\"potentialAction\":[{\"@type\":\"ReadAction\",\"target\":[\"https:\\\/\\\/silo.dk\\\/om-os\\\/\"]}]},{\"@type\":\"ImageObject\",\"inLanguage\":\"sv-SE\",\"@id\":\"https:\\\/\\\/silo.dk\\\/om-os\\\/#primaryimage\",\"url\":\"http:\\\/\\\/silo.dk\\\/wp-content\\\/uploads\\\/2015\\\/10\\\/mosegaard-silo-oendahls-mas.jpg\",\"contentUrl\":\"http:\\\/\\\/silo.dk\\\/wp-content\\\/uploads\\\/2015\\\/10\\\/mosegaard-silo-oendahls-mas.jpg\"},{\"@type\":\"BreadcrumbList\",\"@id\":\"https:\\\/\\\/silo.dk\\\/om-os\\\/#breadcrumb\",\"itemListElement\":[{\"@type\":\"ListItem\",\"position\":1,\"name\":\"Home\",\"item\":\"https:\\\/\\\/silo.dk\\\/\"},{\"@type\":\"ListItem\",\"position\":2,\"name\":\"Om os\"}]},{\"@type\":\"WebSite\",\"@id\":\"https:\\\/\\\/silo.dk\\\/#website\",\"url\":\"https:\\\/\\\/silo.dk\\\/\",\"name\":\"Moseg\u00e5rd Silo A\\\/S\",\"description\":\"Salg af siloer til det danske landbrug\",\"potentialAction\":[{\"@type\":\"SearchAction\",\"target\":{\"@type\":\"EntryPoint\",\"urlTemplate\":\"https:\\\/\\\/silo.dk\\\/?s={search_term_string}\"},\"query-input\":{\"@type\":\"PropertyValueSpecification\",\"valueRequired\":true,\"valueName\":\"search_term_string\"}}],\"inLanguage\":\"sv-SE\"}]}<\/script>\n<!-- \/ Yoast SEO plugin. -->","yoast_head_json":{"title":"[:DA]Om os[:en]About us[:de]\u00dcber uns[:sv]Om oss[:pl]O nas[:] - Moseg\u00e5rd Silo A\/S","description":"Ordreproducerer med v\u00e6gt p\u00e5 kvalitet og service! Vi har den h\u00f8jeste ekspertise og dygtigste mont\u00f8rer! Tjekke Moseg\u00e5rd Silo hjemmeside og l\u00e6se mere om os!","robots":{"index":"index","follow":"follow","max-snippet":"max-snippet:-1","max-image-preview":"max-image-preview:large","max-video-preview":"max-video-preview:-1"},"canonical":"https:\/\/silo.dk\/om-os\/","og_locale":"sv_SE","og_type":"article","og_title":"[:DA]Om os[:en]About us[:de]\u00dcber uns[:sv]Om oss[:pl]O nas[:] - Moseg\u00e5rd Silo A\/S","og_description":"Ordreproducerer med v\u00e6gt p\u00e5 kvalitet og service! Vi har den h\u00f8jeste ekspertise og dygtigste mont\u00f8rer! Tjekke Moseg\u00e5rd Silo hjemmeside og l\u00e6se mere om os!","og_url":"https:\/\/silo.dk\/om-os\/","og_site_name":"Moseg\u00e5rd Silo A\/S","article_publisher":"https:\/\/www.facebook.com\/Oegendahls.Maskinfabrik","article_modified_time":"2016-08-24T09:27:26+00:00","og_image":[{"url":"http:\/\/silo.dk\/wp-content\/uploads\/2015\/10\/mosegaard-silo-oendahls-mas.jpg","type":"","width":"","height":""}],"twitter_card":"summary_large_image","twitter_misc":{"Ber\u00e4knad l\u00e4stid":"11 minuter"},"schema":{"@context":"https:\/\/schema.org","@graph":[{"@type":"WebPage","@id":"https:\/\/silo.dk\/om-os\/","url":"https:\/\/silo.dk\/om-os\/","name":"[:DA]Om os[:en]About us[:de]\u00dcber uns[:sv]Om oss[:pl]O nas[:] - Moseg\u00e5rd Silo A\/S","isPartOf":{"@id":"https:\/\/silo.dk\/#website"},"primaryImageOfPage":{"@id":"https:\/\/silo.dk\/om-os\/#primaryimage"},"image":{"@id":"https:\/\/silo.dk\/om-os\/#primaryimage"},"thumbnailUrl":"http:\/\/silo.dk\/wp-content\/uploads\/2015\/10\/mosegaard-silo-oendahls-mas.jpg","datePublished":"2015-10-11T18:00:54+00:00","dateModified":"2016-08-24T09:27:26+00:00","description":"Ordreproducerer med v\u00e6gt p\u00e5 kvalitet og service! Vi har den h\u00f8jeste ekspertise og dygtigste mont\u00f8rer! Tjekke Moseg\u00e5rd Silo hjemmeside og l\u00e6se mere om os!","breadcrumb":{"@id":"https:\/\/silo.dk\/om-os\/#breadcrumb"},"inLanguage":"sv-SE","potentialAction":[{"@type":"ReadAction","target":["https:\/\/silo.dk\/om-os\/"]}]},{"@type":"ImageObject","inLanguage":"sv-SE","@id":"https:\/\/silo.dk\/om-os\/#primaryimage","url":"http:\/\/silo.dk\/wp-content\/uploads\/2015\/10\/mosegaard-silo-oendahls-mas.jpg","contentUrl":"http:\/\/silo.dk\/wp-content\/uploads\/2015\/10\/mosegaard-silo-oendahls-mas.jpg"},{"@type":"BreadcrumbList","@id":"https:\/\/silo.dk\/om-os\/#breadcrumb","itemListElement":[{"@type":"ListItem","position":1,"name":"Home","item":"https:\/\/silo.dk\/"},{"@type":"ListItem","position":2,"name":"Om os"}]},{"@type":"WebSite","@id":"https:\/\/silo.dk\/#website","url":"https:\/\/silo.dk\/","name":"Moseg\u00e5rd Silo A\/S","description":"Salg af siloer til det danske landbrug","potentialAction":[{"@type":"SearchAction","target":{"@type":"EntryPoint","urlTemplate":"https:\/\/silo.dk\/?s={search_term_string}"},"query-input":{"@type":"PropertyValueSpecification","valueRequired":true,"valueName":"search_term_string"}}],"inLanguage":"sv-SE"}]}},"_links":{"self":[{"href":"https:\/\/silo.dk\/sv\/wp-json\/wp\/v2\/pages\/1055","targetHints":{"allow":["GET"]}}],"collection":[{"href":"https:\/\/silo.dk\/sv\/wp-json\/wp\/v2\/pages"}],"about":[{"href":"https:\/\/silo.dk\/sv\/wp-json\/wp\/v2\/types\/page"}],"author":[{"embeddable":true,"href":"https:\/\/silo.dk\/sv\/wp-json\/wp\/v2\/users\/1"}],"replies":[{"embeddable":true,"href":"https:\/\/silo.dk\/sv\/wp-json\/wp\/v2\/comments?post=1055"}],"version-history":[{"count":116,"href":"https:\/\/silo.dk\/sv\/wp-json\/wp\/v2\/pages\/1055\/revisions"}],"predecessor-version":[{"id":2390,"href":"https:\/\/silo.dk\/sv\/wp-json\/wp\/v2\/pages\/1055\/revisions\/2390"}],"wp:attachment":[{"href":"https:\/\/silo.dk\/sv\/wp-json\/wp\/v2\/media?parent=1055"}],"curies":[{"name":"wp","href":"https:\/\/api.w.org\/{rel}","templated":true}]}}