
{"id":2543,"date":"2016-02-01T08:26:14","date_gmt":"2016-02-01T08:26:14","guid":{"rendered":"http:\/\/silo.dk\/?page_id=2543"},"modified":"2016-08-31T11:40:15","modified_gmt":"2016-08-31T11:40:15","slug":"generelle-vilkaar-betingelser","status":"publish","type":"page","link":"https:\/\/silo.dk\/sv\/generelle-vilkaar-betingelser\/","title":{"rendered":"(Danish) Generelle vilk\u00e5r og betingelser"},"content":{"rendered":"<p class=\"qtranxs-available-languages-message qtranxs-available-languages-message-sv\">Tyv\u00e4rr \u00e4r denna artikel enbart tillg\u00e4nglig p\u00e5 <a href=\"https:\/\/silo.dk\/DA\/wp-json\/wp\/v2\/pages\/2543\" class=\"qtranxs-available-language-link qtranxs-available-language-link-DA\" title=\"Danish\">Danish<\/a> och <a href=\"https:\/\/silo.dk\/en\/wp-json\/wp\/v2\/pages\/2543\" class=\"qtranxs-available-language-link qtranxs-available-language-link-en\" title=\"English\">English<\/a>.<\/p>","protected":false},"excerpt":{"rendered":"<p>Tyv\u00e4rr \u00e4r denna artikel enbart tillg\u00e4nglig p\u00e5 Danish och English.<\/p>\n","protected":false},"author":1,"featured_media":0,"parent":0,"menu_order":0,"comment_status":"closed","ping_status":"closed","template":"fullwidth.php","meta":{"_monsterinsights_skip_tracking":false,"_monsterinsights_sitenote_active":false,"_monsterinsights_sitenote_note":"","_monsterinsights_sitenote_category":0,"footnotes":""},"class_list":["post-2543","page","type-page","status-publish","hentry"],"yoast_head":"<!-- This site is optimized with the Yoast SEO plugin v27.5 - https:\/\/yoast.com\/product\/yoast-seo-wordpress\/ -->\n<title><\/title>\n<meta name=\"description\" content=\"Her I kan l\u00e6se mere om Moseg\u00e5rd Silo&#039;s vilk\u00e5r og betingelser. De f\u00f8lgende vilk\u00e5r og betingelser g\u00e6lder for denne og alle efterf\u00f8lgende..Se mere her\" \/>\n<meta name=\"robots\" content=\"index, follow, max-snippet:-1, max-image-preview:large, max-video-preview:-1\" \/>\n<link rel=\"canonical\" href=\"https:\/\/silo.dk\/generelle-vilkaar-betingelser\/\" \/>\n<meta property=\"og:locale\" content=\"sv_SE\" \/>\n<meta property=\"og:type\" content=\"article\" \/>\n<meta property=\"og:title\" content=\"[:DA]Generelle vilk\u00e5r og betingelser[:en]General Terms and Conditions[:] - Moseg\u00e5rd Silo A\/S\" \/>\n<meta property=\"og:description\" content=\"Her I kan l\u00e6se mere om Moseg\u00e5rd Silo&#039;s vilk\u00e5r og betingelser. De f\u00f8lgende vilk\u00e5r og betingelser g\u00e6lder for denne og alle efterf\u00f8lgende..Se mere her\" \/>\n<meta property=\"og:url\" content=\"https:\/\/silo.dk\/generelle-vilkaar-betingelser\/\" \/>\n<meta property=\"og:site_name\" content=\"Moseg\u00e5rd Silo A\/S\" \/>\n<meta property=\"article:publisher\" content=\"https:\/\/www.facebook.com\/Oegendahls.Maskinfabrik\" \/>\n<meta property=\"article:modified_time\" content=\"2016-08-31T11:40:15+00:00\" \/>\n<meta name=\"twitter:card\" content=\"summary_large_image\" \/>\n<meta name=\"twitter:label1\" content=\"Ber\u00e4knad l\u00e4stid\" \/>\n\t<meta name=\"twitter:data1\" content=\"32 minuter\" \/>\n<script type=\"application\/ld+json\" class=\"yoast-schema-graph\">{\"@context\":\"https:\\\/\\\/schema.org\",\"@graph\":[{\"@type\":\"WebPage\",\"@id\":\"https:\\\/\\\/silo.dk\\\/generelle-vilkaar-betingelser\\\/\",\"url\":\"https:\\\/\\\/silo.dk\\\/generelle-vilkaar-betingelser\\\/\",\"name\":\"[:DA]Generelle vilk\u00e5r og betingelser[:en]General Terms and Conditions[:] - Moseg\u00e5rd Silo A\\\/S\",\"isPartOf\":{\"@id\":\"https:\\\/\\\/silo.dk\\\/#website\"},\"datePublished\":\"2016-02-01T08:26:14+00:00\",\"dateModified\":\"2016-08-31T11:40:15+00:00\",\"description\":\"Her I kan l\u00e6se mere om Moseg\u00e5rd Silo's vilk\u00e5r og betingelser. De f\u00f8lgende vilk\u00e5r og betingelser g\u00e6lder for denne og alle efterf\u00f8lgende..Se mere her\",\"breadcrumb\":{\"@id\":\"https:\\\/\\\/silo.dk\\\/generelle-vilkaar-betingelser\\\/#breadcrumb\"},\"inLanguage\":\"sv-SE\",\"potentialAction\":[{\"@type\":\"ReadAction\",\"target\":[\"https:\\\/\\\/silo.dk\\\/generelle-vilkaar-betingelser\\\/\"]}]},{\"@type\":\"BreadcrumbList\",\"@id\":\"https:\\\/\\\/silo.dk\\\/generelle-vilkaar-betingelser\\\/#breadcrumb\",\"itemListElement\":[{\"@type\":\"ListItem\",\"position\":1,\"name\":\"Home\",\"item\":\"https:\\\/\\\/silo.dk\\\/\"},{\"@type\":\"ListItem\",\"position\":2,\"name\":\"Generelle vilk\u00e5r og betingelser\"}]},{\"@type\":\"WebSite\",\"@id\":\"https:\\\/\\\/silo.dk\\\/#website\",\"url\":\"https:\\\/\\\/silo.dk\\\/\",\"name\":\"Moseg\u00e5rd Silo A\\\/S\",\"description\":\"Salg af siloer til det danske landbrug\",\"potentialAction\":[{\"@type\":\"SearchAction\",\"target\":{\"@type\":\"EntryPoint\",\"urlTemplate\":\"https:\\\/\\\/silo.dk\\\/?s={search_term_string}\"},\"query-input\":{\"@type\":\"PropertyValueSpecification\",\"valueRequired\":true,\"valueName\":\"search_term_string\"}}],\"inLanguage\":\"sv-SE\"}]}<\/script>\n<!-- \/ Yoast SEO plugin. -->","yoast_head_json":{"title":"[:DA]Generelle vilk\u00e5r og betingelser[:en]General Terms and Conditions[:] - Moseg\u00e5rd Silo A\/S","description":"Her I kan l\u00e6se mere om Moseg\u00e5rd Silo's vilk\u00e5r og betingelser. De f\u00f8lgende vilk\u00e5r og betingelser g\u00e6lder for denne og alle efterf\u00f8lgende..Se mere her","robots":{"index":"index","follow":"follow","max-snippet":"max-snippet:-1","max-image-preview":"max-image-preview:large","max-video-preview":"max-video-preview:-1"},"canonical":"https:\/\/silo.dk\/generelle-vilkaar-betingelser\/","og_locale":"sv_SE","og_type":"article","og_title":"[:DA]Generelle vilk\u00e5r og betingelser[:en]General Terms and Conditions[:] - Moseg\u00e5rd Silo A\/S","og_description":"Her I kan l\u00e6se mere om Moseg\u00e5rd Silo's vilk\u00e5r og betingelser. De f\u00f8lgende vilk\u00e5r og betingelser g\u00e6lder for denne og alle efterf\u00f8lgende..Se mere her","og_url":"https:\/\/silo.dk\/generelle-vilkaar-betingelser\/","og_site_name":"Moseg\u00e5rd Silo A\/S","article_publisher":"https:\/\/www.facebook.com\/Oegendahls.Maskinfabrik","article_modified_time":"2016-08-31T11:40:15+00:00","twitter_card":"summary_large_image","twitter_misc":{"Ber\u00e4knad l\u00e4stid":"32 minuter"},"schema":{"@context":"https:\/\/schema.org","@graph":[{"@type":"WebPage","@id":"https:\/\/silo.dk\/generelle-vilkaar-betingelser\/","url":"https:\/\/silo.dk\/generelle-vilkaar-betingelser\/","name":"[:DA]Generelle vilk\u00e5r og betingelser[:en]General Terms and Conditions[:] - Moseg\u00e5rd Silo A\/S","isPartOf":{"@id":"https:\/\/silo.dk\/#website"},"datePublished":"2016-02-01T08:26:14+00:00","dateModified":"2016-08-31T11:40:15+00:00","description":"Her I kan l\u00e6se mere om Moseg\u00e5rd Silo's vilk\u00e5r og betingelser. De f\u00f8lgende vilk\u00e5r og betingelser g\u00e6lder for denne og alle efterf\u00f8lgende..Se mere her","breadcrumb":{"@id":"https:\/\/silo.dk\/generelle-vilkaar-betingelser\/#breadcrumb"},"inLanguage":"sv-SE","potentialAction":[{"@type":"ReadAction","target":["https:\/\/silo.dk\/generelle-vilkaar-betingelser\/"]}]},{"@type":"BreadcrumbList","@id":"https:\/\/silo.dk\/generelle-vilkaar-betingelser\/#breadcrumb","itemListElement":[{"@type":"ListItem","position":1,"name":"Home","item":"https:\/\/silo.dk\/"},{"@type":"ListItem","position":2,"name":"Generelle vilk\u00e5r og betingelser"}]},{"@type":"WebSite","@id":"https:\/\/silo.dk\/#website","url":"https:\/\/silo.dk\/","name":"Moseg\u00e5rd Silo A\/S","description":"Salg af siloer til det danske landbrug","potentialAction":[{"@type":"SearchAction","target":{"@type":"EntryPoint","urlTemplate":"https:\/\/silo.dk\/?s={search_term_string}"},"query-input":{"@type":"PropertyValueSpecification","valueRequired":true,"valueName":"search_term_string"}}],"inLanguage":"sv-SE"}]}},"_links":{"self":[{"href":"https:\/\/silo.dk\/sv\/wp-json\/wp\/v2\/pages\/2543","targetHints":{"allow":["GET"]}}],"collection":[{"href":"https:\/\/silo.dk\/sv\/wp-json\/wp\/v2\/pages"}],"about":[{"href":"https:\/\/silo.dk\/sv\/wp-json\/wp\/v2\/types\/page"}],"author":[{"embeddable":true,"href":"https:\/\/silo.dk\/sv\/wp-json\/wp\/v2\/users\/1"}],"replies":[{"embeddable":true,"href":"https:\/\/silo.dk\/sv\/wp-json\/wp\/v2\/comments?post=2543"}],"version-history":[{"count":6,"href":"https:\/\/silo.dk\/sv\/wp-json\/wp\/v2\/pages\/2543\/revisions"}],"predecessor-version":[{"id":2550,"href":"https:\/\/silo.dk\/sv\/wp-json\/wp\/v2\/pages\/2543\/revisions\/2550"}],"wp:attachment":[{"href":"https:\/\/silo.dk\/sv\/wp-json\/wp\/v2\/media?parent=2543"}],"curies":[{"name":"wp","href":"https:\/\/api.w.org\/{rel}","templated":true}]}}