
{"id":2733,"date":"2016-08-24T11:40:53","date_gmt":"2016-08-24T11:40:53","guid":{"rendered":"http:\/\/silo.dk\/?page_id=2733"},"modified":"2016-08-31T11:41:34","modified_gmt":"2016-08-31T11:41:34","slug":"salgsbetingelser","status":"publish","type":"page","link":"https:\/\/silo.dk\/sv\/salgsbetingelser\/","title":{"rendered":"Vilk\u00e5r og salgsbetingelser"},"content":{"rendered":"<p>L\u00e6se venligst vores vilk\u00e5r og salgsbetingelser omhyggeligt igennem, f\u00f8r I bestiller.\u00a0N\u00e5r I bestiller produkter hos os, accepterer I disse vilk\u00e5r og salgsbetingelser.<\/p>\n<p><strong>F\u00f8lgende er g\u00e6ldende ved levering af alle \u00d8gendahls Maskinfabrik A\/S og Moseg\u00e5rd Silo A\/S produkter:<\/strong><\/p>\n<p>P\u00e5 ops\u00e6tningspladsen skal der v\u00e6re en k\u00f8rbar vej for en lastbil op til 20m, der hvor produktet skal opstilles samt mulighed for at koble s\u00e6ttevogn fra, s\u00e5 lastbilen kan holde ved siden af. Kunden sikrer en passende adgang til byggepladsen, b\u00e6redygtigt gulv, tilstr\u00e6kkelig plads til afl\u00e6sning og ordentlige arbejds forhold til montagearbejdet. Kunden er forpligtet til at levere elektricitet, belysning, samt sikre at testk\u00f8rsel af installationen kan foretages uden hindringer.<\/p>\n<p><strong>Leveringsvilk\u00e5r:\u00a0<\/strong> Sker ab. fabrik. \u00d8gendahls Maskinfabrik og Moseg\u00e5rd Silo er uden ansvar, s\u00e5fremt leveringstidspunktet \u00e6ndres eller forsinkes p\u00e5 grund af arbejdskonflikt og enhver anden omst\u00e6ndighed, som \u00d8gendahls Maskinfabrik og Moseg\u00e5rd Silo ikke er herre over, f.eks. brand, krig, valutarestriktioner, mangler p\u00e5 transportmidler, almindelig vareknaphed m.v.<\/p>\n<p><strong>Leveringstid:<\/strong>\u00a0ift. den aftalte leveringsdato<\/p>\n<p><strong>Tilbuddets gyldighed:<\/strong> Tilbuddet er g\u00e6ldende i 30 dage. \u00d8gendahls Maskinfabrik og Moseg\u00e5rd Silo forbeholder sig ret til uden varsel at \u00e6ndre eller tilbagekalde udest\u00e5ende tilbud<\/p>\n<p><strong>Pris:<\/strong>\u00a0Alle priser er dagspriser og er ekskl. moms i den angivne valuta. \u00d8gendahls Maskinfabrik og Moseg\u00e5rd Silo er berettiget til at foretage \u00e6ndring af priser, hvis der indtr\u00e6ffer \u00e6ndringer i materialetilf\u00f8rsler, r\u00e5varepriser, l\u00f8nninger, valutakurser eller andre forhold udenfor \u00d8gendahls Maskinfabrik\u2019s og Moseg\u00e5rd Silo\u2019s kontrol, herunder told, fragt og forsikringstakst m.v.<\/p>\n<p><strong>Betaling:<\/strong>\u00a0Betaling for leverancer skal ske i henhold til ordrebekr\u00e6ftelsen eller, hvis en s\u00e5dan ikke findes, i henhold til de p\u00e5 faktura p\u00e5trykte betalingsbetingelser. K\u00f8ber er ikke \u00a0berettiget til at tilbageholde betaling pga. eventuelle modkrav. Ved betaling senere end forann\u00e6vnte betalingsdato over den til enhver tid g\u00e6ldende officielle danske diskonto, fra forfaldsdag og indtil betaling sker. Ved udsendelse af rykkeskrivelse p\u00e5l\u00e6gges et gebyr p\u00e5 95 kr. Derefter beregnes rente med 2% pr. p\u00e5begyndt m\u00e5ned.<\/p>\n<p>Moseg\u00e5rd Silo og \u00d8gendahls Maskinfabrik er kun forpligtet til at udf\u00f8re arbejdet, n\u00e5r kunden har betalt den aftalte forudbetaling og har opfyldt alle andre forpligtelser, der p\u00e5hviler kunden.<br \/>\n&#8211; \u00a0Ved ordrer og bel\u00f8b over 100.000 kr.<br \/>\n&#8211; \u00a0Betales aconto 30% af bel\u00f8bet med 7 dages netto forud.<br \/>\n&#8211; \u00a0De resterende 70% betales med 14 dages kredit fra levering.<br \/>\n&#8211; \u00a0Priserne er ekskl. moms<\/p>\n<p>Skulle der v\u00e6re sp\u00f8rgsm\u00e5l skal du v\u00e6re velkommen til at kontakte os.<\/p>\n<p><strong><em>Med venlig hilsen,<br \/>\n<\/em><\/strong>Jacob \u00d8gendahl<br \/>\nDirekt\u00f8r<strong><em><br \/>\n<\/em><\/strong><\/p>\n<p><strong>\u00d8gendahls Maskinfabrik A\/S &amp; Moseg\u00e5rd Silo A\/S<br \/>\n<\/strong>Jupitervej 16A 7620 Lemvig<br \/>\n+45 9782 0582 I +45 9713 1547<br \/>\n<a href=\"mailto:info@oegendahl.dk\">info@oegendahl.dk<\/a> I <a href=\"mailto:mosegaard@silo.dk\">mosegaard@silo.dk<\/a><br \/>\nCVR nr.: 76787018<\/p>\n<p>&nbsp;<\/p>","protected":false},"excerpt":{"rendered":"<p>L\u00e6se venligst vores vilk\u00e5r og salgsbetingelser omhyggeligt igennem, f\u00f8r I bestiller.\u00a0N\u00e5r I bestiller produkter hos os, accepterer I disse vilk\u00e5r og salgsbetingelser. F\u00f8lgende er g\u00e6ldende ved levering af alle \u00d8gendahls Maskinfabrik A\/S og Moseg\u00e5rd Silo A\/S produkter: P\u00e5 ops\u00e6tningspladsen skal der v\u00e6re en k\u00f8rbar vej for en lastbil op til 20m, der hvor produktet skal<\/p>\n","protected":false},"author":1,"featured_media":0,"parent":0,"menu_order":0,"comment_status":"closed","ping_status":"closed","template":"fullwidth.php","meta":{"_monsterinsights_skip_tracking":false,"_monsterinsights_sitenote_active":false,"_monsterinsights_sitenote_note":"","_monsterinsights_sitenote_category":0,"footnotes":""},"class_list":["post-2733","page","type-page","status-publish","hentry"],"yoast_head":"<!-- This site is optimized with the Yoast SEO plugin v27.5 - https:\/\/yoast.com\/product\/yoast-seo-wordpress\/ -->\n<title>Vilk\u00e5r og salgsbetingelser - Moseg\u00e5rd Silo A\/S<\/title>\n<meta name=\"description\" content=\"L\u00e6se venligst Moseg\u00e5rd Silo&#039;s vilk\u00e5r &amp; salgsbetingelser omhyggeligt igennem.\u00a0N\u00e5r I bestiller produkter hos os... Se mere om vores salgsbetingelser her!\" \/>\n<meta name=\"robots\" content=\"index, follow, max-snippet:-1, max-image-preview:large, max-video-preview:-1\" \/>\n<link rel=\"canonical\" href=\"https:\/\/silo.dk\/salgsbetingelser\/\" \/>\n<meta property=\"og:locale\" content=\"sv_SE\" \/>\n<meta property=\"og:type\" content=\"article\" \/>\n<meta property=\"og:title\" content=\"[:DA]Salgsbetingelser[:en]Terms and conditions of sale[:de]Allgemeinen Verkaufsbedingungen[:sv]Vilk\u00e5r og salgsbetingelser[:] - Moseg\u00e5rd Silo A\/S\" \/>\n<meta property=\"og:description\" content=\"L\u00e6se venligst Moseg\u00e5rd Silo&#039;s vilk\u00e5r &amp; salgsbetingelser omhyggeligt igennem.\u00a0N\u00e5r I bestiller produkter hos os... Se mere om vores salgsbetingelser her!\" \/>\n<meta property=\"og:url\" content=\"https:\/\/silo.dk\/salgsbetingelser\/\" \/>\n<meta property=\"og:site_name\" content=\"Moseg\u00e5rd Silo A\/S\" \/>\n<meta property=\"article:publisher\" content=\"https:\/\/www.facebook.com\/Oegendahls.Maskinfabrik\" \/>\n<meta property=\"article:modified_time\" content=\"2016-08-31T11:41:34+00:00\" \/>\n<meta name=\"twitter:card\" content=\"summary_large_image\" \/>\n<meta name=\"twitter:label1\" content=\"Ber\u00e4knad l\u00e4stid\" \/>\n\t<meta name=\"twitter:data1\" content=\"10 minuter\" \/>\n<script type=\"application\/ld+json\" class=\"yoast-schema-graph\">{\"@context\":\"https:\\\/\\\/schema.org\",\"@graph\":[{\"@type\":\"WebPage\",\"@id\":\"https:\\\/\\\/silo.dk\\\/salgsbetingelser\\\/\",\"url\":\"https:\\\/\\\/silo.dk\\\/salgsbetingelser\\\/\",\"name\":\"[:DA]Salgsbetingelser[:en]Terms and conditions of sale[:de]Allgemeinen Verkaufsbedingungen[:sv]Vilk\u00e5r og salgsbetingelser[:] - Moseg\u00e5rd Silo A\\\/S\",\"isPartOf\":{\"@id\":\"https:\\\/\\\/silo.dk\\\/#website\"},\"datePublished\":\"2016-08-24T11:40:53+00:00\",\"dateModified\":\"2016-08-31T11:41:34+00:00\",\"description\":\"L\u00e6se venligst Moseg\u00e5rd Silo's vilk\u00e5r & salgsbetingelser omhyggeligt igennem.\u00a0N\u00e5r I bestiller produkter hos os... Se mere om vores salgsbetingelser her!\",\"breadcrumb\":{\"@id\":\"https:\\\/\\\/silo.dk\\\/salgsbetingelser\\\/#breadcrumb\"},\"inLanguage\":\"sv-SE\",\"potentialAction\":[{\"@type\":\"ReadAction\",\"target\":[\"https:\\\/\\\/silo.dk\\\/salgsbetingelser\\\/\"]}]},{\"@type\":\"BreadcrumbList\",\"@id\":\"https:\\\/\\\/silo.dk\\\/salgsbetingelser\\\/#breadcrumb\",\"itemListElement\":[{\"@type\":\"ListItem\",\"position\":1,\"name\":\"Home\",\"item\":\"https:\\\/\\\/silo.dk\\\/\"},{\"@type\":\"ListItem\",\"position\":2,\"name\":\"Salgsbetingelser\"}]},{\"@type\":\"WebSite\",\"@id\":\"https:\\\/\\\/silo.dk\\\/#website\",\"url\":\"https:\\\/\\\/silo.dk\\\/\",\"name\":\"Moseg\u00e5rd Silo A\\\/S\",\"description\":\"Salg af siloer til det danske landbrug\",\"potentialAction\":[{\"@type\":\"SearchAction\",\"target\":{\"@type\":\"EntryPoint\",\"urlTemplate\":\"https:\\\/\\\/silo.dk\\\/?s={search_term_string}\"},\"query-input\":{\"@type\":\"PropertyValueSpecification\",\"valueRequired\":true,\"valueName\":\"search_term_string\"}}],\"inLanguage\":\"sv-SE\"}]}<\/script>\n<!-- \/ Yoast SEO plugin. -->","yoast_head_json":{"title":"[:DA]Salgsbetingelser[:en]Terms and conditions of sale[:de]Allgemeinen Verkaufsbedingungen[:sv]Vilk\u00e5r og salgsbetingelser[:] - Moseg\u00e5rd Silo A\/S","description":"L\u00e6se venligst Moseg\u00e5rd Silo's vilk\u00e5r & salgsbetingelser omhyggeligt igennem.\u00a0N\u00e5r I bestiller produkter hos os... Se mere om vores salgsbetingelser her!","robots":{"index":"index","follow":"follow","max-snippet":"max-snippet:-1","max-image-preview":"max-image-preview:large","max-video-preview":"max-video-preview:-1"},"canonical":"https:\/\/silo.dk\/salgsbetingelser\/","og_locale":"sv_SE","og_type":"article","og_title":"[:DA]Salgsbetingelser[:en]Terms and conditions of sale[:de]Allgemeinen Verkaufsbedingungen[:sv]Vilk\u00e5r og salgsbetingelser[:] - Moseg\u00e5rd Silo A\/S","og_description":"L\u00e6se venligst Moseg\u00e5rd Silo's vilk\u00e5r & salgsbetingelser omhyggeligt igennem.\u00a0N\u00e5r I bestiller produkter hos os... Se mere om vores salgsbetingelser her!","og_url":"https:\/\/silo.dk\/salgsbetingelser\/","og_site_name":"Moseg\u00e5rd Silo A\/S","article_publisher":"https:\/\/www.facebook.com\/Oegendahls.Maskinfabrik","article_modified_time":"2016-08-31T11:41:34+00:00","twitter_card":"summary_large_image","twitter_misc":{"Ber\u00e4knad l\u00e4stid":"10 minuter"},"schema":{"@context":"https:\/\/schema.org","@graph":[{"@type":"WebPage","@id":"https:\/\/silo.dk\/salgsbetingelser\/","url":"https:\/\/silo.dk\/salgsbetingelser\/","name":"[:DA]Salgsbetingelser[:en]Terms and conditions of sale[:de]Allgemeinen Verkaufsbedingungen[:sv]Vilk\u00e5r og salgsbetingelser[:] - Moseg\u00e5rd Silo A\/S","isPartOf":{"@id":"https:\/\/silo.dk\/#website"},"datePublished":"2016-08-24T11:40:53+00:00","dateModified":"2016-08-31T11:41:34+00:00","description":"L\u00e6se venligst Moseg\u00e5rd Silo's vilk\u00e5r & salgsbetingelser omhyggeligt igennem.\u00a0N\u00e5r I bestiller produkter hos os... Se mere om vores salgsbetingelser her!","breadcrumb":{"@id":"https:\/\/silo.dk\/salgsbetingelser\/#breadcrumb"},"inLanguage":"sv-SE","potentialAction":[{"@type":"ReadAction","target":["https:\/\/silo.dk\/salgsbetingelser\/"]}]},{"@type":"BreadcrumbList","@id":"https:\/\/silo.dk\/salgsbetingelser\/#breadcrumb","itemListElement":[{"@type":"ListItem","position":1,"name":"Home","item":"https:\/\/silo.dk\/"},{"@type":"ListItem","position":2,"name":"Salgsbetingelser"}]},{"@type":"WebSite","@id":"https:\/\/silo.dk\/#website","url":"https:\/\/silo.dk\/","name":"Moseg\u00e5rd Silo A\/S","description":"Salg af siloer til det danske landbrug","potentialAction":[{"@type":"SearchAction","target":{"@type":"EntryPoint","urlTemplate":"https:\/\/silo.dk\/?s={search_term_string}"},"query-input":{"@type":"PropertyValueSpecification","valueRequired":true,"valueName":"search_term_string"}}],"inLanguage":"sv-SE"}]}},"_links":{"self":[{"href":"https:\/\/silo.dk\/sv\/wp-json\/wp\/v2\/pages\/2733","targetHints":{"allow":["GET"]}}],"collection":[{"href":"https:\/\/silo.dk\/sv\/wp-json\/wp\/v2\/pages"}],"about":[{"href":"https:\/\/silo.dk\/sv\/wp-json\/wp\/v2\/types\/page"}],"author":[{"embeddable":true,"href":"https:\/\/silo.dk\/sv\/wp-json\/wp\/v2\/users\/1"}],"replies":[{"embeddable":true,"href":"https:\/\/silo.dk\/sv\/wp-json\/wp\/v2\/comments?post=2733"}],"version-history":[{"count":7,"href":"https:\/\/silo.dk\/sv\/wp-json\/wp\/v2\/pages\/2733\/revisions"}],"predecessor-version":[{"id":2740,"href":"https:\/\/silo.dk\/sv\/wp-json\/wp\/v2\/pages\/2733\/revisions\/2740"}],"wp:attachment":[{"href":"https:\/\/silo.dk\/sv\/wp-json\/wp\/v2\/media?parent=2733"}],"curies":[{"name":"wp","href":"https:\/\/api.w.org\/{rel}","templated":true}]}}