
{"id":39,"date":"2015-03-11T20:06:46","date_gmt":"2015-03-11T20:06:46","guid":{"rendered":"http:\/\/dionne.pundirwebsolutions.com\/?page_id=39"},"modified":"2017-08-03T10:59:04","modified_gmt":"2017-08-03T10:59:04","slug":"home","status":"publish","type":"page","link":"https:\/\/silo.dk\/sv\/","title":{"rendered":"Moseg\u00e5rd Silo &#8211; <span class = \"style4\"> professionell lagring av foder. Levereras som standard 1t.-24,6 ton. <\/span>"},"content":{"rendered":"<p><\/p>\n<ul>\n<li>silokoner \u00e4r tillverkade av stark fyrkantsr\u00f6r, vinkel och U-profiler. Konen levereras helsvetsade, primas och m\u00e5lade med bl\u00e5 hammare.<\/li>\n<\/ul>\n<ul>\n<li>Konen \u00e4r utrustad med tv\u00e5 luckor och l\u00e5ga partitioner, s\u00e5 det handlar om 300-400 kg foder baksidan av silon, n\u00e4r den ena sidan dr\u00e4neras.<\/li>\n<\/ul>\n<ul>\n<li>Sidorna \u00e4r tillverkade av 22 mm sp\u00e5nskiva eller vit melamin belagd sp\u00e5nskivor i s\u00e4rskild kvalitet.<\/li>\n<\/ul>\n<ul>\n<li>Alla silos kan utrustas med 100 mm st\u00e5lr\u00f6r f\u00f6r leverans fr\u00e5n foderbus.<\/li>\n<\/ul>\n<ul>\n<li>silos kan via Moseg\u00e5rds stort urval av adaptrar anslutna blandnings kvarnar, matare och snegleudtag mm<\/li>\n<\/ul>\n<ul>\n<li>Stort utbud av tillbeh\u00f6r f\u00f6r silor.<\/li>\n<\/ul>\n<ul>\n<li>Speciella konstruktioner kan g\u00f6ras p\u00e5 best\u00e4llning.<\/li>\n<\/ul>\n<p><\/p>","protected":false},"excerpt":{"rendered":"<p>silokoner \u00e4r tillverkade av stark fyrkantsr\u00f6r, vinkel och U-profiler. Konen levereras helsvetsade, primas och m\u00e5lade med bl\u00e5 hammare. Konen \u00e4r utrustad med tv\u00e5 luckor och l\u00e5ga partitioner, s\u00e5 det handlar om 300-400 kg foder baksidan av silon, n\u00e4r den ena sidan dr\u00e4neras. Sidorna \u00e4r tillverkade av 22 mm sp\u00e5nskiva eller vit melamin belagd sp\u00e5nskivor i<\/p>\n","protected":false},"author":1,"featured_media":0,"parent":0,"menu_order":0,"comment_status":"closed","ping_status":"closed","template":"","meta":{"_monsterinsights_skip_tracking":false,"_monsterinsights_sitenote_active":false,"_monsterinsights_sitenote_note":"","_monsterinsights_sitenote_category":0,"footnotes":""},"class_list":["post-39","page","type-page","status-publish","hentry"],"yoast_head":"<!-- This site is optimized with the Yoast SEO plugin v27.5 - https:\/\/yoast.com\/product\/yoast-seo-wordpress\/ -->\n<title>Mosegaard Silo A\/S - Professionel Opbevaring af Foder!<\/title>\n<meta name=\"description\" content=\"Moseg\u00e5rd Silo -store udvalg af siloer, overgangsstykker, blanderier, fodermaskiner, snegleudtag! Specielle udf\u00f8relser af silo tilpasset vores kunders behov!\" \/>\n<meta name=\"robots\" content=\"index, follow, max-snippet:-1, max-image-preview:large, max-video-preview:-1\" \/>\n<link rel=\"canonical\" href=\"https:\/\/silo.dk\/\" \/>\n<meta property=\"og:locale\" content=\"sv_SE\" \/>\n<meta property=\"og:type\" content=\"article\" \/>\n<meta property=\"og:title\" content=\"Mosegaard Silo A\/S - Professionel Opbevaring af Foder!\" \/>\n<meta property=\"og:description\" content=\"Moseg\u00e5rd Silo -store udvalg af siloer, overgangsstykker, blanderier, fodermaskiner, snegleudtag! Specielle udf\u00f8relser af silo tilpasset vores kunders behov!\" \/>\n<meta property=\"og:url\" content=\"https:\/\/silo.dk\/\" \/>\n<meta property=\"og:site_name\" content=\"Moseg\u00e5rd Silo A\/S\" \/>\n<meta property=\"article:publisher\" content=\"https:\/\/www.facebook.com\/Oegendahls.Maskinfabrik\" \/>\n<meta property=\"article:modified_time\" content=\"2017-08-03T10:59:04+00:00\" \/>\n<meta name=\"twitter:card\" content=\"summary_large_image\" \/>\n<meta name=\"twitter:label1\" content=\"Ber\u00e4knad l\u00e4stid\" \/>\n\t<meta name=\"twitter:data1\" content=\"3 minuter\" \/>\n<script type=\"application\/ld+json\" class=\"yoast-schema-graph\">{\"@context\":\"https:\\\/\\\/schema.org\",\"@graph\":[{\"@type\":\"WebPage\",\"@id\":\"https:\\\/\\\/silo.dk\\\/\",\"url\":\"https:\\\/\\\/silo.dk\\\/\",\"name\":\"Mosegaard Silo A\\\/S - Professionel Opbevaring af Foder!\",\"isPartOf\":{\"@id\":\"https:\\\/\\\/silo.dk\\\/#website\"},\"datePublished\":\"2015-03-11T20:06:46+00:00\",\"dateModified\":\"2017-08-03T10:59:04+00:00\",\"description\":\"Moseg\u00e5rd Silo -store udvalg af siloer, overgangsstykker, blanderier, fodermaskiner, snegleudtag! Specielle udf\u00f8relser af silo tilpasset vores kunders behov!\",\"breadcrumb\":{\"@id\":\"https:\\\/\\\/silo.dk\\\/#breadcrumb\"},\"inLanguage\":\"sv-SE\",\"potentialAction\":[{\"@type\":\"ReadAction\",\"target\":[\"https:\\\/\\\/silo.dk\\\/\"]}]},{\"@type\":\"BreadcrumbList\",\"@id\":\"https:\\\/\\\/silo.dk\\\/#breadcrumb\",\"itemListElement\":[{\"@type\":\"ListItem\",\"position\":1,\"name\":\"Home\",\"item\":\"https:\\\/\\\/silo.dk\\\/\"},{\"@type\":\"ListItem\",\"position\":2,\"name\":\"Moseg\u00e5rd Silo -professionel opbevaring af foder.\"}]},{\"@type\":\"WebSite\",\"@id\":\"https:\\\/\\\/silo.dk\\\/#website\",\"url\":\"https:\\\/\\\/silo.dk\\\/\",\"name\":\"Moseg\u00e5rd Silo A\\\/S\",\"description\":\"Salg af siloer til det danske landbrug\",\"potentialAction\":[{\"@type\":\"SearchAction\",\"target\":{\"@type\":\"EntryPoint\",\"urlTemplate\":\"https:\\\/\\\/silo.dk\\\/?s={search_term_string}\"},\"query-input\":{\"@type\":\"PropertyValueSpecification\",\"valueRequired\":true,\"valueName\":\"search_term_string\"}}],\"inLanguage\":\"sv-SE\"}]}<\/script>\n<!-- \/ Yoast SEO plugin. -->","yoast_head_json":{"title":"Mosegaard Silo A\/S - Professionel Opbevaring af Foder!","description":"Moseg\u00e5rd Silo -store udvalg af siloer, overgangsstykker, blanderier, fodermaskiner, snegleudtag! Specielle udf\u00f8relser af silo tilpasset vores kunders behov!","robots":{"index":"index","follow":"follow","max-snippet":"max-snippet:-1","max-image-preview":"max-image-preview:large","max-video-preview":"max-video-preview:-1"},"canonical":"https:\/\/silo.dk\/","og_locale":"sv_SE","og_type":"article","og_title":"Mosegaard Silo A\/S - Professionel Opbevaring af Foder!","og_description":"Moseg\u00e5rd Silo -store udvalg af siloer, overgangsstykker, blanderier, fodermaskiner, snegleudtag! Specielle udf\u00f8relser af silo tilpasset vores kunders behov!","og_url":"https:\/\/silo.dk\/","og_site_name":"Moseg\u00e5rd Silo A\/S","article_publisher":"https:\/\/www.facebook.com\/Oegendahls.Maskinfabrik","article_modified_time":"2017-08-03T10:59:04+00:00","twitter_card":"summary_large_image","twitter_misc":{"Ber\u00e4knad l\u00e4stid":"3 minuter"},"schema":{"@context":"https:\/\/schema.org","@graph":[{"@type":"WebPage","@id":"https:\/\/silo.dk\/","url":"https:\/\/silo.dk\/","name":"Mosegaard Silo A\/S - Professionel Opbevaring af Foder!","isPartOf":{"@id":"https:\/\/silo.dk\/#website"},"datePublished":"2015-03-11T20:06:46+00:00","dateModified":"2017-08-03T10:59:04+00:00","description":"Moseg\u00e5rd Silo -store udvalg af siloer, overgangsstykker, blanderier, fodermaskiner, snegleudtag! Specielle udf\u00f8relser af silo tilpasset vores kunders behov!","breadcrumb":{"@id":"https:\/\/silo.dk\/#breadcrumb"},"inLanguage":"sv-SE","potentialAction":[{"@type":"ReadAction","target":["https:\/\/silo.dk\/"]}]},{"@type":"BreadcrumbList","@id":"https:\/\/silo.dk\/#breadcrumb","itemListElement":[{"@type":"ListItem","position":1,"name":"Home","item":"https:\/\/silo.dk\/"},{"@type":"ListItem","position":2,"name":"Moseg\u00e5rd Silo -professionel opbevaring af foder."}]},{"@type":"WebSite","@id":"https:\/\/silo.dk\/#website","url":"https:\/\/silo.dk\/","name":"Moseg\u00e5rd Silo A\/S","description":"Salg af siloer til det danske landbrug","potentialAction":[{"@type":"SearchAction","target":{"@type":"EntryPoint","urlTemplate":"https:\/\/silo.dk\/?s={search_term_string}"},"query-input":{"@type":"PropertyValueSpecification","valueRequired":true,"valueName":"search_term_string"}}],"inLanguage":"sv-SE"}]}},"_links":{"self":[{"href":"https:\/\/silo.dk\/sv\/wp-json\/wp\/v2\/pages\/39","targetHints":{"allow":["GET"]}}],"collection":[{"href":"https:\/\/silo.dk\/sv\/wp-json\/wp\/v2\/pages"}],"about":[{"href":"https:\/\/silo.dk\/sv\/wp-json\/wp\/v2\/types\/page"}],"author":[{"embeddable":true,"href":"https:\/\/silo.dk\/sv\/wp-json\/wp\/v2\/users\/1"}],"replies":[{"embeddable":true,"href":"https:\/\/silo.dk\/sv\/wp-json\/wp\/v2\/comments?post=39"}],"version-history":[{"count":36,"href":"https:\/\/silo.dk\/sv\/wp-json\/wp\/v2\/pages\/39\/revisions"}],"predecessor-version":[{"id":2756,"href":"https:\/\/silo.dk\/sv\/wp-json\/wp\/v2\/pages\/39\/revisions\/2756"}],"wp:attachment":[{"href":"https:\/\/silo.dk\/sv\/wp-json\/wp\/v2\/media?parent=39"}],"curies":[{"name":"wp","href":"https:\/\/api.w.org\/{rel}","templated":true}]}}