
{"id":490,"date":"2015-03-21T16:47:42","date_gmt":"2015-03-21T16:47:42","guid":{"rendered":"http:\/\/silo.dk\/?page_id=490"},"modified":"2017-08-03T11:12:46","modified_gmt":"2017-08-03T11:12:46","slug":"type-20049","status":"publish","type":"page","link":"https:\/\/silo.dk\/sv\/siloer\/type-20049\/","title":{"rendered":"Silo Typ 200\/49\u00b0"},"content":{"rendered":"<p><\/p>\n<h3>Standard \u00f6verbyggningar<\/h3>\n<p><img loading=\"lazy\" decoding=\"async\" class=\"alignleft size-medium wp-image-491\" src=\"http:\/\/silo.dk\/wp-content\/uploads\/2015\/03\/side1-7-N-232x300.jpg\" alt=\"T:work 63cmkatalog s-h5-opstilling Model (1)\" width=\"205\" height=\"300\" \/><img loading=\"lazy\" decoding=\"async\" class=\"alignright size-medium wp-image-492\" src=\"http:\/\/silo.dk\/wp-content\/uploads\/2015\/03\/side1-7-O-232x300.jpg\" alt=\"T:ASYMBSILOSILO55-5-4-63 Model (1)\" width=\"205\" height=\"300\" \/><\/p>\n<table border=\"1\" width=\"464\" bgcolor=\"#F8F8F8\">\n<tbody>\n<tr>\n<th scope=\"row\" width=\"132\">\n<div align=\"left\">Platsbehov<\/div>\n<\/th>\n<td width=\"316\">\n<div align=\"right\">210x210cm<\/div>\n<\/td>\n<\/tr>\n<tr>\n<th scope=\"row\">\n<div align=\"left\">Utlopp<\/div>\n<\/th>\n<td>\n<div align=\"right\">45&#215;45 cm<\/div>\n<\/td>\n<\/tr>\n<tr>\n<th scope=\"row\">\n<div align=\"left\">Frih\u00f6jd under utlopp<\/div>\n<\/th>\n<td>\n<div align=\"right\">90 cm<\/div>\n<\/td>\n<\/tr>\n<tr>\n<th scope=\"row\">\n<div align=\"left\">Lutningsgrad<\/div>\n<\/th>\n<td>\n<div align=\"right\">49\u00b0<\/div>\n<\/td>\n<\/tr>\n<tr>\n<th scope=\"row\">\n<div align=\"left\">H\u00f6jd p\u00e5 St\u00e5lbotten<\/div>\n<\/th>\n<td>\n<div align=\"right\">94 cm<\/div>\n<\/td>\n<\/tr>\n<tr>\n<th scope=\"row\">\n<div align=\"left\">Inneh\u00e5ll i botten<\/div>\n<\/th>\n<td>\n<div align=\"right\">1,5 m3<\/div>\n<\/td>\n<\/tr>\n<\/tbody>\n<\/table>\n<p>\u00a0<\/p>\n<table border=\"1\" width=\"464\" bgcolor=\"#FFFFFF\">\n<tbody>\n<tr>\n<th scope=\"row\" width=\"132\">\n<div align=\"left\">Varunr.: K5<\/div>\n<\/th>\n<td width=\"316\">\n<div align=\"right\">Konstfibertak<\/div>\n<\/td>\n<\/tr>\n<tr>\n<th scope=\"row\">\n<div align=\"left\">Varunr.: S5<\/div>\n<\/th>\n<td>\n<div align=\"right\">Tak av sp\u00e5nskiva<\/div>\n<\/td>\n<\/tr>\n<tr>\n<th scope=\"row\">\n<div align=\"left\">Varunr.: S5K<\/div>\n<\/th>\n<td>\n<div align=\"right\">Tak av sp\u00e5nskiva med utluftningskammar och filter<\/div>\n<\/td>\n<\/tr>\n<\/tbody>\n<\/table>\n<p>\u00a0<\/p>\n<table border=\"1\" width=\"461\" bgcolor=\"#F8F8F8\">\n<tbody>\n<tr>\n<th scope=\"row\" width=\"80\">\n<div align=\"left\">Tons VF. 0,6<\/div>\n<\/th>\n<td width=\"38\">\n<div align=\"right\"><strong>M3<\/strong><\/div>\n<\/td>\n<td width=\"49\">\n<div align=\"right\"><strong>Total<br \/>\nh\u00f6jd<\/strong><\/div>\n<\/td>\n<td width=\"85\">\n<div align=\"right\"><strong>Silo varunr<br \/>\n1 rum<\/strong><\/div>\n<\/td>\n<td width=\"81\">\n<div align=\"right\"><strong>Silo varunr<br \/>\n2 rum<\/strong><\/div>\n<\/td>\n<td width=\"114\">\n<div align=\"right\"><strong>Indbl\u00e5sningss\u00e4t<br \/>\nvarunr.<\/strong>:<\/div>\n<\/td>\n<\/tr>\n<tr>\n<th scope=\"row\">\n<div align=\"left\">3,9<\/div>\n<\/th>\n<td>\n<div align=\"right\">6,5<\/div>\n<\/td>\n<td>\n<div align=\"right\">307<\/div>\n<\/td>\n<td>\n<div align=\"right\">5-3,9<\/div>\n<\/td>\n<td>\n<div align=\"right\">5-3,9S<\/div>\n<\/td>\n<td>\n<div align=\"right\">I5-3,9<\/div>\n<\/td>\n<\/tr>\n<tr>\n<th scope=\"row\">\n<div align=\"left\">5,4<\/div>\n<\/th>\n<td>\n<div align=\"right\">9,0<\/div>\n<\/td>\n<td>\n<div align=\"right\">370<\/div>\n<\/td>\n<td>\n<div align=\"right\">5-5,4<\/div>\n<\/td>\n<td>\n<div align=\"right\">5-5,4S<\/div>\n<\/td>\n<td>\n<div align=\"right\">I5-5,4<\/div>\n<\/td>\n<\/tr>\n<tr>\n<th scope=\"row\">\n<div align=\"left\">6,9<\/div>\n<\/th>\n<td>\n<div align=\"right\">11,5<\/div>\n<\/td>\n<td>\n<div align=\"right\">433<\/div>\n<\/td>\n<td>\n<div align=\"right\">5-6,9<\/div>\n<\/td>\n<td>\n<div align=\"right\">5-6,9S<\/div>\n<\/td>\n<td>\n<div align=\"right\">I5-6,9<\/div>\n<\/td>\n<\/tr>\n<tr>\n<th scope=\"row\">\n<div align=\"left\">8,4<\/div>\n<\/th>\n<td>\n<div align=\"right\">14,0<\/div>\n<\/td>\n<td>\n<div align=\"right\">496<\/div>\n<\/td>\n<td>\n<div align=\"right\">5-8,4<\/div>\n<\/td>\n<td>\n<div align=\"right\">5-8,4S<\/div>\n<\/td>\n<td>\n<div align=\"right\">I5-8,4<\/div>\n<\/td>\n<\/tr>\n<tr>\n<th scope=\"row\">\n<div align=\"left\">9,9<\/div>\n<\/th>\n<td>\n<div align=\"right\">16,5<\/div>\n<\/td>\n<td>\n<div align=\"right\">559<\/div>\n<\/td>\n<td>\n<div align=\"right\">5-9,9<\/div>\n<\/td>\n<td>\n<div align=\"right\">5-9,9S<\/div>\n<\/td>\n<td>\n<div align=\"right\">I5-9,9<\/div>\n<\/td>\n<\/tr>\n<tr>\n<th scope=\"row\">\n<div align=\"left\">11,4<\/div>\n<\/th>\n<td>\n<div align=\"right\">19,0<\/div>\n<\/td>\n<td>\n<div align=\"right\">622<\/div>\n<\/td>\n<td>\n<div align=\"right\">5-11,4<\/div>\n<\/td>\n<td>\n<div align=\"right\">5-11,4S<\/div>\n<\/td>\n<td>\n<div align=\"right\">I5-11,4<\/div>\n<\/td>\n<\/tr>\n<tr>\n<th scope=\"row\">\n<div align=\"left\">12,9<\/div>\n<\/th>\n<td>\n<div align=\"right\">21,5<\/div>\n<\/td>\n<td>\n<div align=\"right\">685<\/div>\n<\/td>\n<td>\n<div align=\"right\">5-12,9<\/div>\n<\/td>\n<td>\n<div align=\"right\">5-12,9S<\/div>\n<\/td>\n<td>\n<div align=\"right\">I5-12,9<\/div>\n<\/td>\n<\/tr>\n<\/tbody>\n<\/table>\n<p>\u00a0<\/p>","protected":false},"excerpt":{"rendered":"<p>Standard \u00f6verbyggningar Platsbehov 210x210cm Utlopp 45&#215;45 cm Frih\u00f6jd under utlopp 90 cm Lutningsgrad 49\u00b0 H\u00f6jd p\u00e5 St\u00e5lbotten 94 cm Inneh\u00e5ll i botten 1,5 m3 \u00a0 Varunr.: K5 Konstfibertak Varunr.: S5 Tak av sp\u00e5nskiva Varunr.: S5K Tak av sp\u00e5nskiva med utluftningskammar och filter \u00a0 Tons VF. 0,6 M3 Total h\u00f6jd Silo varunr 1 rum Silo varunr<\/p>\n","protected":false},"author":1,"featured_media":0,"parent":457,"menu_order":0,"comment_status":"closed","ping_status":"closed","template":"","meta":{"_monsterinsights_skip_tracking":false,"_monsterinsights_sitenote_active":false,"_monsterinsights_sitenote_note":"","_monsterinsights_sitenote_category":0,"footnotes":""},"class_list":["post-490","page","type-page","status-publish","hentry"],"yoast_head":"<!-- This site is optimized with the Yoast SEO plugin v27.5 - https:\/\/yoast.com\/product\/yoast-seo-wordpress\/ -->\n<title>Silo Typ 200\/49\u00b0 - Moseg\u00e5rd Silo A\/S<\/title>\n<meta name=\"robots\" content=\"index, follow, max-snippet:-1, max-image-preview:large, max-video-preview:-1\" \/>\n<link rel=\"canonical\" href=\"https:\/\/silo.dk\/siloer\/type-20049\/\" \/>\n<meta property=\"og:locale\" content=\"sv_SE\" \/>\n<meta property=\"og:type\" content=\"article\" \/>\n<meta property=\"og:title\" content=\"[:DA]Silo Type 200\/49\u00b0[:en]Silo \/ Bin Type 200\/49\u00b0 outlet 45 x 45 cm.[:de]Silo Type 200\/49\u00b0 Abgang 45 x 45 cm.[:sv]Silo Typ 200\/49\u00b0[:pl]Typ 200\/49\u00b0[:] - Moseg\u00e5rd Silo A\/S\" \/>\n<meta property=\"og:description\" content=\"Standard \u00f6verbyggningar Platsbehov 210x210cm Utlopp 45&#215;45 cm Frih\u00f6jd under utlopp 90 cm Lutningsgrad 49\u00b0 H\u00f6jd p\u00e5 St\u00e5lbotten 94 cm Inneh\u00e5ll i botten 1,5 m3 \u00a0 Varunr.: K5 Konstfibertak Varunr.: S5 Tak av sp\u00e5nskiva Varunr.: S5K Tak av sp\u00e5nskiva med utluftningskammar och filter \u00a0 Tons VF. 0,6 M3 Total h\u00f6jd Silo varunr 1 rum Silo varunr\" \/>\n<meta property=\"og:url\" content=\"https:\/\/silo.dk\/siloer\/type-20049\/\" \/>\n<meta property=\"og:site_name\" content=\"Moseg\u00e5rd Silo A\/S\" \/>\n<meta property=\"article:publisher\" content=\"https:\/\/www.facebook.com\/Oegendahls.Maskinfabrik\" \/>\n<meta property=\"article:modified_time\" content=\"2017-08-03T11:12:46+00:00\" \/>\n<meta property=\"og:image\" content=\"https:\/\/silo.dk\/wp-content\/uploads\/2015\/03\/side1-7-N.jpg\" \/>\n\t<meta property=\"og:image:width\" content=\"245\" \/>\n\t<meta property=\"og:image:height\" content=\"317\" \/>\n\t<meta property=\"og:image:type\" content=\"image\/jpeg\" \/>\n<meta name=\"twitter:card\" content=\"summary_large_image\" \/>\n<meta name=\"twitter:label1\" content=\"Ber\u00e4knad l\u00e4stid\" \/>\n\t<meta name=\"twitter:data1\" content=\"2 minuter\" \/>\n<script type=\"application\/ld+json\" class=\"yoast-schema-graph\">{\"@context\":\"https:\\\/\\\/schema.org\",\"@graph\":[{\"@type\":\"WebPage\",\"@id\":\"https:\\\/\\\/silo.dk\\\/siloer\\\/type-20049\\\/\",\"url\":\"https:\\\/\\\/silo.dk\\\/siloer\\\/type-20049\\\/\",\"name\":\"[:DA]Silo Type 200\\\/49\u00b0[:en]Silo \\\/ Bin Type 200\\\/49\u00b0 outlet 45 x 45 cm.[:de]Silo Type 200\\\/49\u00b0 Abgang 45 x 45 cm.[:sv]Silo Typ 200\\\/49\u00b0[:pl]Typ 200\\\/49\u00b0[:] - Moseg\u00e5rd Silo A\\\/S\",\"isPartOf\":{\"@id\":\"https:\\\/\\\/silo.dk\\\/#website\"},\"primaryImageOfPage\":{\"@id\":\"https:\\\/\\\/silo.dk\\\/siloer\\\/type-20049\\\/#primaryimage\"},\"image\":{\"@id\":\"https:\\\/\\\/silo.dk\\\/siloer\\\/type-20049\\\/#primaryimage\"},\"thumbnailUrl\":\"http:\\\/\\\/silo.dk\\\/wp-content\\\/uploads\\\/2015\\\/03\\\/side1-7-N-232x300.jpg\",\"datePublished\":\"2015-03-21T16:47:42+00:00\",\"dateModified\":\"2017-08-03T11:12:46+00:00\",\"breadcrumb\":{\"@id\":\"https:\\\/\\\/silo.dk\\\/siloer\\\/type-20049\\\/#breadcrumb\"},\"inLanguage\":\"sv-SE\",\"potentialAction\":[{\"@type\":\"ReadAction\",\"target\":[\"https:\\\/\\\/silo.dk\\\/siloer\\\/type-20049\\\/\"]}]},{\"@type\":\"ImageObject\",\"inLanguage\":\"sv-SE\",\"@id\":\"https:\\\/\\\/silo.dk\\\/siloer\\\/type-20049\\\/#primaryimage\",\"url\":\"http:\\\/\\\/silo.dk\\\/wp-content\\\/uploads\\\/2015\\\/03\\\/side1-7-N-232x300.jpg\",\"contentUrl\":\"http:\\\/\\\/silo.dk\\\/wp-content\\\/uploads\\\/2015\\\/03\\\/side1-7-N-232x300.jpg\"},{\"@type\":\"BreadcrumbList\",\"@id\":\"https:\\\/\\\/silo.dk\\\/siloer\\\/type-20049\\\/#breadcrumb\",\"itemListElement\":[{\"@type\":\"ListItem\",\"position\":1,\"name\":\"Home\",\"item\":\"https:\\\/\\\/silo.dk\\\/\"},{\"@type\":\"ListItem\",\"position\":2,\"name\":\"Silos\",\"item\":\"https:\\\/\\\/silo.dk\\\/en\\\/siloer\\\/\"},{\"@type\":\"ListItem\",\"position\":3,\"name\":\"Silo Type 200\\\/49\u00b0\"}]},{\"@type\":\"WebSite\",\"@id\":\"https:\\\/\\\/silo.dk\\\/#website\",\"url\":\"https:\\\/\\\/silo.dk\\\/\",\"name\":\"Moseg\u00e5rd Silo A\\\/S\",\"description\":\"Salg af siloer til det danske landbrug\",\"potentialAction\":[{\"@type\":\"SearchAction\",\"target\":{\"@type\":\"EntryPoint\",\"urlTemplate\":\"https:\\\/\\\/silo.dk\\\/?s={search_term_string}\"},\"query-input\":{\"@type\":\"PropertyValueSpecification\",\"valueRequired\":true,\"valueName\":\"search_term_string\"}}],\"inLanguage\":\"sv-SE\"}]}<\/script>\n<!-- \/ Yoast SEO plugin. -->","yoast_head_json":{"title":"[:DA]Silo Type 200\/49\u00b0[:en]Silo \/ Bin Type 200\/49\u00b0 outlet 45 x 45 cm.[:de]Silo Type 200\/49\u00b0 Abgang 45 x 45 cm.[:sv]Silo Typ 200\/49\u00b0[:pl]Typ 200\/49\u00b0[:] - Moseg\u00e5rd Silo A\/S","robots":{"index":"index","follow":"follow","max-snippet":"max-snippet:-1","max-image-preview":"max-image-preview:large","max-video-preview":"max-video-preview:-1"},"canonical":"https:\/\/silo.dk\/siloer\/type-20049\/","og_locale":"sv_SE","og_type":"article","og_title":"[:DA]Silo Type 200\/49\u00b0[:en]Silo \/ Bin Type 200\/49\u00b0 outlet 45 x 45 cm.[:de]Silo Type 200\/49\u00b0 Abgang 45 x 45 cm.[:sv]Silo Typ 200\/49\u00b0[:pl]Typ 200\/49\u00b0[:] - Moseg\u00e5rd Silo A\/S","og_description":"Standard \u00f6verbyggningar Platsbehov 210x210cm Utlopp 45&#215;45 cm Frih\u00f6jd under utlopp 90 cm Lutningsgrad 49\u00b0 H\u00f6jd p\u00e5 St\u00e5lbotten 94 cm Inneh\u00e5ll i botten 1,5 m3 \u00a0 Varunr.: K5 Konstfibertak Varunr.: S5 Tak av sp\u00e5nskiva Varunr.: S5K Tak av sp\u00e5nskiva med utluftningskammar och filter \u00a0 Tons VF. 0,6 M3 Total h\u00f6jd Silo varunr 1 rum Silo varunr","og_url":"https:\/\/silo.dk\/siloer\/type-20049\/","og_site_name":"Moseg\u00e5rd Silo A\/S","article_publisher":"https:\/\/www.facebook.com\/Oegendahls.Maskinfabrik","article_modified_time":"2017-08-03T11:12:46+00:00","og_image":[{"width":245,"height":317,"url":"https:\/\/silo.dk\/wp-content\/uploads\/2015\/03\/side1-7-N.jpg","type":"image\/jpeg"}],"twitter_card":"summary_large_image","twitter_misc":{"Ber\u00e4knad l\u00e4stid":"2 minuter"},"schema":{"@context":"https:\/\/schema.org","@graph":[{"@type":"WebPage","@id":"https:\/\/silo.dk\/siloer\/type-20049\/","url":"https:\/\/silo.dk\/siloer\/type-20049\/","name":"[:DA]Silo Type 200\/49\u00b0[:en]Silo \/ Bin Type 200\/49\u00b0 outlet 45 x 45 cm.[:de]Silo Type 200\/49\u00b0 Abgang 45 x 45 cm.[:sv]Silo Typ 200\/49\u00b0[:pl]Typ 200\/49\u00b0[:] - Moseg\u00e5rd Silo A\/S","isPartOf":{"@id":"https:\/\/silo.dk\/#website"},"primaryImageOfPage":{"@id":"https:\/\/silo.dk\/siloer\/type-20049\/#primaryimage"},"image":{"@id":"https:\/\/silo.dk\/siloer\/type-20049\/#primaryimage"},"thumbnailUrl":"http:\/\/silo.dk\/wp-content\/uploads\/2015\/03\/side1-7-N-232x300.jpg","datePublished":"2015-03-21T16:47:42+00:00","dateModified":"2017-08-03T11:12:46+00:00","breadcrumb":{"@id":"https:\/\/silo.dk\/siloer\/type-20049\/#breadcrumb"},"inLanguage":"sv-SE","potentialAction":[{"@type":"ReadAction","target":["https:\/\/silo.dk\/siloer\/type-20049\/"]}]},{"@type":"ImageObject","inLanguage":"sv-SE","@id":"https:\/\/silo.dk\/siloer\/type-20049\/#primaryimage","url":"http:\/\/silo.dk\/wp-content\/uploads\/2015\/03\/side1-7-N-232x300.jpg","contentUrl":"http:\/\/silo.dk\/wp-content\/uploads\/2015\/03\/side1-7-N-232x300.jpg"},{"@type":"BreadcrumbList","@id":"https:\/\/silo.dk\/siloer\/type-20049\/#breadcrumb","itemListElement":[{"@type":"ListItem","position":1,"name":"Home","item":"https:\/\/silo.dk\/"},{"@type":"ListItem","position":2,"name":"Silos","item":"https:\/\/silo.dk\/en\/siloer\/"},{"@type":"ListItem","position":3,"name":"Silo Type 200\/49\u00b0"}]},{"@type":"WebSite","@id":"https:\/\/silo.dk\/#website","url":"https:\/\/silo.dk\/","name":"Moseg\u00e5rd Silo A\/S","description":"Salg af siloer til det danske landbrug","potentialAction":[{"@type":"SearchAction","target":{"@type":"EntryPoint","urlTemplate":"https:\/\/silo.dk\/?s={search_term_string}"},"query-input":{"@type":"PropertyValueSpecification","valueRequired":true,"valueName":"search_term_string"}}],"inLanguage":"sv-SE"}]}},"_links":{"self":[{"href":"https:\/\/silo.dk\/sv\/wp-json\/wp\/v2\/pages\/490","targetHints":{"allow":["GET"]}}],"collection":[{"href":"https:\/\/silo.dk\/sv\/wp-json\/wp\/v2\/pages"}],"about":[{"href":"https:\/\/silo.dk\/sv\/wp-json\/wp\/v2\/types\/page"}],"author":[{"embeddable":true,"href":"https:\/\/silo.dk\/sv\/wp-json\/wp\/v2\/users\/1"}],"replies":[{"embeddable":true,"href":"https:\/\/silo.dk\/sv\/wp-json\/wp\/v2\/comments?post=490"}],"version-history":[{"count":13,"href":"https:\/\/silo.dk\/sv\/wp-json\/wp\/v2\/pages\/490\/revisions"}],"predecessor-version":[{"id":1728,"href":"https:\/\/silo.dk\/sv\/wp-json\/wp\/v2\/pages\/490\/revisions\/1728"}],"up":[{"embeddable":true,"href":"https:\/\/silo.dk\/sv\/wp-json\/wp\/v2\/pages\/457"}],"wp:attachment":[{"href":"https:\/\/silo.dk\/sv\/wp-json\/wp\/v2\/media?parent=490"}],"curies":[{"name":"wp","href":"https:\/\/api.w.org\/{rel}","templated":true}]}}